{"id":3,"date":"2023-04-25T23:12:29","date_gmt":"2023-04-25T23:12:29","guid":{"rendered":"https:\/\/wpayo.com\/es\/?page_id=3"},"modified":"2023-11-23T23:19:42","modified_gmt":"2023-11-23T23:19:42","slug":"confidencialidad","status":"publish","type":"page","link":"https:\/\/wpayo.com\/es\/confidencialidad\/","title":{"rendered":"Pol\u00edtica de confidencialidad"},"content":{"rendered":"\t\t<div data-elementor-type=\"wp-page\" data-elementor-id=\"3\" class=\"elementor elementor-3\" data-elementor-post-type=\"page\">\n\t\t\t\t\t\t<section class=\"elementor-section elementor-top-section elementor-element elementor-element-6fec2fe elementor-section-boxed elementor-section-height-default elementor-section-height-default\" data-id=\"6fec2fe\" data-element_type=\"section\">\n\t\t\t\t\t\t<div class=\"elementor-container elementor-column-gap-default\">\n\t\t\t\t\t<div class=\"elementor-column elementor-col-100 elementor-top-column elementor-element elementor-element-de4b656\" data-id=\"de4b656\" data-element_type=\"column\">\n\t\t\t<div class=\"elementor-widget-wrap elementor-element-populated\">\n\t\t\t\t\t\t<div class=\"elementor-element elementor-element-3dfbd11 elementor-widget elementor-widget-text-editor\" data-id=\"3dfbd11\" data-element_type=\"widget\" data-widget_type=\"text-editor.default\">\n\t\t\t\t<div class=\"elementor-widget-container\">\n\t\t\t<style>\/*! elementor - v3.23.0 - 05-08-2024 *\/\n.elementor-widget-text-editor.elementor-drop-cap-view-stacked .elementor-drop-cap{background-color:#69727d;color:#fff}.elementor-widget-text-editor.elementor-drop-cap-view-framed .elementor-drop-cap{color:#69727d;border:3px solid;background-color:transparent}.elementor-widget-text-editor:not(.elementor-drop-cap-view-default) .elementor-drop-cap{margin-top:8px}.elementor-widget-text-editor:not(.elementor-drop-cap-view-default) .elementor-drop-cap-letter{width:1em;height:1em}.elementor-widget-text-editor .elementor-drop-cap{float:left;text-align:center;line-height:1;font-size:50px}.elementor-widget-text-editor .elementor-drop-cap-letter{display:inline-block}<\/style>\t\t\t\t<div class=\"flex flex-grow flex-col max-w-full gap-3 gizmo:gap-0\"><div class=\"min-h-[20px] text-message peer flex flex-col items-start gap-3 whitespace-pre-wrap break-words peer-[.text-message]:mt-5 overflow-x-auto\" data-message-author-role=\"assistant\" data-message-id=\"2541e563-cef7-4a82-95a6-9a14f5baf673\"><div class=\"markdown prose w-full break-words dark:prose-invert dark\"><p>En WPayo.com, damos importancia a su privacidad y nos comprometemos a proteger su informaci\u00f3n personal. Esta pol\u00edtica de privacidad describe c\u00f3mo recopilamos, usamos y protegemos su informaci\u00f3n cuando utiliza nuestro sitio web y nuestros servicios.<\/p><p><strong>Informaci\u00f3n que recopilamos<\/strong><\/p><p>Recopilamos la informaci\u00f3n que proporciona voluntariamente cuando utiliza nuestro sitio web o nuestros servicios. Esto puede incluir su nombre, direcci\u00f3n de correo electr\u00f3nico, n\u00famero de tel\u00e9fono, direcci\u00f3n de facturaci\u00f3n, informaci\u00f3n de pago y otros detalles personales.<\/p><p>Tambi\u00e9n recopilamos informaci\u00f3n no personal, como su direcci\u00f3n IP, tipo de navegador, tipo de dispositivo y datos de uso del sitio web, mediante el uso de cookies y otras tecnolog\u00edas de seguimiento.<\/p><p><strong>C\u00f3mo utilizamos su informaci\u00f3n<\/strong><\/p><p>Utilizamos su informaci\u00f3n para proporcionar y mejorar nuestros servicios, procesar pagos, comunicarnos con usted y personalizar su experiencia en nuestro sitio web.<\/p><p>Tambi\u00e9n podemos utilizar su informaci\u00f3n para enviarle ofertas promocionales y actualizaciones sobre nuestros productos y servicios. Puede darse de baja de estas comunicaciones en cualquier momento siguiendo las instrucciones en la comunicaci\u00f3n o poni\u00e9ndose en contacto con nosotros directamente.<\/p><p><strong>C\u00f3mo protegemos su informaci\u00f3n<\/strong><\/p><p>Tomamos medidas adecuadas para proteger su informaci\u00f3n personal contra cualquier acceso, divulgaci\u00f3n o uso no autorizado. Utilizamos protocolos de seguridad y procedimientos est\u00e1ndar de la industria para garantizar la seguridad de su informaci\u00f3n.<\/p><p>Sin embargo, tenga en cuenta que ning\u00fan m\u00e9todo de transmisi\u00f3n por Internet o almacenamiento electr\u00f3nico es totalmente seguro, y no podemos garantizar la seguridad absoluta de su informaci\u00f3n.<\/p><p><strong>Compartir su informaci\u00f3n<\/strong><\/p><p>No vendemos, alquilamos ni compartimos su informaci\u00f3n personal con terceros, a menos que sea necesario para proporcionar nuestros servicios o lo exija la ley. Podemos compartir su informaci\u00f3n con nuestros proveedores de servicios de confianza, como procesadores de pagos y proveedores de alojamiento, que nos ayudan a ofrecer nuestros servicios.<\/p><p>Tambi\u00e9n podemos divulgar su informaci\u00f3n si creemos que es necesario cumplir con una obligaci\u00f3n legal o proteger nuestros derechos o los derechos de los dem\u00e1s.<\/p><p><strong>Enlaces a terceros<\/strong><\/p><p>Nuestro sitio web puede contener enlaces a sitios web o servicios de terceros. No nos hacemos responsables de las pr\u00e1cticas de privacidad o el contenido de estos sitios web o servicios de terceros. Le recomendamos que lea las pol\u00edticas de privacidad de estos sitios web y servicios antes de proporcionar informaci\u00f3n personal.<\/p><p><strong>Modificaciones a esta pol\u00edtica de privacidad<\/strong><\/p><p>Podemos actualizar esta pol\u00edtica de privacidad de vez en cuando para reflejar cambios en nuestro negocio u obligaciones legales. Le informaremos de cualquier cambio importante en esta pol\u00edtica de privacidad publicando un aviso en nuestro sitio web o por correo electr\u00f3nico.<\/p><p><strong>Cont\u00e1ctenos<\/strong><\/p><p>Si tiene preguntas o inquietudes sobre esta pol\u00edtica de privacidad o nuestras pr\u00e1cticas de informaci\u00f3n personal, cont\u00e1ctenos en la direcci\u00f3n <a href=\"mailto:support@wpayo.com\" target=\"_new\">support@wpayo.com<\/a>.<\/p><\/div><\/div><\/div>\t\t\t\t\t\t<\/div>\n\t\t\t\t<\/div>\n\t\t\t\t\t<\/div>\n\t\t<\/div>\n\t\t\t\t\t<\/div>\n\t\t<\/section>\n\t\t\t\t<\/div>\n\t\t","protected":false},"excerpt":{"rendered":"<p>En WPayo.com, damos importancia a su privacidad y nos comprometemos a proteger su informaci\u00f3n personal. Esta pol\u00edtica de privacidad describe c\u00f3mo recopilamos, [&hellip;]<\/p>\n","protected":false},"author":1,"featured_media":0,"parent":0,"menu_order":0,"comment_status":"closed","ping_status":"closed","template":"","meta":{"_acf_changed":false,"footnotes":""},"class_list":["post-3","page","type-page","status-publish","hentry"],"acf":[],"_links":{"self":[{"href":"https:\/\/wpayo.com\/es\/wp-json\/wp\/v2\/pages\/3","targetHints":{"allow":["GET"]}}],"collection":[{"href":"https:\/\/wpayo.com\/es\/wp-json\/wp\/v2\/pages"}],"about":[{"href":"https:\/\/wpayo.com\/es\/wp-json\/wp\/v2\/types\/page"}],"author":[{"embeddable":true,"href":"https:\/\/wpayo.com\/es\/wp-json\/wp\/v2\/users\/1"}],"replies":[{"embeddable":true,"href":"https:\/\/wpayo.com\/es\/wp-json\/wp\/v2\/comments?post=3"}],"version-history":[{"count":8,"href":"https:\/\/wpayo.com\/es\/wp-json\/wp\/v2\/pages\/3\/revisions"}],"predecessor-version":[{"id":3592,"href":"https:\/\/wpayo.com\/es\/wp-json\/wp\/v2\/pages\/3\/revisions\/3592"}],"wp:attachment":[{"href":"https:\/\/wpayo.com\/es\/wp-json\/wp\/v2\/media?parent=3"}],"curies":[{"name":"wp","href":"https:\/\/api.w.org\/{rel}","templated":true}]}}