{"id":563,"date":"2023-05-11T12:35:32","date_gmt":"2023-05-11T12:35:32","guid":{"rendered":"https:\/\/wpayo.com\/es\/?page_id=563"},"modified":"2023-11-23T22:44:10","modified_gmt":"2023-11-23T22:44:10","slug":"reembolso","status":"publish","type":"page","link":"https:\/\/wpayo.com\/es\/reembolso\/","title":{"rendered":"Condiciones de reembolso"},"content":{"rendered":"\t\t<div data-elementor-type=\"wp-page\" data-elementor-id=\"563\" class=\"elementor elementor-563\" data-elementor-post-type=\"page\">\n\t\t\t\t\t\t<section class=\"elementor-section elementor-top-section elementor-element elementor-element-780f4d44 elementor-section-boxed elementor-section-height-default elementor-section-height-default\" data-id=\"780f4d44\" data-element_type=\"section\">\n\t\t\t\t\t\t<div class=\"elementor-container elementor-column-gap-default\">\n\t\t\t\t\t<div class=\"elementor-column elementor-col-100 elementor-top-column elementor-element elementor-element-14f8af37\" data-id=\"14f8af37\" data-element_type=\"column\" data-settings=\"{&quot;background_background&quot;:&quot;classic&quot;}\">\n\t\t\t<div class=\"elementor-widget-wrap elementor-element-populated\">\n\t\t\t\t\t\t<div class=\"elementor-element elementor-element-6f853823 elementor-widget elementor-widget-text-editor\" data-id=\"6f853823\" data-element_type=\"widget\" data-widget_type=\"text-editor.default\">\n\t\t\t\t<div class=\"elementor-widget-container\">\n\t\t\t<style>\/*! elementor - v3.23.0 - 05-08-2024 *\/\n.elementor-widget-text-editor.elementor-drop-cap-view-stacked .elementor-drop-cap{background-color:#69727d;color:#fff}.elementor-widget-text-editor.elementor-drop-cap-view-framed .elementor-drop-cap{color:#69727d;border:3px solid;background-color:transparent}.elementor-widget-text-editor:not(.elementor-drop-cap-view-default) .elementor-drop-cap{margin-top:8px}.elementor-widget-text-editor:not(.elementor-drop-cap-view-default) .elementor-drop-cap-letter{width:1em;height:1em}.elementor-widget-text-editor .elementor-drop-cap{float:left;text-align:center;line-height:1;font-size:50px}.elementor-widget-text-editor .elementor-drop-cap-letter{display:inline-block}<\/style>\t\t\t\t<p>Respaldamos la calidad de nuestros plugins, y su satisfacci\u00f3n es importante para nosotros. Si experimenta problemas con los temas, estaremos encantados de reembolsarle completamente dentro de los 14 d\u00edas a partir de la fecha inicial de la actualizaci\u00f3n. \u00a1NINGUNA PREGUNTA HECHA! Aunque apreciar\u00edamos sus comentarios sobre nuestros plugins. [Lea los detalles a continuaci\u00f3n]<\/p>\t\t\t\t\t\t<\/div>\n\t\t\t\t<\/div>\n\t\t\t\t\t<\/div>\n\t\t<\/div>\n\t\t\t\t\t<\/div>\n\t\t<\/section>\n\t\t\t\t<section class=\"elementor-section elementor-top-section elementor-element elementor-element-bf4d3af elementor-section-boxed elementor-section-height-default elementor-section-height-default\" data-id=\"bf4d3af\" data-element_type=\"section\">\n\t\t\t\t\t\t<div class=\"elementor-container elementor-column-gap-default\">\n\t\t\t\t\t<div class=\"elementor-column elementor-col-100 elementor-top-column elementor-element elementor-element-bf692c5\" data-id=\"bf692c5\" data-element_type=\"column\">\n\t\t\t<div class=\"elementor-widget-wrap elementor-element-populated\">\n\t\t\t\t\t\t<div class=\"elementor-element elementor-element-e9f3925 elementor-widget elementor-widget-text-editor\" data-id=\"e9f3925\" data-element_type=\"widget\" data-widget_type=\"text-editor.default\">\n\t\t\t\t<div class=\"elementor-widget-container\">\n\t\t\t\t\t\t\t<div class=\"flex flex-grow flex-col max-w-full gap-3 gizmo:gap-0\">\n    <div class=\"min-h-[20px] text-message peer flex flex-col items-start gap-3 whitespace-pre-wrap break-words peer-[.text-message]:mt-5 overflow-x-auto\" data-message-author-role=\"assistant\" data-message-id=\"05e85074-aae4-40c5-813c-f1b4d0147d48\">\n        <div class=\"markdown prose w-full break-words dark:prose-invert dark\">\n            <h3>Pol\u00edtica de reembolso:<\/h3>\n            <p>Creemos firmemente en nuestros productos al 100%, pero entendemos que no pueden funcionar perfectamente para todos todo el tiempo. Si no est\u00e1 satisfecho con su compra o tiene un problema que no podemos resolver y que hace que el sistema sea inutilizable, estaremos encantados de considerar un reembolso.<\/p>\n\n            <p>Los reembolsos se ofrecer\u00e1n a nuestra entera discreci\u00f3n y deben cumplir con todas las condiciones siguientes integralmente:<\/p>\n            <ol>\n                <li>Est\u00e1 dentro de los primeros 14 d\u00edas de la compra de los plugins.<\/li>\n                <li>Su problema(s) proviene de no poder instalar correctamente el producto o de no poder hacer que realice sus funciones b\u00e1sicas.<\/li>\n                <li>Ha intentado resolver su problema(s) con nuestro equipo de soporte. No se otorgar\u00e1 ning\u00fan reembolso despu\u00e9s de los primeros 14 d\u00edas de la compra inicial.<\/li>\n            <\/ol>\n            \n            <p>Los problemas causados por plugins de terceros, temas u otro software no dar\u00e1n derecho a un reembolso.<\/p>\n\n            <p>Al comprar productos en nuestro sitio, acepta esta pol\u00edtica de reembolso y renuncia a cualquier derecho de someterla a preguntas, juicios o acciones legales.<\/p>\n\n            <h3>Pruebas gratuitas:<\/h3>\n            <p>Si se suscribe a una prueba con un m\u00e9todo de pago y cancela la prueba antes del procesamiento del primer pago, las funciones pagas del producto se desactivar\u00e1n.<\/p>\n\n            <p>Si se suscribe a una prueba sin m\u00e9todo de pago y la prueba vence, las funciones pagas del producto se desactivar\u00e1n. Si se suscribe a una prueba con un m\u00e9todo de pago, WPayo intentar\u00e1 enviarle un recordatorio por correo electr\u00f3nico 2 d\u00edas antes de que venza la prueba, d\u00e1ndole suficiente tiempo para cancelar la prueba.<\/p>\n\n            <p>Tal recordatorio ser\u00eda solo una cortes\u00eda y depender\u00e1 de su cliente de correo electr\u00f3nico, que eventualmente podr\u00eda terminar en su bandeja de spam, as\u00ed que no conf\u00ede \u00fanicamente en este correo electr\u00f3nico. Usted es el \u00fanico responsable de cualquier acci\u00f3n antes del vencimiento de la prueba. Simplemente a\u00f1\u00e1dase un recordatorio en su calendario.<\/p>\n\n            <p>Si se suscribe a una prueba sin m\u00e9todo de pago, WPayo intentar\u00e1 enviarle un recordatorio por correo electr\u00f3nico 2 d\u00edas antes de que venza la prueba, d\u00e1ndole la oportunidad de comprar un plan. Al igual que con la prueba con un m\u00e9todo de pago, tal recordatorio ser\u00eda solo una cortes\u00eda y depender\u00e1 de su cliente de correo electr\u00f3nico, que eventualmente podr\u00eda terminar en su bandeja de spam.<\/p>\n        <\/div>\n    <\/div>\n<\/div>\n\t\t\t\t\t\t<\/div>\n\t\t\t\t<\/div>\n\t\t\t\t\t<\/div>\n\t\t<\/div>\n\t\t\t\t\t<\/div>\n\t\t<\/section>\n\t\t\t\t<\/div>\n\t\t","protected":false},"excerpt":{"rendered":"<p>Respaldamos la calidad de nuestros plugins, y su satisfacci\u00f3n es importante para nosotros. Si experimenta problemas con los temas, estaremos encantados de [&hellip;]<\/p>\n","protected":false},"author":1,"featured_media":0,"parent":0,"menu_order":0,"comment_status":"closed","ping_status":"closed","template":"","meta":{"_acf_changed":false,"footnotes":""},"class_list":["post-563","page","type-page","status-publish","hentry"],"acf":[],"_links":{"self":[{"href":"https:\/\/wpayo.com\/es\/wp-json\/wp\/v2\/pages\/563","targetHints":{"allow":["GET"]}}],"collection":[{"href":"https:\/\/wpayo.com\/es\/wp-json\/wp\/v2\/pages"}],"about":[{"href":"https:\/\/wpayo.com\/es\/wp-json\/wp\/v2\/types\/page"}],"author":[{"embeddable":true,"href":"https:\/\/wpayo.com\/es\/wp-json\/wp\/v2\/users\/1"}],"replies":[{"embeddable":true,"href":"https:\/\/wpayo.com\/es\/wp-json\/wp\/v2\/comments?post=563"}],"version-history":[{"count":9,"href":"https:\/\/wpayo.com\/es\/wp-json\/wp\/v2\/pages\/563\/revisions"}],"predecessor-version":[{"id":3564,"href":"https:\/\/wpayo.com\/es\/wp-json\/wp\/v2\/pages\/563\/revisions\/3564"}],"wp:attachment":[{"href":"https:\/\/wpayo.com\/es\/wp-json\/wp\/v2\/media?parent=563"}],"curies":[{"name":"wp","href":"https:\/\/api.w.org\/{rel}","templated":true}]}}