{"id":828,"date":"2023-05-11T12:48:09","date_gmt":"2023-05-11T12:48:09","guid":{"rendered":"https:\/\/wpayo.com\/es\/?page_id=828"},"modified":"2023-11-23T22:48:54","modified_gmt":"2023-11-23T22:48:54","slug":"conditions-generales","status":"publish","type":"page","link":"https:\/\/wpayo.com\/es\/conditions-generales\/","title":{"rendered":"Condiciones Generales"},"content":{"rendered":"\t\t<div data-elementor-type=\"wp-page\" data-elementor-id=\"828\" class=\"elementor elementor-828\" data-elementor-post-type=\"page\">\n\t\t\t\t\t\t<section class=\"elementor-section elementor-top-section elementor-element elementor-element-9ddae43 elementor-section-boxed elementor-section-height-default elementor-section-height-default\" data-id=\"9ddae43\" data-element_type=\"section\">\n\t\t\t\t\t\t<div class=\"elementor-container elementor-column-gap-default\">\n\t\t\t\t\t<div class=\"elementor-column elementor-col-100 elementor-top-column elementor-element elementor-element-23e92e0\" data-id=\"23e92e0\" data-element_type=\"column\">\n\t\t\t<div class=\"elementor-widget-wrap elementor-element-populated\">\n\t\t\t\t\t\t<div class=\"elementor-element elementor-element-0880986 elementor-widget elementor-widget-text-editor\" data-id=\"0880986\" data-element_type=\"widget\" data-widget_type=\"text-editor.default\">\n\t\t\t\t<div class=\"elementor-widget-container\">\n\t\t\t<style>\/*! elementor - v3.23.0 - 05-08-2024 *\/\n.elementor-widget-text-editor.elementor-drop-cap-view-stacked .elementor-drop-cap{background-color:#69727d;color:#fff}.elementor-widget-text-editor.elementor-drop-cap-view-framed .elementor-drop-cap{color:#69727d;border:3px solid;background-color:transparent}.elementor-widget-text-editor:not(.elementor-drop-cap-view-default) .elementor-drop-cap{margin-top:8px}.elementor-widget-text-editor:not(.elementor-drop-cap-view-default) .elementor-drop-cap-letter{width:1em;height:1em}.elementor-widget-text-editor .elementor-drop-cap{float:left;text-align:center;line-height:1;font-size:50px}.elementor-widget-text-editor .elementor-drop-cap-letter{display:inline-block}<\/style>\t\t\t\t<ol><li>WPayo proporciona software y servicios web sujetos a los presentes T\u00e9rminos de Servicio (\u00abTdS\u00bb). Si no acepta los TdS, no debe utilizar el sitio web WPayo.com.<\/li><li><strong>Licencia del producto<\/strong><\/li><\/ol><p>Los plugins de WordPress creados por WPayo (\u00abWPayo\u00bb) est\u00e1n bajo la licencia GPL (<a href=\"http:\/\/www.gnu.org\/licenses\/gpl.html\" target=\"_blank\" rel=\"noopener\">Licencia P\u00fablica General de GNU<\/a>). Esto no significa que nuestros productos sean gratuitos. Los clientes deben comprar primero nuestros productos antes de poder usarlos en tantos sitios web como deseen. El soporte y las cuentas de cliente solo est\u00e1n disponibles para aquellos que compran nuestros productos.<\/p><ol start=\"3\"><li><strong>Compatibilidad de los productos<\/strong><\/li><\/ol><p>WPayo se compromete a mantener todos los plugins actualizados y compatibles con la \u00faltima versi\u00f3n de WordPress. Nuestros plugins est\u00e1n desarrollados para WordPress 4.5 o versiones posteriores, y cualquier versi\u00f3n anterior a eso puede tener problemas con algunas funciones del tema. No garantizamos que nuestros productos funcionen con otros plugins o desarrollos personalizados realizados por terceros.<\/p><ol start=\"4\"><li><strong>Pol\u00edtica de reembolso<\/strong><\/li><\/ol><p>Apoyamos la calidad de nuestros plugins, y su satisfacci\u00f3n es importante para nosotros. Si tiene problemas con los temas, estaremos encantados de proporcionar un reembolso completo dentro de los 14 d\u00edas posteriores a la fecha de compra inicial. \u00a1SIN PREGUNTAS! Aunque apreciar\u00edamos sus comentarios sobre nuestros plugins. [<a href=\"https:\/\/wpayo.com\/es\/reembolso\/\">Lea los detalles aqu\u00ed<\/a>]<\/p><ol start=\"5\"><li><strong>Soporte del producto<\/strong><\/li><\/ol><p>Los productos y dise\u00f1os de WPayo se proporcionan \u00abtal cual\u00bb, sin garant\u00eda impl\u00edcita de que funcionar\u00e1n exactamente como usted desea o con todos los componentes y plugins de terceros. Sin embargo, ofrecemos soporte por correo electr\u00f3nico moderado por nuestro equipo de representantes de soporte. El soporte no cubre la instalaci\u00f3n, personalizaci\u00f3n y\/o administraci\u00f3n de WordPress en s\u00ed.<\/p><ol start=\"6\"><li><strong>Actualizaciones del producto<\/strong><\/li><\/ol><p>Cada producto individual comprado a WPayo incluye actualizaciones gratuitas durante 12 meses a partir de la fecha de compra. Si los clientes contin\u00faan su suscripci\u00f3n anual despu\u00e9s de la expiraci\u00f3n del per\u00edodo de 12 meses, seguir\u00e1n recibiendo actualizaciones hasta la expiraci\u00f3n de la suscripci\u00f3n. No garantizamos que las actualizaciones del producto se realicen indefinidamente, pero WPayo hace todo lo posible por mejorar cada producto con el tiempo y asegurarse de que funcionen con la \u00faltima versi\u00f3n de WordPress. No podemos garantizar que nuestros plugins funcionen con versiones antiguas de WordPress (3.2 o anteriores).<\/p><ol start=\"7\"><li><strong>Modificaciones del software<\/strong><\/li><\/ol><p>Los clientes son libres de realizar modificaciones a nuestros productos para adaptarlos a sus necesidades. Esto incluye todos los archivos PHP, JavaScript, HTML y CSS distribuidos con nuestros productos. Sin embargo, una vez que se realizan modificaciones a nuestros productos, no se proporcionar\u00e1 soporte debido a las dificultades para solucionar problemas y depurar modificaciones personalizadas. Los clientes a\u00fan son libres de hacer preguntas en nuestro soporte, ya que otros clientes a\u00fan pueden estar dispuestos a ayudar.<\/p><ol start=\"8\"><li><strong>Cuentas de cliente<\/strong><\/li><\/ol><p>Los clientes deber\u00e1n crear una cuenta en WPayo al comprar uno de nuestros productos y\/o servicios. Son responsables de mantener la confidencialidad de su contrase\u00f1a y no se les permite compartir y\/o distribuir los detalles de inicio de sesi\u00f3n de su cuenta. Los clientes son completamente responsables de todas las actividades en su cuenta y aceptan notificar inmediatamente a WPayo de cualquier uso no autorizado de su cuenta o cualquier otra violaci\u00f3n de la seguridad. WPayo no ser\u00e1 responsable de ninguna p\u00e9rdida o da\u00f1o resultante del incumplimiento por parte del cliente de estos t\u00e9rminos. Tenga en cuenta que WPayo exige que todos los usuarios tengan m\u00e1s de 13 a\u00f1os para tener una cuenta de cliente.<\/p><ol start=\"9\"><li><strong>Terminaci\u00f3n y suspensi\u00f3n de cuenta<\/strong><\/li><\/ol><p>WPayo se reserva el derecho de suspender y\/o terminar cualquier cuenta de usuario sin previo aviso, a su sola discreci\u00f3n. No se proporcionar\u00e1 ning\u00fan reembolso a los clientes cuyas cuentas hayan sido terminadas. Ejemplos de motivos de terminaci\u00f3n incluyen: 1) Comportamiento abusivo y\/o negatividad excesiva hacia el personal de WPayo y\/o otros clientes de WPayo; 2) Declaraciones difamatorias, maliciosas y\/o falsas repetidas, incluyendo difamaci\u00f3n contra WPayo, y\/o intentos de disuadir a posibles clientes de comprar los productos de WPayo; 3) Promoci\u00f3n de productos competidores, contribuci\u00f3n a la pirater\u00eda de software, hacking, env\u00edo de spam u otros actos ilegales; 4) WPayo considera razonablemente que su cuenta ha sido comprometida, compartida con otros, o por otras razones de seguridad.<\/p><ol start=\"10\"><li><strong>Propiedad del software<\/strong><\/li><\/ol><p>Los clientes no pueden reclamar la propiedad intelectual o exclusiva de ninguno de nuestros productos, ya sea modificado o no. Todos los productos son propiedad de WPayo.<\/p><ol start=\"11\"><li><strong>Entrega del producto<\/strong><\/li><\/ol><p>Despu\u00e9s de recibir con \u00e9xito el pago del cliente, la informaci\u00f3n de inicio de sesi\u00f3n de la cuenta de cliente de WPayo se enviar\u00e1 por correo electr\u00f3nico a la direcci\u00f3n proporcionada durante el registro. Esto puede demorar hasta 30 minutos despu\u00e9s de la compra, pero generalmente ocurre en 5 a 10 minutos. Las compras con e-cheque tardan de 3 a 7 d\u00edas h\u00e1biles en liquidarse antes de que los clientes puedan acceder a la descarga de su compra. Si un cliente no desea esperar tanto tiempo, puede realizar su compra con tarjeta de cr\u00e9dito o PayPal.<\/p><ol start=\"12\"><li><strong>Cambios en precios\/productos<\/strong><\/li><\/ol><p>WPayo se reserva el derecho de modificar y\/o discontinuar un producto con o sin previo aviso. Adem\u00e1s, podemos agregar nuevos productos y\/o servicios con o sin previo aviso. Los precios de todos los productos est\u00e1n sujetos a cambios en cualquier momento mediante la publicaci\u00f3n de las modificaciones en el sitio web de WPayo.<\/p><ol start=\"13\"><li><strong>Reclamaciones de derechos de autor<\/strong><\/li><\/ol><p>WPayo respeta los derechos de propiedad intelectual. Para enviar una notificaci\u00f3n de infracci\u00f3n de derechos de autor a WPayo.com, env\u00ede la siguiente informaci\u00f3n (Reclamo de derechos de autor) a contact@WPayo.com.<\/p><ol start=\"14\"><li><strong>Uso comercial de nuestros bienes y servicios<\/strong><\/li><\/ol><p>Si utiliza nuestros servicios en nombre de una empresa, esta empresa acepta estos t\u00e9rminos. Mantendr\u00e1 indemne y eximir\u00e1 de responsabilidad a WPayo y sus filiales, directivos, agentes y empleados de cualquier reclamaci\u00f3n, demanda o acci\u00f3n derivada del uso de los bienes o servicios o de la violaci\u00f3n de estos t\u00e9rminos, incluidos los costos legales y honorarios de abogados resultantes de reclamaciones, p\u00e9rdidas, da\u00f1os, acciones legales y gastos.<\/p><ol start=\"15\"><li><strong>Garant\u00eda del producto<\/strong><\/li><\/ol><p>WPayo garantiza que nuestros productos proporcionar\u00e1n una funcionalidad comercialmente razonable con WordPress 3.2+, sin ning\u00fan plugin de WordPress instalado. Excepto por eso, WPayo no proporciona ninguna garant\u00eda.<\/p><p>A menos que se indique expresamente en estos t\u00e9rminos o t\u00e9rminos adicionales, ni WPayo ni sus proveedores o distribuidores hacen promesas espec\u00edficas sobre sus bienes o servicios. Por ejemplo, WPayo no asume ning\u00fan compromiso con respecto al contenido de los bienes o servicios, la funci\u00f3n espec\u00edfica de los bienes o servicios o su confiabilidad, disponibilidad o capacidad para satisfacer sus necesidades. Proporcionamos los bienes y servicios \u00abtal como est\u00e1n\u00bb.<\/p><p>Algunas jurisdicciones proporcionan ciertas garant\u00edas, como la garant\u00eda impl\u00edcita de comerciabilidad, idoneidad para un prop\u00f3sito particular y ausencia de infracci\u00f3n. En la medida permitida por la ley, excluimos todas las garant\u00edas.<\/p><ol start=\"16\"><li><strong>Responsabilidad por nuestros productos y servicios<\/strong><\/li><\/ol><p>En la medida permitida por la ley, WPayo y los proveedores y distribuidores de WPayo no ser\u00e1n responsables de las p\u00e9rdidas de beneficios, ingresos o datos, de las p\u00e9rdidas financieras ni de los da\u00f1os indirectos, especiales, consecuentes, ejemplares o punitivos.<\/p><p>En la medida permitida por la ley, la responsabilidad total de WPayo y de sus proveedores y distribuidores por cualquier reclamaci\u00f3n bajo estos t\u00e9rminos, incluida cualquier garant\u00eda impl\u00edcita, se limita al monto que usted pag\u00f3 a WPayo por el uso de los bienes y\/o servicios de WPayo.<\/p><p>En cualquier caso, WPayo y sus proveedores y distribuidores no ser\u00e1n responsables de ninguna p\u00e9rdida o da\u00f1o.<\/p>\t\t\t\t\t\t<\/div>\n\t\t\t\t<\/div>\n\t\t\t\t\t<\/div>\n\t\t<\/div>\n\t\t\t\t\t<\/div>\n\t\t<\/section>\n\t\t\t\t<\/div>\n\t\t","protected":false},"excerpt":{"rendered":"<p>WPayo proporciona software y servicios web sujetos a los presentes T\u00e9rminos de Servicio (\u00abTdS\u00bb). Si no acepta los TdS, no debe utilizar [&hellip;]<\/p>\n","protected":false},"author":1,"featured_media":0,"parent":0,"menu_order":0,"comment_status":"closed","ping_status":"closed","template":"","meta":{"_acf_changed":false,"footnotes":""},"class_list":["post-828","page","type-page","status-publish","hentry"],"acf":[],"_links":{"self":[{"href":"https:\/\/wpayo.com\/es\/wp-json\/wp\/v2\/pages\/828","targetHints":{"allow":["GET"]}}],"collection":[{"href":"https:\/\/wpayo.com\/es\/wp-json\/wp\/v2\/pages"}],"about":[{"href":"https:\/\/wpayo.com\/es\/wp-json\/wp\/v2\/types\/page"}],"author":[{"embeddable":true,"href":"https:\/\/wpayo.com\/es\/wp-json\/wp\/v2\/users\/1"}],"replies":[{"embeddable":true,"href":"https:\/\/wpayo.com\/es\/wp-json\/wp\/v2\/comments?post=828"}],"version-history":[{"count":11,"href":"https:\/\/wpayo.com\/es\/wp-json\/wp\/v2\/pages\/828\/revisions"}],"predecessor-version":[{"id":3569,"href":"https:\/\/wpayo.com\/es\/wp-json\/wp\/v2\/pages\/828\/revisions\/3569"}],"wp:attachment":[{"href":"https:\/\/wpayo.com\/es\/wp-json\/wp\/v2\/media?parent=828"}],"curies":[{"name":"wp","href":"https:\/\/api.w.org\/{rel}","templated":true}]}}