{"id":1866,"date":"2023-10-07T08:22:50","date_gmt":"2023-10-07T08:22:50","guid":{"rendered":"https:\/\/wpayo.com\/es\/?post_type=product&#038;p=1866"},"modified":"2023-12-06T12:32:18","modified_gmt":"2023-12-06T12:32:18","slug":"authorize-net-gateway-woocommerce","status":"publish","type":"product","link":"https:\/\/wpayo.com\/es\/paga-gateway\/authorize-net-gateway-woocommerce\/","title":{"rendered":"Authorize.Net Gateway &#8211; WooCommerce"},"content":{"rendered":"<div class=\"flex flex-grow flex-col max-w-full gap-3 gizmo:gap-0\">\n<div class=\"min-h-[20px] mensaje de texto par flex flex-col elementos-inicio espacio-3 espacios en blanco-pre-wrap ruptura-palabras par-[.text-message]:mt-5 desbordamiento-x- autom\u00e1tico\" data-message-author-role=\"asistente\" data-message-id=\"0dc03099-e3ca-44ef-b470-246cf2b9ff2e\">\n<div class=\"prosa rebajada con palabras de ruptura completas oscuras: prosa-invertida oscura\">\n<p>El complemento \u201cAuthorize.net Payment Gateways for WooCommerce\u201d se destaca por sus funciones poderosas y confiables, que integran perfectamente el procesamiento de pagos de Authorize.net en las tiendas en l\u00ednea impulsadas por WooCommerce. Estas son las caracter\u00edsticas principales e informaci\u00f3n adicional:<\/p>\n<h3>Funciones de Authorize.Net Pro para WooCommerce:<\/h3>\n<ol>\n<li><strong>Instalaci\u00f3n r\u00e1pida y sencilla:<\/strong>\n<ul>\n<li>El complemento se puede instalar con un solo clic.<\/li>\n<li>Despu\u00e9s de la instalaci\u00f3n, deber\u00e1 completar algunos campos para comenzar a aceptar pagos con tarjeta de cr\u00e9dito en su tienda en l\u00ednea.<\/li>\n<\/ul>\n<\/li>\n<li><strong>Procesamiento seguro de tarjetas de cr\u00e9dito:<\/strong>\n<ul>\n<li>Procese pagos con tarjeta de cr\u00e9dito de forma segura sin redirigir a los clientes a un sitio web externo.<\/li>\n<\/ul>\n<\/li>\n<li><strong>Reembolsos desde el Panel de control:<\/strong>\n<ul>\n<li>Procese f\u00e1cilmente reembolsos totales o parciales directamente desde su panel de WordPress.<\/li>\n<li>No es necesario buscar pedidos en su cuenta Authorize.Net.<\/li>\n<\/ul>\n<\/li>\n<li><strong>Autorizaci\u00f3n y Captura Diferida:<\/strong>\n<ul>\n<li>Opcionalmente, elija autorizar las transacciones primero y capturar los pagos m\u00e1s tarde, lo que brinda flexibilidad en el procesamiento de pagos.<\/li>\n<\/ul>\n<\/li>\n<li><strong>Restricciones del tipo de tarjeta:<\/strong>\n<ul>\n<li>Opcionalmente, restrinja tipos de tarjetas espec\u00edficos.<\/li>\n<li>El complemento ocultar\u00e1 \u00edconos irrelevantes y mostrar\u00e1 mensajes de error apropiados durante el pago.<\/li>\n<\/ul>\n<\/li>\n<li><strong>Recibos de puerta de enlace:<\/strong>\n<ul>\n<li>Opcionalmente, env\u00ede recibos directamente desde su cuenta comercial de Authorize.Net para mejorar la comunicaci\u00f3n con el cliente.<\/li>\n<\/ul>\n<\/li>\n<li><strong>Registro:<\/strong>\n<ul>\n<li>Habilite el registro para fines de depuraci\u00f3n.<\/li>\n<li>Ayuda a identificar y resolver cualquier problema potencial.<\/li>\n<\/ul>\n<\/li>\n<\/ol>\n<h3>Requisitos:<\/h3>\n<ul>\n<li>Cuenta <a href=\"https:\/\/www.authorize.net\/\" target=\"_new\" rel=\"noopener\">Authorize.Net<\/a> activa: reg\u00edstrese para obtener una <a target=\"_new\" rel=\"noopener\">aqu\u00ed<\/a> si necesita realizar una prueba.<\/li>\n<li><a href=\"https:\/\/woocommerce.com\/\" target=\"_new\" rel=\"noopener\">WooCommerce<\/a> versi\u00f3n 3.3.0 o posterior. WooCommerce Subscriptions 2.3.0 o posterior si necesita soporte para pagos recurrentes.<\/li>\n<li>Se requiere un certificado SSL v\u00e1lido para garantizar la seguridad de los datos de la tarjeta de cr\u00e9dito del cliente y hacer que su sitio cumpla con PCI DSS.<\/li>\n<li>El complemento no almacena n\u00fameros de tarjetas de cr\u00e9dito ni informaci\u00f3n confidencial del cliente en su sitio.<\/li>\n<\/ul>\n<h3>Descargo de responsabilidad:<\/h3>\n<p>Este complemento no est\u00e1 afiliado ni es compatible con <a href=\"http:\/\/authorize.net\/\" target=\"_new\" rel=\"noopener\">Authorize.Net<\/a>, <a href=\"http:\/ \/woocommerce.com\/\" target=\"_new\" rel=\"noopener\">WooCommerce.com<\/a>, o Automattic. Todos los logotipos y marcas comerciales son propiedad de sus respectivos due\u00f1os.<\/p>\n<\/div>\n<\/div>\n<\/div>\n","protected":false},"excerpt":{"rendered":"<p>Integrate Authorize.Net On WooCommerce Websites<\/p>\n","protected":false},"featured_media":1919,"comment_status":"open","ping_status":"closed","template":"","meta":{"_acf_changed":false},"product_cat":[47],"product_tag":[140],"class_list":{"0":"post-1866","1":"product","2":"type-product","3":"status-publish","4":"has-post-thumbnail","6":"product_cat-woocommerce","7":"product_tag-authorize-net","9":"first","10":"instock","11":"shipping-taxable","12":"purchasable","13":"product-type-simple"},"acf":[],"_links":{"self":[{"href":"https:\/\/wpayo.com\/es\/wp-json\/wp\/v2\/product\/1866","targetHints":{"allow":["GET"]}}],"collection":[{"href":"https:\/\/wpayo.com\/es\/wp-json\/wp\/v2\/product"}],"about":[{"href":"https:\/\/wpayo.com\/es\/wp-json\/wp\/v2\/types\/product"}],"replies":[{"embeddable":true,"href":"https:\/\/wpayo.com\/es\/wp-json\/wp\/v2\/comments?post=1866"}],"wp:featuredmedia":[{"embeddable":true,"href":"https:\/\/wpayo.com\/es\/wp-json\/wp\/v2\/media\/1919"}],"wp:attachment":[{"href":"https:\/\/wpayo.com\/es\/wp-json\/wp\/v2\/media?parent=1866"}],"wp:term":[{"taxonomy":"product_cat","embeddable":true,"href":"https:\/\/wpayo.com\/es\/wp-json\/wp\/v2\/product_cat?post=1866"},{"taxonomy":"product_tag","embeddable":true,"href":"https:\/\/wpayo.com\/es\/wp-json\/wp\/v2\/product_tag?post=1866"}],"curies":[{"name":"wp","href":"https:\/\/api.w.org\/{rel}","templated":true}]}}