{"id":1925,"date":"2023-10-08T09:50:44","date_gmt":"2023-10-08T09:50:44","guid":{"rendered":"https:\/\/wpayo.com\/es\/?post_type=product&#038;p=1925"},"modified":"2023-11-25T09:44:38","modified_gmt":"2023-11-25T09:44:38","slug":"instamojo-gateway-woocommerce","status":"publish","type":"product","link":"https:\/\/wpayo.com\/es\/paga-gateway\/instamojo-gateway-woocommerce\/","title":{"rendered":"Instamojo Gateway &#8211; WooCommerce"},"content":{"rendered":"<div class=\"flex flex-grow flex-col max-w-full gap-3 gizmo:gap-0\">\n<div class=\"min-h-[20px] mensaje de texto par flex flex-col elementos-inicio espacio-3 espacios en blanco-pre-wrap ruptura-palabras par-[.text-message]:mt-5 desbordamiento-x- autom\u00e1tico\" data-message-author-role=\"asistente\" data-message-id=\"cf30d9e8-7b27-4ec6-978c-8bf28f6b17b4\">\n<div class=\"prosa rebajada con palabras de ruptura completas oscuras: prosa-invertida oscura\">\n<p><strong>Instamojo Gateway para WooCommerce<\/strong> es la soluci\u00f3n definitiva para integrar perfectamente pagos en su tienda en l\u00ednea con WordPress. Mejore su negocio con la pasarela de pago confiable de Instamojo, que ofrece transacciones seguras y opciones de pago vers\u00e1tiles.<\/p>\n<h3>Funciones de Instamojo para WooCommerce:<\/h3>\n<ol>\n<li><strong>Procesamiento de pagos optimizado:<\/strong>\n<ul>\n<li>Acepte pagos f\u00e1cilmente a trav\u00e9s de la s\u00f3lida pasarela de Instamojo, que admite una amplia gama de m\u00e9todos de pago.<\/li>\n<\/ul>\n<\/li>\n<li><strong>Soporte para m\u00faltiples monedas:<\/strong>\n<ul>\n<li>Realice transacciones internacionales con facilidad ofreciendo m\u00faltiples opciones de divisas.<\/li>\n<\/ul>\n<\/li>\n<li><strong>Interfaz f\u00e1cil de usar:<\/strong>\n<ul>\n<li>Un panel f\u00e1cil de usar facilita la gesti\u00f3n de pagos y transacciones.<\/li>\n<\/ul>\n<\/li>\n<li><strong>Experiencia de pago perfecta:<\/strong>\n<ul>\n<li>Mejore la satisfacci\u00f3n del cliente con un proceso de pago sin fricciones.<\/li>\n<\/ul>\n<\/li>\n<li><strong>Monitoreo de transacciones en tiempo real:<\/strong>\n<ul>\n<li>Mant\u00e9ngase informado con notificaciones instant\u00e1neas de transacciones e informes detallados.<\/li>\n<\/ul>\n<\/li>\n<li><strong>Reembolsos f\u00e1ciles:<\/strong>\n<ul>\n<li>Administre f\u00e1cilmente los reembolsos y garantice la satisfacci\u00f3n del cliente.<\/li>\n<\/ul>\n<\/li>\n<\/ol>\n<h3>C\u00f3mo instalar y utilizar:<\/h3>\n<ol>\n<li><strong>Instalaci\u00f3n:<\/strong>\n<ul>\n<li>Descarga el complemento desde tu panel de WordPress o desde el <a href=\"https:\/\/www.instamojo.com\/\" target=\"_new\" rel=\"noopener\">sitio web de Instamojo<\/a>. <\/li >\n<li>Descarga y activa el complemento.<\/li>\n<li>Configure los detalles de su cuenta Instamojo en la configuraci\u00f3n de WooCommerce.<\/li>\n<\/ul>\n<\/li>\n<li><strong>Configuraci\u00f3n:<\/strong>\n<ul>\n<li>Vaya a WooCommerce &gt; Configuraci\u00f3n > Pagos.<\/li>\n<li>Activa la pasarela de pago Instamojo.<\/li>\n<li>Ingrese su clave API y otros detalles requeridos.<\/li>\n<\/ul>\n<\/li>\n<li><strong>Uso:<\/strong>\n<ul>\n<li>Los clientes ahora pueden seleccionar Instamojo como opci\u00f3n de pago durante el pago.<\/li>\n<li>Realice transacciones de forma segura y sencilla.<\/li>\n<\/ul>\n<\/li>\n<\/ol>\n<h3>Requisitos:<\/h3>\n<ul>\n<li>Cuenta <a href=\"https:\/\/www.instamojo.com\/\" target=\"_new\" rel=\"noopener\">Instamojo activo<\/a>: reg\u00edstrese para obtener una cuenta sandbox <a href=\"https:\/\/support.instamojo.com\/hc\/en-us\/articles\/208485675-Test-or-Sandbox-Account\" target=\"_new\" rel=\"noopener\">aqu\u00ed<\/a> si necesita realizar una prueba.< \/li>\n<li><a href=\"https:\/\/woocommerce.com\/\" target=\"_new\" rel=\"noopener\">WooCommerce<\/a> versi\u00f3n 3.3.0 o posterior. WooCommerce Subscriptions 2.3.0 o posterior si necesita soporte para pagos recurrentes.<\/li>\n<li>Se requiere un certificado SSL v\u00e1lido para garantizar la seguridad de los datos de la tarjeta de cr\u00e9dito de su cliente y hacer que su sitio sea compatible con PCI DSS.<\/li>\n<li>Este complemento no almacena n\u00fameros de tarjetas de cr\u00e9dito ni informaci\u00f3n confidencial del cliente en su sitio.<\/li>\n<\/ul>\n<h3>Descargo de responsabilidad:<\/h3>\n<p>Tenga en cuenta que este sitio no procesa ninguna transacci\u00f3n directamente. Sirve como plataforma para conectar su tienda WooCommerce a la pasarela de pago de Instamojo. Todas las transacciones se procesan de forma segura en la plataforma Instamojo, lo que garantiza el m\u00e1s alto nivel de seguridad y cumplimiento.<\/p>\n<\/div>\n<\/div>\n<\/div>\n","protected":false},"excerpt":{"rendered":"<p>Integrate Instamojo Gateway for WooCommerce<\/p>\n","protected":false},"featured_media":1928,"comment_status":"open","ping_status":"closed","template":"","meta":{"_acf_changed":false},"product_cat":[47],"product_tag":[210],"class_list":{"0":"post-1925","1":"product","2":"type-product","3":"status-publish","4":"has-post-thumbnail","6":"product_cat-woocommerce","7":"product_tag-instamojo","9":"first","10":"instock","11":"shipping-taxable","12":"purchasable","13":"product-type-simple"},"acf":[],"_links":{"self":[{"href":"https:\/\/wpayo.com\/es\/wp-json\/wp\/v2\/product\/1925","targetHints":{"allow":["GET"]}}],"collection":[{"href":"https:\/\/wpayo.com\/es\/wp-json\/wp\/v2\/product"}],"about":[{"href":"https:\/\/wpayo.com\/es\/wp-json\/wp\/v2\/types\/product"}],"replies":[{"embeddable":true,"href":"https:\/\/wpayo.com\/es\/wp-json\/wp\/v2\/comments?post=1925"}],"wp:featuredmedia":[{"embeddable":true,"href":"https:\/\/wpayo.com\/es\/wp-json\/wp\/v2\/media\/1928"}],"wp:attachment":[{"href":"https:\/\/wpayo.com\/es\/wp-json\/wp\/v2\/media?parent=1925"}],"wp:term":[{"taxonomy":"product_cat","embeddable":true,"href":"https:\/\/wpayo.com\/es\/wp-json\/wp\/v2\/product_cat?post=1925"},{"taxonomy":"product_tag","embeddable":true,"href":"https:\/\/wpayo.com\/es\/wp-json\/wp\/v2\/product_tag?post=1925"}],"curies":[{"name":"wp","href":"https:\/\/api.w.org\/{rel}","templated":true}]}}