{"id":1954,"date":"2023-10-10T08:50:00","date_gmt":"2023-10-10T08:50:00","guid":{"rendered":"https:\/\/wpayo.com\/es\/?post_type=product&#038;p=1954"},"modified":"2023-11-25T10:00:43","modified_gmt":"2023-11-25T10:00:43","slug":"authorize-net-gateway-ninja-forms","status":"publish","type":"product","link":"https:\/\/wpayo.com\/es\/paga-gateway\/authorize-net-gateway-ninja-forms\/","title":{"rendered":"Authorize.Net Gateway &#8211; Ninja Forms"},"content":{"rendered":"<p>Transforme su sitio de WordPress en una potencia para transacciones en l\u00ednea seguras y eficientes con la <strong>pasarela de pago Authorize.Net para Ninja Forms<\/strong>. Este robusto complemento integra a la perfecci\u00f3n las reconocidas capacidades de procesamiento de pagos de Authorize.Net con la flexibilidad de Ninja Forms, lo que le permite crear formularios de pago din\u00e1micos y f\u00e1ciles de usar. Ya sea que administre una tienda de comercio electr\u00f3nico, acepte donaciones u ofrezca servicios en l\u00ednea, nuestro complemento facilita el cobro de pagos.<\/p>\n<h2><strong>Caracter\u00edsticas clave:<\/strong><\/h2>\n<ol>\n<li><strong>Transacciones seguras:<\/strong> Descanse tranquilo sabiendo que la informaci\u00f3n de pago de sus clientes est\u00e1 protegida por las funciones de seguridad l\u00edderes en la industria de Authorize.Net.<\/li>\n<li><strong>Integraci\u00f3n sencilla:<\/strong> Integre Authorize.Net en sus Ninja Forms sin conocimientos de programaci\u00f3n. \u00a1Empiece r\u00e1pidamente!<\/li>\n<li><strong>Formularios personalizables:<\/strong> Dise\u00f1e formularios de pago adaptados a sus necesidades espec\u00edficas. Elija entre una variedad de campos y opciones para crear una experiencia de pago personalizada.<\/li>\n<li><strong>Pagos recurrentes:<\/strong> configure f\u00e1cilmente servicios basados \u200b\u200ben suscripci\u00f3n. Los pagos recurrentes son muy sencillos con nuestro complemento.<\/li>\n<li><strong>Soporte multidivisa:<\/strong> ampl\u00ede su alcance global aceptando pagos en varias monedas, lo que facilita las transacciones con clientes internacionales.<\/li>\n<li><strong>Informes detallados:<\/strong> realice un seguimiento de sus transacciones financieras con funciones integrales de informes que lo ayudar\u00e1n a mantenerse organizado.<\/li>\n<\/ol>\n<div class=\"cl-preview-section\">\n<h3><strong>C\u00f3mo instalar y utilizar:<\/strong><\/h3>\n<ol>\n<li><strong>Instalaci\u00f3n<\/strong>:\n<ul>\n<li>Descarga el complemento desde tu panel de WordPress<\/li>\n<li>Cargue y active el complemento.<\/li>\n<li>Configure los detalles de su cuenta Authorize.Net en la configuraci\u00f3n de Ninja Forms.<\/li>\n<\/ul>\n<\/li>\n<li><strong>Configuraci\u00f3n<\/strong>:\n<ul>\n<li>Ir a Descargas &gt; Configuraci\u00f3n > Pasarelas de pago.<\/li>\n<li>Habilite la pasarela de pago Authorize.Net.<\/li>\n<li>Ingrese sus credenciales de API y otros detalles necesarios.<\/li>\n<\/ul>\n<\/li>\n<li><strong>Uso<\/strong>:\n<ul>\n<li>Los clientes ahora pueden elegir Authorize.Net como su m\u00e9todo de pago preferido durante el proceso de pago.<\/li>\n<li>Disfrute de un procesamiento de transacciones seguro y eficiente para sus productos digitales.<\/li>\n<\/ul>\n<\/li>\n<\/ol>\n<h4 id=\"requisitos\">Requisitos;<\/h4>\n<\/div>\n<div class=\"cl-preview-section\">\n<ul>\n<li>Cuenta activa en <a href=\"https:\/\/www.authorize.net\" target=\"_blank\" rel=\"noopener\">www.authorize.net\/<\/a>: reg\u00edstrese para obtener una cuenta sandbox si necesita realizar pruebas. <\/li>\n<li><strong>Complemento de formularios Ninja<\/strong><\/li>\n<li>Se requiere un certificado SSL v\u00e1lido para mantener seguros los datos de la tarjeta de cr\u00e9dito de su cliente y hacer que su sitio sea compatible con PCI DSS.<\/li>\n<li>Este complemento no almacena n\u00fameros de tarjetas de cr\u00e9dito ni informaci\u00f3n confidencial del cliente en su sitio.<\/li>\n<\/ul>\n<\/div>\n<div class=\"cl-preview-section\">\n<p><strong>Descargo de responsabilidad:<\/strong><\/p>\n<p>Tenga en cuenta que este sitio no procesa transacciones directamente. Act\u00faa como un puente para conectar sin problemas sus Ninja Forms a la pasarela de pago confiable de Authorize.Net. Todas las transacciones se procesan de forma segura en la plataforma Authorize.Net, lo que garantiza los m\u00e1s altos niveles de seguridad y cumplimiento.<\/p>\n<\/div>\n","protected":false},"excerpt":{"rendered":"<p>Integrate Authorize.Net On Ninja Forms.<\/p>\n","protected":false},"featured_media":1955,"comment_status":"open","ping_status":"closed","template":"","meta":{"_acf_changed":false},"product_cat":[52],"product_tag":[140],"class_list":{"0":"post-1954","1":"product","2":"type-product","3":"status-publish","4":"has-post-thumbnail","6":"product_cat-ninja-forms","7":"product_tag-authorize-net","9":"first","10":"instock","11":"shipping-taxable","12":"purchasable","13":"product-type-simple"},"acf":[],"_links":{"self":[{"href":"https:\/\/wpayo.com\/es\/wp-json\/wp\/v2\/product\/1954","targetHints":{"allow":["GET"]}}],"collection":[{"href":"https:\/\/wpayo.com\/es\/wp-json\/wp\/v2\/product"}],"about":[{"href":"https:\/\/wpayo.com\/es\/wp-json\/wp\/v2\/types\/product"}],"replies":[{"embeddable":true,"href":"https:\/\/wpayo.com\/es\/wp-json\/wp\/v2\/comments?post=1954"}],"wp:featuredmedia":[{"embeddable":true,"href":"https:\/\/wpayo.com\/es\/wp-json\/wp\/v2\/media\/1955"}],"wp:attachment":[{"href":"https:\/\/wpayo.com\/es\/wp-json\/wp\/v2\/media?parent=1954"}],"wp:term":[{"taxonomy":"product_cat","embeddable":true,"href":"https:\/\/wpayo.com\/es\/wp-json\/wp\/v2\/product_cat?post=1954"},{"taxonomy":"product_tag","embeddable":true,"href":"https:\/\/wpayo.com\/es\/wp-json\/wp\/v2\/product_tag?post=1954"}],"curies":[{"name":"wp","href":"https:\/\/api.w.org\/{rel}","templated":true}]}}