{"id":1958,"date":"2023-10-10T08:58:22","date_gmt":"2023-10-10T08:58:22","guid":{"rendered":"https:\/\/wpayo.com\/es\/?post_type=product&#038;p=1958"},"modified":"2023-11-25T10:00:09","modified_gmt":"2023-11-25T10:00:09","slug":"authorize-net-gateway-events-manager-pro","status":"publish","type":"product","link":"https:\/\/wpayo.com\/es\/paga-gateway\/authorize-net-gateway-events-manager-pro\/","title":{"rendered":"Authorize.Net Gateway &#8211; Events Manager Pro"},"content":{"rendered":"<p>Facilite el registro de eventos y la venta de entradas con <strong>Authorize.Net Gateway for Events Manager Pro<\/strong>. Este poderoso complemento integra a la perfecci\u00f3n la popular pasarela de pago Authorize.Net en el complemento Events Manager Pro, mejorando sus capacidades de gesti\u00f3n de eventos. Ya sea que organices conferencias, conciertos, talleres o cualquier otro tipo de evento, nuestro complemento garantiza un proceso de pago seguro y eficiente para ti y tus participantes.<\/p>\n<h3><strong>Caracter\u00edsticas clave:<\/strong><\/h3>\n<ol>\n<li><strong>Integraci\u00f3n perfecta:<\/strong> Integre f\u00e1cilmente Authorize.Net en su configuraci\u00f3n de Events Manager Pro. No se requieren conocimientos t\u00e9cnicos: \u00a1comience a aceptar pagos en minutos!<\/li>\n<li><strong>Pagos seguros:<\/strong> Descanse tranquilo sabiendo que todas las transacciones de pago est\u00e1n protegidas por las s\u00f3lidas medidas de seguridad de Authorize.Net, salvaguardando la informaci\u00f3n confidencial de sus clientes.<\/li>\n<li><strong>Formularios de reserva personalizables:<\/strong> cree formularios de reserva de eventos personalizados para recopilar informaci\u00f3n esencial de los asistentes. Configure f\u00e1cilmente campos y opciones para que coincidan con los requisitos \u00fanicos de su evento.<\/li>\n<li><strong>Opciones de venta de entradas flexibles:<\/strong> ofrezca diferentes tipos de entradas, como descuentos por reserva anticipada, paquetes VIP y precios para grupos, para atraer a una amplia gama de asistentes.<\/li >\n<li><strong>Soporte multidivisa:<\/strong> ampl\u00ede el alcance de su evento aceptando pagos en m\u00faltiples monedas, brindando comodidad a los asistentes internacionales.<\/li>\n<li><strong>Confirmaci\u00f3n autom\u00e1tica:<\/strong> simplifique la gesti\u00f3n de eventos con confirmaciones de reserva y emisi\u00f3n de entradas autom\u00e1ticas, lo que le permitir\u00e1 ahorrar tiempo y garantizar que los asistentes reciban sus entradas r\u00e1pidamente.<\/li >\n<\/ol>\n<h3><strong>\u00bfPor qu\u00e9 elegir Authorize.Net Gateway para Events Manager Pro?<\/strong><\/h3>\n<ul>\n<li><strong>Confiabilidad:<\/strong> Authorize.Net es un nombre confiable en el procesamiento de pagos en l\u00ednea, reconocido por su confiabilidad y seguridad. Los pagos de tu evento est\u00e1n en buenas manos.<\/li>\n<li><strong>Gesti\u00f3n de eventos mejorada:<\/strong> simplifique el proceso de planificaci\u00f3n de eventos, desde la venta de entradas hasta el seguimiento de los asistentes, utilizando la poderosa combinaci\u00f3n de Events Manager Pro y Authorize.Net.<\/ li>\n<li><strong>F\u00e1cil de usar:<\/strong> Nuestro complemento est\u00e1 dise\u00f1ado para ser f\u00e1cil de usar, lo que garantiza que incluso los organizadores de eventos con conocimientos t\u00e9cnicos limitados puedan configurar y administrar pagos sin esfuerzo.<\/li>\n<li><strong>Soporte dedicado:<\/strong> Si tiene alguna pregunta o problema, nuestro equipo de soporte est\u00e1 aqu\u00ed para brindarle asistencia inmediata y garantizar que su evento se desarrolle sin problemas.<\/li>\n<\/ul>\n<p><strong>Empiece hoy:<\/strong> mejore sus capacidades de gesti\u00f3n de eventos y ofrezca una experiencia de reserva perfecta a sus asistentes. Descargue Authorize.Net Gateway para Events Manager Pro ahora para agilizar la venta de entradas y el proceso de registro de eventos.<\/p>\n<p>No pierda el potencial de ingresos de su evento y la satisfacci\u00f3n de los asistentes. Con Authorize.Net Gateway for Events Manager Pro, est\u00e1 a solo unos clics de hacer que su evento sea un \u00e9xito.<\/p>\n<p>\u00bfListo para llevar la gesti\u00f3n de su evento al siguiente nivel? Descargue nuestro complemento hoy y garantice una experiencia de pago sin complicaciones para sus asistentes.<\/p>\n<h4 id=\"requisitos\">Requisitos<\/h4>\n<div class=\"cl-preview-section\">\n<ul>\n<li>Cuenta activa en <a href=\"https:\/\/www.authorize.net\" target=\"_blank\" rel=\"noopener\">www.authorize.net\/<\/a>: reg\u00edstrese para obtener una cuenta sandbox si necesita realizar pruebas. <\/li>\n<li><strong>Complemento Pro del Administrador de eventos<\/strong><\/li>\n<li>Se requiere un certificado SSL v\u00e1lido para mantener seguros los datos de la tarjeta de cr\u00e9dito de su cliente y hacer que su sitio sea compatible con PCI DSS.<\/li>\n<li>Este complemento no almacena n\u00fameros de tarjetas de cr\u00e9dito ni informaci\u00f3n confidencial del cliente en su sitio.<\/li>\n<\/ul>\n<\/div>\n<div class=\"cl-preview-section\"><strong>Descargo de responsabilidad:<\/strong>Tenga en cuenta que este sitio no procesa transacciones directamente. Act\u00faa como un puente para conectar sin problemas su Events Manager Pro a la pasarela de pago confiable de Authorize.Net. Todas las transacciones se procesan de forma segura en la plataforma Authorize.Net, lo que garantiza los m\u00e1s altos niveles de seguridad y cumplimiento.<\/p>\n<\/div>\n","protected":false},"excerpt":{"rendered":"<p>Integrate Authorize.Net On Ninja Forms.<\/p>\n","protected":false},"featured_media":1960,"comment_status":"open","ping_status":"closed","template":"","meta":{"_acf_changed":false},"product_cat":[116],"product_tag":[140],"class_list":{"0":"post-1958","1":"product","2":"type-product","3":"status-publish","4":"has-post-thumbnail","6":"product_cat-events-manager-pro","7":"product_tag-authorize-net","9":"first","10":"instock","11":"shipping-taxable","12":"purchasable","13":"product-type-simple"},"acf":[],"_links":{"self":[{"href":"https:\/\/wpayo.com\/es\/wp-json\/wp\/v2\/product\/1958","targetHints":{"allow":["GET"]}}],"collection":[{"href":"https:\/\/wpayo.com\/es\/wp-json\/wp\/v2\/product"}],"about":[{"href":"https:\/\/wpayo.com\/es\/wp-json\/wp\/v2\/types\/product"}],"replies":[{"embeddable":true,"href":"https:\/\/wpayo.com\/es\/wp-json\/wp\/v2\/comments?post=1958"}],"wp:featuredmedia":[{"embeddable":true,"href":"https:\/\/wpayo.com\/es\/wp-json\/wp\/v2\/media\/1960"}],"wp:attachment":[{"href":"https:\/\/wpayo.com\/es\/wp-json\/wp\/v2\/media?parent=1958"}],"wp:term":[{"taxonomy":"product_cat","embeddable":true,"href":"https:\/\/wpayo.com\/es\/wp-json\/wp\/v2\/product_cat?post=1958"},{"taxonomy":"product_tag","embeddable":true,"href":"https:\/\/wpayo.com\/es\/wp-json\/wp\/v2\/product_tag?post=1958"}],"curies":[{"name":"wp","href":"https:\/\/api.w.org\/{rel}","templated":true}]}}