{"id":1961,"date":"2023-10-10T13:19:12","date_gmt":"2023-10-10T13:19:12","guid":{"rendered":"https:\/\/wpayo.com\/es\/?post_type=product&#038;p=1961"},"modified":"2023-11-25T10:00:24","modified_gmt":"2023-11-25T10:00:24","slug":"authorize-net-gateway-membership-pro","status":"publish","type":"product","link":"https:\/\/wpayo.com\/es\/paga-gateway\/authorize-net-gateway-membership-pro\/","title":{"rendered":"Authorize.Net Gateway &#8211; Membership Pro"},"content":{"rendered":"<p>Mejore su sitio de membres\u00eda con <strong>Authorize.Net Gateway to Membership Pro<\/strong>. Este s\u00f3lido complemento integra a la perfecci\u00f3n las poderosas capacidades de procesamiento de pagos de Authorize.Net en su configuraci\u00f3n de Membership Pro, lo que facilita la administraci\u00f3n y monetizaci\u00f3n de su comunidad de miembros. Ya sea que ejecute una plataforma basada en suscripci\u00f3n, un sitio de cursos en l\u00ednea o un centro de contenido premium, nuestro complemento garantiza un procesamiento de pagos seguro y eficiente, tanto para usted como para sus miembros.<\/p>\n<h3><strong>Caracter\u00edsticas clave:<\/strong><\/h3>\n<ol>\n<li><strong>Integraci\u00f3n sin esfuerzo:<\/strong> Integre perfectamente Authorize.Net en su marco Membership Pro sin necesidad de codificaci\u00f3n compleja. Comience a cobrar los pagos de membres\u00eda en minutos.<\/li>\n<li><strong>La mejor seguridad de su clase:<\/strong> Tenga la seguridad de que todas las transacciones de pago est\u00e1n protegidas por las funciones de seguridad l\u00edderes en la industria de Authorize.Net, lo que garantiza que los datos confidenciales de sus miembros est\u00e9n protegidos.\n<li> \/li>\n<li><strong>Planes de pago personalizables:<\/strong> cree planes de membres\u00eda personalizados con opciones de precios flexibles, incluidas pruebas, descuentos y facturaci\u00f3n recurrente, para adaptarse a su base de miembros diversos.<\/li>\n<li><strong>Soporte multidivisa:<\/strong> Atraiga miembros de todo el mundo aceptando pagos en m\u00faltiples monedas, brindando una experiencia conveniente para los usuarios internacionales.<\/li>\n<li><strong>Gesti\u00f3n automatizada de membres\u00edas:<\/strong> simplifique la administraci\u00f3n de su membres\u00eda con la creaci\u00f3n autom\u00e1tica de cuentas, renovaciones y control de acceso de miembros, lo que le permitir\u00e1 ahorrar tiempo y recursos.<\/li>\n<\/ol>\n<h3><strong>\u00bfPor qu\u00e9 elegir Authorize.Net Gateway para Membership Pro?<\/strong><\/h3>\n<ul>\n<li><strong>Confiabilidad:<\/strong> Authorize.Net es un nombre confiable en el procesamiento de pagos en l\u00ednea, reconocido por su confiabilidad y seguridad. Los pagos de tu membres\u00eda est\u00e1n en buenas manos.<\/li>\n<li><strong>Gesti\u00f3n de membres\u00eda mejorada:<\/strong> simplifique la administraci\u00f3n de su sitio de membres\u00eda, desde registros hasta renovaciones, combinando las funciones de Membership Pro y Authorize.Net.<\/li>\n<li><strong>F\u00e1cil de usar:<\/strong> Nuestro complemento est\u00e1 dise\u00f1ado teniendo en cuenta la experiencia del usuario, lo que garantiza que incluso aquellos con habilidades t\u00e9cnicas limitadas puedan configurar y administrar los pagos de membres\u00eda f\u00e1cilmente.<\/li>\n<li><strong>Soporte dedicado:<\/strong> En caso de preguntas o problemas, nuestro equipo de soporte est\u00e1 listo para brindarle asistencia inmediata, manteniendo su sitio de membres\u00eda funcionando sin problemas.<\/li>\n<\/ul>\n<p><strong>Empiece hoy:<\/strong> lleve su sitio de membres\u00eda a nuevas alturas proporcionando una experiencia de pago perfecta para sus miembros. Descargue Authorize.Net Gateway for Membership Pro ahora y agilice los pagos de su membres\u00eda.<\/p>\n<p>No se pierda los posibles ingresos y la satisfacci\u00f3n de los miembros. Con Authorize.Net Gateway for Membership Pro, est\u00e1 a solo unos clics de simplificar el proceso de pago de su membres\u00eda.<\/p>\n<p>\u00bfListo para mejorar su sitio de membres\u00eda? Descargue nuestro complemento hoy y brinde una experiencia de pago sin complicaciones a sus miembros.<\/p>\n<h4 id=\"requisitos\">Requisitos<\/h4>\n<div class=\"cl-preview-section\">\n<ul>\n<li>Cuenta activa en <a href=\"https:\/\/www.authorize.net\" target=\"_blank\" rel=\"noopener\">www.authorize.net\/<\/a>: reg\u00edstrese para obtener una cuenta sandbox si necesita realizar pruebas. <\/li>\n<li><strong>Complemento Membership Pro<\/strong><\/li>\n<li>Se requiere un certificado SSL v\u00e1lido para mantener seguros los datos de la tarjeta de cr\u00e9dito de su cliente y hacer que su sitio sea compatible con PCI DSS.<\/li>\n<li>Este complemento no almacena n\u00fameros de tarjetas de cr\u00e9dito ni informaci\u00f3n confidencial del cliente en su sitio.<\/li>\n<\/ul>\n<\/div>\n<div class=\"cl-preview-section\"><strong>Descargo de responsabilidad:<\/strong>Tenga en cuenta que este sitio no procesa transacciones directamente. Act\u00faa como un puente para conectar sin problemas su Membership Pro con la pasarela de pago confiable de Authorize.Net. Todas las transacciones se procesan de forma segura en la plataforma Authorize.Net, lo que garantiza los m\u00e1s altos niveles de seguridad y cumplimiento.<\/p>\n<\/div>\n","protected":false},"excerpt":{"rendered":"<p>Integrate Authorize.Net On Ninja Forms.<\/p>\n","protected":false},"featured_media":1962,"comment_status":"open","ping_status":"closed","template":"","meta":{"_acf_changed":false},"product_cat":[78,226],"product_tag":[140],"class_list":{"0":"post-1961","1":"product","2":"type-product","3":"status-publish","4":"has-post-thumbnail","6":"product_cat-ultimate-membership-pro","7":"product_cat-wordpress-payment-plugin","8":"product_tag-authorize-net","10":"first","11":"instock","12":"shipping-taxable","13":"purchasable","14":"product-type-simple"},"acf":[],"_links":{"self":[{"href":"https:\/\/wpayo.com\/es\/wp-json\/wp\/v2\/product\/1961","targetHints":{"allow":["GET"]}}],"collection":[{"href":"https:\/\/wpayo.com\/es\/wp-json\/wp\/v2\/product"}],"about":[{"href":"https:\/\/wpayo.com\/es\/wp-json\/wp\/v2\/types\/product"}],"replies":[{"embeddable":true,"href":"https:\/\/wpayo.com\/es\/wp-json\/wp\/v2\/comments?post=1961"}],"wp:featuredmedia":[{"embeddable":true,"href":"https:\/\/wpayo.com\/es\/wp-json\/wp\/v2\/media\/1962"}],"wp:attachment":[{"href":"https:\/\/wpayo.com\/es\/wp-json\/wp\/v2\/media?parent=1961"}],"wp:term":[{"taxonomy":"product_cat","embeddable":true,"href":"https:\/\/wpayo.com\/es\/wp-json\/wp\/v2\/product_cat?post=1961"},{"taxonomy":"product_tag","embeddable":true,"href":"https:\/\/wpayo.com\/es\/wp-json\/wp\/v2\/product_tag?post=1961"}],"curies":[{"name":"wp","href":"https:\/\/api.w.org\/{rel}","templated":true}]}}