{"id":1970,"date":"2023-10-11T12:44:56","date_gmt":"2023-10-11T12:44:56","guid":{"rendered":"https:\/\/wpayo.com\/es\/?post_type=product&#038;p=1970"},"modified":"2023-11-25T09:59:25","modified_gmt":"2023-11-25T09:59:25","slug":"instamojo-gateway-events-manager","status":"publish","type":"product","link":"https:\/\/wpayo.com\/es\/paga-gateway\/instamojo-gateway-events-manager\/","title":{"rendered":"Instamojo Gateway &#8211; Events Manager"},"content":{"rendered":"<p>Simplifique su proceso de pago en l\u00ednea y mejore el potencial de monetizaci\u00f3n de su sitio web con <strong>Instamojo Gateway for NinjaForms<\/strong>. Este poderoso complemento integra a la perfecci\u00f3n la confiable pasarela de pagos de Instamojo en su configuraci\u00f3n de NinjaForms, lo que facilita la recaudaci\u00f3n de pagos, donaciones o la venta de productos en l\u00ednea. Ya sea que tenga una tienda de comercio electr\u00f3nico, una organizaci\u00f3n sin fines de lucro o una empresa de servicios, nuestro complemento garantiza transacciones seguras y eficientes para su sitio web.<\/p>\n<h3><strong>Caracter\u00edsticas clave:<\/strong><\/h3>\n<ol>\n<li><strong>Integraci\u00f3n sin esfuerzo:<\/strong> integre Instamojo en sus NinjaForms sin necesidad de codificaci\u00f3n compleja. Comience a cobrar pagos en minutos, sin necesidad de conocimientos t\u00e9cnicos.<\/li>\n<li><strong>Seguridad s\u00f3lida:<\/strong> Descanse tranquilo sabiendo que todas las transacciones de pago est\u00e1n protegidas por las funciones de seguridad avanzadas de Instamojo, lo que garantiza que los datos confidenciales de sus clientes est\u00e9n seguros.<\/li>\n<li><strong>Formularios personalizables:<\/strong> cree formularios de pago personalizados que satisfagan sus necesidades \u00fanicas, ya sea que venda productos, acepte donaciones u ofrezca servicios.<\/li>\n<li><strong>Soporte multidivisa:<\/strong> ampl\u00ede su alcance global aceptando pagos en m\u00faltiples monedas, brindando comodidad a los clientes internacionales.<\/li>\n<li><strong>Informes detallados:<\/strong> realice un seguimiento de sus transacciones financieras con funciones integrales de informes que lo ayudar\u00e1n a mantenerse organizado y tomar decisiones informadas.<\/li>\n<\/ol>\n<h3><strong>\u00bfPor qu\u00e9 elegir Instamojo Gateway para NinjaForms?<\/strong><\/h3>\n<ul>\n<li><strong>Confiabilidad:<\/strong> Instamojo es un nombre confiable en el procesamiento de pagos en l\u00ednea, conocido por su confiabilidad y seguridad. Puede contar con \u00e9l para proteger su negocio y a sus clientes.<\/li>\n<li><strong>F\u00e1cil de usar:<\/strong> Nuestro complemento est\u00e1 dise\u00f1ado teniendo en cuenta la experiencia del usuario. Incluso si eres nuevo en los pagos en l\u00ednea, puedes configurar y administrar transacciones f\u00e1cilmente.<\/li>\n<li><strong>Flexibilidad:<\/strong> Ya sea que vendas productos, servicios o recolectes donaciones, nuestro complemento se adapta a tus necesidades. Personalice formularios para que coincidan con su marca y sus requisitos.<\/li>\n<li><strong>Soporte dedicado:<\/strong> Si encuentra alg\u00fan problema o tiene alguna pregunta, nuestro equipo de soporte est\u00e1 aqu\u00ed para ayudarlo en cada paso del camino.<\/li>\n<\/ul>\n<p><strong>Empiece hoy:<\/strong> no pierda ventas e ingresos potenciales. Lleve su sitio web a nuevas alturas con Instamojo Gateway para NinjaForms. Optimice su proceso de pago, genere la confianza de sus clientes e impulse su negocio en l\u00ednea. Comience ahora y disfrute de los beneficios de realizar transacciones en l\u00ednea sin complicaciones.<\/p>\n<div class=\"cl-preview-section\">\n<h4 id=\"requisitos\">Requisitos<\/h4>\n<\/div>\n<div class=\"cl-preview-section\">\n<ul>\n<li>Cuenta activa en <a href=\"https:\/\/www.instamojo.com\/\" target=\"_blank\" rel=\"noopener\">www.instamojo.com\/<\/a> &#8211; Reg\u00edstrate para obtener una cuenta sandbox <a href=\"https:\/ \/support .instamojo.com\/hc\/en-us\/articles\/208485675-Test-or-Sandbox-Account\" target=\"_blank\" rel=\"noopener\">aqu\u00ed<\/a> si necesita realizar algunas pruebas. <\/li >\n<li><strong>Complemento NinjaForms<\/strong><\/li>\n<li>Se requiere un certificado SSL v\u00e1lido para mantener seguros los datos de la tarjeta de cr\u00e9dito de su cliente y hacer que su sitio sea compatible con PCI DSS.<\/li>\n<li>Este complemento no almacena n\u00fameros de tarjetas de cr\u00e9dito ni informaci\u00f3n confidencial del cliente en su sitio.<\/li>\n<\/ul>\n<\/div>\n<div class=\"cl-preview-section\">\n<h4 id=\"disclaimer\">Descargo de responsabilidad<\/h4>\n<\/div>\n<div class=\"cl-preview-section\">\n<p>Tenga en cuenta que este sitio no procesa transacciones directamente. Sirve como puente para conectar sin problemas sus NinjaForms a la pasarela de pago confiable de Instamojo. Todas las transacciones se procesan de forma segura en la plataforma Instamojo, lo que garantiza los m\u00e1s altos niveles de seguridad y cumplimiento.<\/p>\n<\/div>\n","protected":false},"excerpt":{"rendered":"<p>Integrate Instamojo Gateway for Events Manager Pro<\/p>\n","protected":false},"featured_media":1971,"comment_status":"open","ping_status":"closed","template":"","meta":{"_acf_changed":false},"product_cat":[116],"product_tag":[210],"class_list":{"0":"post-1970","1":"product","2":"type-product","3":"status-publish","4":"has-post-thumbnail","6":"product_cat-events-manager-pro","7":"product_tag-instamojo","9":"first","10":"instock","11":"shipping-taxable","12":"purchasable","13":"product-type-simple"},"acf":[],"_links":{"self":[{"href":"https:\/\/wpayo.com\/es\/wp-json\/wp\/v2\/product\/1970","targetHints":{"allow":["GET"]}}],"collection":[{"href":"https:\/\/wpayo.com\/es\/wp-json\/wp\/v2\/product"}],"about":[{"href":"https:\/\/wpayo.com\/es\/wp-json\/wp\/v2\/types\/product"}],"replies":[{"embeddable":true,"href":"https:\/\/wpayo.com\/es\/wp-json\/wp\/v2\/comments?post=1970"}],"wp:featuredmedia":[{"embeddable":true,"href":"https:\/\/wpayo.com\/es\/wp-json\/wp\/v2\/media\/1971"}],"wp:attachment":[{"href":"https:\/\/wpayo.com\/es\/wp-json\/wp\/v2\/media?parent=1970"}],"wp:term":[{"taxonomy":"product_cat","embeddable":true,"href":"https:\/\/wpayo.com\/es\/wp-json\/wp\/v2\/product_cat?post=1970"},{"taxonomy":"product_tag","embeddable":true,"href":"https:\/\/wpayo.com\/es\/wp-json\/wp\/v2\/product_tag?post=1970"}],"curies":[{"name":"wp","href":"https:\/\/api.w.org\/{rel}","templated":true}]}}