{"id":1978,"date":"2023-10-12T14:53:28","date_gmt":"2023-10-12T14:53:28","guid":{"rendered":"https:\/\/wpayo.com\/es\/?post_type=product&#038;p=1978"},"modified":"2023-11-25T09:57:44","modified_gmt":"2023-11-25T09:57:44","slug":"authorize-net-gateway-givewp","status":"publish","type":"product","link":"https:\/\/wpayo.com\/es\/paga-gateway\/authorize-net-gateway-givewp\/","title":{"rendered":"Authorize.Net Gateway &#8211; GiveWP"},"content":{"rendered":"<div class=\"flex flex-grow flex-col max-w-full gap-3 gizmo:gap-0\">\n<div class=\"min-h-[20px] mensaje de texto flex flex-col elementos-inicio espacio-3 espacios en blanco-pre-wrap palabras de ruptura [.text-message+&amp;]:mt-5 overflow-x- autom\u00e1tico\" data-message-author-role=\"asistente\" data-message-id=\"054cdfc1-7af1-4709-8beb-43e94bbbabfe\">\n<div class=\"prosa rebajada con palabras de ruptura completas oscuras: prosa-invertida oscura\">\n<p>Facilite el proceso de donaci\u00f3n y maximice el potencial de recaudaci\u00f3n de fondos con Authorize.net Payment Gateway for Give. Este poderoso complemento integra a la perfecci\u00f3n la pasarela de pago confiable de Authorize.net en su configuraci\u00f3n de GiveWP, lo que facilita la recolecci\u00f3n de donaciones para su causa. Ya sea que ejecute una organizaci\u00f3n sin fines de lucro, campa\u00f1as de caridad o esfuerzos de recaudaci\u00f3n de fondos, nuestro complemento garantiza un procesamiento de donaciones seguro y eficiente para su sitio web.<\/p>\n<p><strong>Caracter\u00edsticas clave:<\/strong><\/p>\n<ol>\n<li><strong>Integraci\u00f3n sin esfuerzo:<\/strong> Integre perfectamente Authorize.net en su plataforma GiveWP sin necesidad de codificaci\u00f3n compleja. Empiece a recaudar donaciones en minutos, sin necesidad de conocimientos t\u00e9cnicos.<\/li>\n<li><strong>Seguridad de primer nivel:<\/strong> Descanse tranquilo sabiendo que todas las transacciones de donaci\u00f3n est\u00e1n protegidas por las funciones de seguridad avanzadas de Authorize.net, lo que mantiene seguros los datos confidenciales de sus donantes.<\/li>\n<li><strong>Formularios de donaci\u00f3n personalizables:<\/strong> cree formularios de donaci\u00f3n personalizados que coincidan con sus objetivos \u00fanicos de recaudaci\u00f3n de fondos. Personalice los campos y niveles de donaci\u00f3n para atraer eficazmente a sus seguidores.<\/li>\n<li><strong>Soporte de m\u00faltiples monedas:<\/strong> Ampl\u00ede su alcance global aceptando donaciones en m\u00faltiples monedas, brindando comodidad a los donantes internacionales.<\/li>\n<li><strong>Informes detallados:<\/strong> realice un seguimiento de sus esfuerzos de recaudaci\u00f3n de fondos con funciones de informes detallados que lo ayudar\u00e1n a monitorear las donaciones y tomar decisiones informadas.<\/li>\n<\/ol>\n<p><strong>\u00bfPor qu\u00e9 elegir la pasarela de pago Authorize.net para Give?<\/strong><\/p>\n<ul>\n<li><strong>Confiabilidad:<\/strong> Authorize.net es un nombre confiable en el procesamiento de pagos en l\u00ednea, conocido por su confiabilidad y seguridad. Puede confiar en \u00e9l para proteger sus actividades de recaudaci\u00f3n de fondos y la informaci\u00f3n de pago de sus donantes.<\/li>\n<li><strong>F\u00e1cil de usar:<\/strong> Nuestro complemento est\u00e1 dise\u00f1ado teniendo en cuenta la experiencia del usuario. Incluso si eres nuevo en la recaudaci\u00f3n de fondos en l\u00ednea, puedes configurar y administrar f\u00e1cilmente transacciones de donaci\u00f3n.<\/li>\n<li><strong>Flexibilidad:<\/strong> ya sea que recopile donaciones \u00fanicas, contribuciones recurrentes u organice campa\u00f1as de financiaci\u00f3n colectiva, nuestro complemento se adapta a sus objetivos de recaudaci\u00f3n de fondos. Personalice los formularios para que coincidan con su marca y sus requisitos espec\u00edficos de recaudaci\u00f3n de fondos.<\/li>\n<li><strong>Soporte dedicado:<\/strong> Si encuentra alg\u00fan problema o tiene alguna pregunta, nuestro equipo de soporte est\u00e1 listo para ayudarlo en cada paso del camino.<\/li>\n<\/ul>\n<p><strong>Empiece hoy:<\/strong> no se pierda posibles apoyos y donaciones para su causa. Lleve sus esfuerzos de recaudaci\u00f3n de fondos a nuevas alturas con Authorize.net Payment Gateway for Give. Agilice el proceso de donaciones, genere confianza en los donantes e impulse su recaudaci\u00f3n de fondos en l\u00ednea. Comience ahora y descubra los beneficios de realizar transacciones en l\u00ednea sin complicaciones.<\/p>\n<p><strong>Requisitos:<\/strong><\/p>\n<ul>\n<li>Cuenta activa <a href=\"https:\/\/www.authorize.net\/\" target=\"_new\" rel=\"noopener\">www.authorize.net\/<\/a> &#8211; Reg\u00edstrese para una prueba de cuenta si necesario.<\/li>\n<li>Complemento WPGive<\/li>\n<li>Es necesario un certificado SSL v\u00e1lido para garantizar la seguridad de los datos de la tarjeta de cr\u00e9dito de sus donantes y hacer que su sitio cumpla con PCI DSS.<\/li>\n<li>Este complemento no almacena n\u00fameros de tarjetas de cr\u00e9dito ni informaci\u00f3n confidencial de los donantes en su sitio web.<\/li>\n<\/ul>\n<p><strong>Descargo de responsabilidad:<\/strong> Tenga en cuenta que este sitio web no procesa transacciones directamente. Sirve como puente para conectar sin problemas sus donaciones con la pasarela de pago confiable de Authorize.Net. Todas las transacciones se procesan de forma segura en la plataforma Authorize.Net, lo que garantiza los m\u00e1s altos niveles de seguridad y cumplimiento.<\/p>\n<\/div>\n<\/div>\n<\/div>\n","protected":false},"excerpt":{"rendered":"<p>Integrate Authorize.Net On WPGive<\/p>\n","protected":false},"featured_media":1979,"comment_status":"open","ping_status":"closed","template":"","meta":{"_acf_changed":false},"product_cat":[78,226],"product_tag":[140],"class_list":{"0":"post-1978","1":"product","2":"type-product","3":"status-publish","4":"has-post-thumbnail","6":"product_cat-ultimate-membership-pro","7":"product_cat-wordpress-payment-plugin","8":"product_tag-authorize-net","10":"first","11":"instock","12":"shipping-taxable","13":"purchasable","14":"product-type-simple"},"acf":[],"_links":{"self":[{"href":"https:\/\/wpayo.com\/es\/wp-json\/wp\/v2\/product\/1978","targetHints":{"allow":["GET"]}}],"collection":[{"href":"https:\/\/wpayo.com\/es\/wp-json\/wp\/v2\/product"}],"about":[{"href":"https:\/\/wpayo.com\/es\/wp-json\/wp\/v2\/types\/product"}],"replies":[{"embeddable":true,"href":"https:\/\/wpayo.com\/es\/wp-json\/wp\/v2\/comments?post=1978"}],"wp:featuredmedia":[{"embeddable":true,"href":"https:\/\/wpayo.com\/es\/wp-json\/wp\/v2\/media\/1979"}],"wp:attachment":[{"href":"https:\/\/wpayo.com\/es\/wp-json\/wp\/v2\/media?parent=1978"}],"wp:term":[{"taxonomy":"product_cat","embeddable":true,"href":"https:\/\/wpayo.com\/es\/wp-json\/wp\/v2\/product_cat?post=1978"},{"taxonomy":"product_tag","embeddable":true,"href":"https:\/\/wpayo.com\/es\/wp-json\/wp\/v2\/product_tag?post=1978"}],"curies":[{"name":"wp","href":"https:\/\/api.w.org\/{rel}","templated":true}]}}