{"id":1980,"date":"2023-10-12T21:49:18","date_gmt":"2023-10-12T21:49:18","guid":{"rendered":"https:\/\/wpayo.com\/es\/?post_type=product&#038;p=1980"},"modified":"2023-11-25T09:57:35","modified_gmt":"2023-11-25T09:57:35","slug":"authorize-net-gateway-gravityform","status":"publish","type":"product","link":"https:\/\/wpayo.com\/es\/paga-gateway\/authorize-net-gateway-gravityform\/","title":{"rendered":"Authorize.net Gateway &#8211; Gravityform"},"content":{"rendered":"<div class=\"flex flex-grow flex-col max-w-full gap-3 gizmo:gap-0\">\n<div class=\"min-h-[20px] mensaje de texto flex flex-col elementos-inicio espacio-3 espacios en blanco-pre-wrap palabras de ruptura [.text-message+&amp;]:mt-5 overflow-x- autom\u00e1tico\" data-message-author-role=\"asistente\" data-message-id=\"d1ec1936-ac42-46d8-91e3-49542968698f\">\n<div class=\"prosa rebajada con palabras de ruptura completas oscuras: prosa-invertida oscura\">\n<p>Mejore las capacidades de su sitio web integrando la pasarela de pago Authorize.net para Gravity Forms. Este poderoso complemento combina a la perfecci\u00f3n la popular pasarela de pagos Authorize.net con Gravity Forms, lo que facilita el cobro de pagos, donaciones y pedidos de manera precisa y eficiente. Ya sea que administre una tienda en l\u00ednea, organice una recaudaci\u00f3n de fondos en l\u00ednea u ofrezca servicios, nuestro complemento garantiza un procesamiento de transacciones seguro y optimizado.<\/p>\n<p><strong>Caracter\u00edsticas clave:<\/strong><\/p>\n<ol>\n<li><strong>Integraci\u00f3n sin esfuerzo:<\/strong> incorpore Authorize.net sin esfuerzo en su configuraci\u00f3n de Gravity Forms sin necesidad de codificaci\u00f3n compleja. Comience a aceptar pagos en minutos, sin necesidad de conocimientos t\u00e9cnicos.<\/li>\n<li><strong>La mejor seguridad de su clase:<\/strong> Descanse tranquilo sabiendo que todas las transacciones financieras est\u00e1n protegidas por las funciones de seguridad avanzadas de Authorize.net, lo que mantiene seguros los datos confidenciales de sus clientes.<\/strong> li>\n<li><strong>Formularios personalizables:<\/strong> cree formularios de pago personalizados para satisfacer sus necesidades \u00fanicas. Personalice campos y opciones para brindar una experiencia de pago atractiva y f\u00e1cil de usar.<\/li>\n<li><strong>Soporte para m\u00faltiples monedas:<\/strong> ampl\u00ede su alcance global aceptando pagos en m\u00faltiples monedas, brindando una experiencia conveniente para los clientes internacionales.<\/li>\n<li><strong>Informes detallados:<\/strong> realice un seguimiento de sus transacciones financieras con funciones de informes detallados que le ayudar\u00e1n a mantenerse organizado y tomar decisiones informadas.<\/li>\n<\/ol>\n<p><strong>\u00bfPor qu\u00e9 elegir Authorize.net Gateway para Gravity Forms?<\/strong><\/p>\n<ul>\n<li><strong>Confiabilidad:<\/strong> Authorize.net es un nombre confiable en el procesamiento de pagos en l\u00ednea, conocido por su confiabilidad y seguridad. Puede confiar en \u00e9l para proteger su negocio y la informaci\u00f3n de pago de sus clientes.<\/li>\n<li><strong>F\u00e1cil de usar:<\/strong> Nuestro complemento est\u00e1 dise\u00f1ado teniendo en cuenta la experiencia del usuario. Incluso si eres nuevo en los pagos en l\u00ednea, puedes configurar y administrar transacciones f\u00e1cilmente.<\/li>\n<li><strong>Flexibilidad:<\/strong> Ya sea que vendas productos, aceptes donaciones u ofrezcas servicios, nuestro complemento se adapta a tus necesidades. Personalice los formularios para que coincidan con su marca y los requisitos de transacci\u00f3n espec\u00edficos.<\/li>\n<li><strong>Soporte dedicado:<\/strong> Si encuentra alg\u00fan problema o tiene alguna pregunta, nuestro equipo de soporte est\u00e1 listo para ayudarlo en cada paso del camino.<\/li>\n<\/ul>\n<p><strong>Empiece hoy:<\/strong> No se pierda ventas, donaciones ni oportunidades de realizar pedidos. Lleve su sitio web a nuevas alturas con la pasarela de pago Authorize.net para Gravity Forms. Optimice su proceso de pago, genere la confianza del cliente e impulse su negocio en l\u00ednea. Comience ahora y descubra los beneficios de realizar transacciones en l\u00ednea sin complicaciones.<\/p>\n<p><strong>Requisitos:<\/strong><\/p>\n<ul>\n<li>Cuenta activa <a href=\"https:\/\/www.authorize.net\/\" target=\"_new\" rel=\"noopener\">www.authorize.net\/<\/a> &#8211; Reg\u00edstrese para una prueba de cuenta si necesario.<\/li>\n<li>Complemento GravityForms<\/li>\n<li>Es necesario un certificado SSL v\u00e1lido para garantizar la seguridad de los datos de la tarjeta de cr\u00e9dito de sus clientes y hacer que su sitio sea compatible con PCI DSS.<\/li>\n<li>Este complemento no almacena n\u00fameros de tarjetas de cr\u00e9dito ni informaci\u00f3n confidencial del cliente en su sitio web.<\/li>\n<\/ul>\n<p><strong>Descargo de responsabilidad:<\/strong> Tenga en cuenta que este sitio web no procesa transacciones directamente. Sirve como puente para conectar sin problemas sus Gravity Forms a la pasarela de pago confiable de Authorize.Net. Todas las transacciones se procesan de forma segura en la plataforma Authorize.Net, lo que garantiza los m\u00e1s altos niveles de seguridad y cumplimiento.<\/p>\n<\/div>\n<\/div>\n<\/div>\n","protected":false},"excerpt":{"rendered":"<p>Integrate Authorize.Net On Gravity Forms<\/p>\n","protected":false},"featured_media":1999,"comment_status":"open","ping_status":"closed","template":"","meta":{"_acf_changed":false},"product_cat":[50,226],"product_tag":[140],"class_list":{"0":"post-1980","1":"product","2":"type-product","3":"status-publish","4":"has-post-thumbnail","6":"product_cat-gravity-forms","7":"product_cat-wordpress-payment-plugin","8":"product_tag-authorize-net","10":"first","11":"instock","12":"shipping-taxable","13":"purchasable","14":"product-type-simple"},"acf":[],"_links":{"self":[{"href":"https:\/\/wpayo.com\/es\/wp-json\/wp\/v2\/product\/1980","targetHints":{"allow":["GET"]}}],"collection":[{"href":"https:\/\/wpayo.com\/es\/wp-json\/wp\/v2\/product"}],"about":[{"href":"https:\/\/wpayo.com\/es\/wp-json\/wp\/v2\/types\/product"}],"replies":[{"embeddable":true,"href":"https:\/\/wpayo.com\/es\/wp-json\/wp\/v2\/comments?post=1980"}],"wp:featuredmedia":[{"embeddable":true,"href":"https:\/\/wpayo.com\/es\/wp-json\/wp\/v2\/media\/1999"}],"wp:attachment":[{"href":"https:\/\/wpayo.com\/es\/wp-json\/wp\/v2\/media?parent=1980"}],"wp:term":[{"taxonomy":"product_cat","embeddable":true,"href":"https:\/\/wpayo.com\/es\/wp-json\/wp\/v2\/product_cat?post=1980"},{"taxonomy":"product_tag","embeddable":true,"href":"https:\/\/wpayo.com\/es\/wp-json\/wp\/v2\/product_tag?post=1980"}],"curies":[{"name":"wp","href":"https:\/\/api.w.org\/{rel}","templated":true}]}}