{"id":1983,"date":"2023-10-12T22:04:48","date_gmt":"2023-10-12T22:04:48","guid":{"rendered":"https:\/\/wpayo.com\/es\/?post_type=product&#038;p=1983"},"modified":"2023-11-25T09:57:08","modified_gmt":"2023-11-25T09:57:08","slug":"instamojo-gateway-gravityforms","status":"publish","type":"product","link":"https:\/\/wpayo.com\/es\/paga-gateway\/instamojo-gateway-gravityforms\/","title":{"rendered":"Instamojo Gateway &#8211; GravityForms"},"content":{"rendered":"<div class=\"flex flex-grow flex-col max-w-full gap-3 gizmo:gap-0\">\n<div class=\"min-h-[20px] mensaje de texto flex flex-col elementos-inicio espacio-3 espacios en blanco-pre-wrap palabras de ruptura [.text-message+&amp;]:mt-5 overflow-x- autom\u00e1tico\" data-message-author-role=\"asistente\" data-message-id=\"6eaa5094-4109-4d8a-8a2c-8883b8117d3e\">\n<div class=\"prosa rebajada con palabras de ruptura completas oscuras: prosa-invertida oscura\">\n<p>Mejore las capacidades de su sitio web integrando la pasarela de pago Instamojo para Gravity Forms. Este poderoso complemento combina a la perfecci\u00f3n la pasarela de pago confiable de Instamojo con Gravity Forms, lo que facilita el cobro de pagos, donaciones y pedidos de manera precisa y eficiente. Ya sea que administre una tienda en l\u00ednea, organice una recaudaci\u00f3n de fondos en l\u00ednea u ofrezca servicios, nuestro complemento garantiza un procesamiento de transacciones seguro y optimizado.<\/p>\n<p><strong>Caracter\u00edsticas clave:<\/strong><\/p>\n<ol>\n<li><strong>Integraci\u00f3n sin esfuerzo:<\/strong> incorpore Instamojo sin esfuerzo en su configuraci\u00f3n de Gravity Forms sin necesidad de codificaci\u00f3n compleja. Comience a aceptar pagos en minutos, sin necesidad de conocimientos t\u00e9cnicos.<\/li>\n<li><strong>Seguridad s\u00f3lida:<\/strong> Descanse tranquilo sabiendo que todas las transacciones financieras est\u00e1n protegidas por las funciones de seguridad avanzadas de Instamojo, lo que mantiene seguros los datos confidenciales de sus clientes.<\/li>\n<li><strong>Formularios personalizables:<\/strong> cree formularios de pago personalizados para satisfacer sus necesidades \u00fanicas. Personalice campos y opciones para brindar una experiencia de pago atractiva y f\u00e1cil de usar.<\/li>\n<li><strong>Soporte para m\u00faltiples monedas:<\/strong> ampl\u00ede su alcance global aceptando pagos en m\u00faltiples monedas, brindando una experiencia conveniente para los clientes internacionales.<\/li>\n<li><strong>Informes detallados:<\/strong> realice un seguimiento de sus transacciones financieras con funciones de informes detallados que le ayudar\u00e1n a mantenerse organizado y tomar decisiones informadas.<\/li>\n<\/ol>\n<p><strong>\u00bfPor qu\u00e9 elegir Instamojo Gateway para Gravity Forms?<\/strong><\/p>\n<ul>\n<li><strong>Confiabilidad:<\/strong> Instamojo es un nombre confiable en el procesamiento de pagos en l\u00ednea, conocido por su confiabilidad y seguridad. Puede confiar en \u00e9l para proteger su negocio y la informaci\u00f3n de pago de sus clientes.<\/li>\n<li><strong>F\u00e1cil de usar:<\/strong> Nuestro complemento est\u00e1 dise\u00f1ado teniendo en cuenta la experiencia del usuario. Incluso si eres nuevo en los pagos en l\u00ednea, puedes configurar y administrar transacciones f\u00e1cilmente.<\/li>\n<li><strong>Flexibilidad:<\/strong> Ya sea que vendas productos, aceptes donaciones u ofrezcas servicios, nuestro complemento se adapta a tus necesidades. Personalice los formularios para que coincidan con su marca y los requisitos de transacci\u00f3n espec\u00edficos.<\/li>\n<li><strong>Soporte dedicado:<\/strong> Si encuentra alg\u00fan problema o tiene alguna pregunta, nuestro equipo de soporte est\u00e1 listo para ayudarlo en cada paso del camino.<\/li>\n<\/ul>\n<p><strong>Empiece hoy:<\/strong> No se pierda ventas, donaciones ni oportunidades de realizar pedidos. Lleve su sitio web a nuevas alturas con la pasarela de pago Instamojo para Gravity Forms. Optimice su proceso de pago, genere la confianza del cliente e impulse su negocio en l\u00ednea. Comience ahora y descubra los beneficios de realizar transacciones en l\u00ednea sin complicaciones.<\/p>\n<p><strong>Requisitos:<\/strong><\/p>\n<ul>\n<li>Cuenta activa <a href=\"https:\/\/www.instamojo.com\/\" target=\"_new\" rel=\"noopener\">www.instamojo.com\/<\/a> &#8211; Reg\u00edstrate para una prueba de cuenta < a href=\"https:\/\/support.instamojo.com\/hc\/en-us\/articles\/208485675-Test-or-Sandbox-Account\" target=\"_new\" rel=\"noopener\">aqu\u00ed<\/a> si es necesario .<\/li>\n<li>Complemento GravityForms<\/li>\n<li>Es necesario un certificado SSL v\u00e1lido para garantizar la seguridad de los datos de la tarjeta de cr\u00e9dito de sus clientes y hacer que su sitio sea compatible con PCI DSS.<\/li>\n<li>Este complemento no almacena n\u00fameros de tarjetas de cr\u00e9dito ni informaci\u00f3n confidencial del cliente en su sitio web.<\/li>\n<\/ul>\n<p><strong>Descargo de responsabilidad:<\/strong> Tenga en cuenta que este sitio web no procesa transacciones directamente. Sirve como puente para conectar sin problemas su complemento Gravity Forms a la pasarela de pago confiable de Instamojo. Todas las transacciones se procesan de forma segura en la plataforma Instamojo, lo que garantiza los m\u00e1s altos niveles de seguridad y cumplimiento.<\/p>\n<\/div>\n<\/div>\n<\/div>\n","protected":false},"excerpt":{"rendered":"<p>Integrate Instamojo Gateway for Gravity Forms<\/p>\n","protected":false},"featured_media":1998,"comment_status":"open","ping_status":"closed","template":"","meta":{"_acf_changed":false},"product_cat":[50],"product_tag":[210],"class_list":{"0":"post-1983","1":"product","2":"type-product","3":"status-publish","4":"has-post-thumbnail","6":"product_cat-gravity-forms","7":"product_tag-instamojo","9":"first","10":"instock","11":"shipping-taxable","12":"purchasable","13":"product-type-simple"},"acf":[],"_links":{"self":[{"href":"https:\/\/wpayo.com\/es\/wp-json\/wp\/v2\/product\/1983","targetHints":{"allow":["GET"]}}],"collection":[{"href":"https:\/\/wpayo.com\/es\/wp-json\/wp\/v2\/product"}],"about":[{"href":"https:\/\/wpayo.com\/es\/wp-json\/wp\/v2\/types\/product"}],"replies":[{"embeddable":true,"href":"https:\/\/wpayo.com\/es\/wp-json\/wp\/v2\/comments?post=1983"}],"wp:featuredmedia":[{"embeddable":true,"href":"https:\/\/wpayo.com\/es\/wp-json\/wp\/v2\/media\/1998"}],"wp:attachment":[{"href":"https:\/\/wpayo.com\/es\/wp-json\/wp\/v2\/media?parent=1983"}],"wp:term":[{"taxonomy":"product_cat","embeddable":true,"href":"https:\/\/wpayo.com\/es\/wp-json\/wp\/v2\/product_cat?post=1983"},{"taxonomy":"product_tag","embeddable":true,"href":"https:\/\/wpayo.com\/es\/wp-json\/wp\/v2\/product_tag?post=1983"}],"curies":[{"name":"wp","href":"https:\/\/api.w.org\/{rel}","templated":true}]}}