{"id":1985,"date":"2023-10-12T23:06:23","date_gmt":"2023-10-12T23:06:23","guid":{"rendered":"https:\/\/wpayo.com\/es\/?post_type=product&#038;p=1985"},"modified":"2023-11-25T09:56:58","modified_gmt":"2023-11-25T09:56:58","slug":"instamojo-gateway-contact-form-7","status":"publish","type":"product","link":"https:\/\/wpayo.com\/es\/paga-gateway\/instamojo-gateway-contact-form-7\/","title":{"rendered":"Instamojo Gateway &#8211; Contact form 7"},"content":{"rendered":"<div class=\"flex flex-grow flex-col max-w-full gap-3 gizmo:gap-0\">\n<div class=\"min-h-[20px] mensaje de texto flex flex-col elementos-inicio espacio-3 espacios en blanco-pre-wrap palabras de ruptura [.text-message+&amp;]:mt-5 overflow-x- autom\u00e1tico\" data-message-author-role=\"asistente\" data-message-id=\"57e522d3-d175-4f37-8fd5-a1610525ec49\">\n<div class=\"prosa rebajada con palabras de ruptura completas oscuras: prosa-invertida oscura\">\n<p>Fortalezca las capacidades de su sitio web con Instamojo Payment Gateway para Contact Form 7. Este complemento vers\u00e1til integra a la perfecci\u00f3n la confiable pasarela de pago Instamojo en su configuraci\u00f3n de Contact Form 7, lo que facilita el cobro preciso y eficiente de pagos, donaciones o pedidos. Ya sea que dirija un negocio, administre una organizaci\u00f3n ben\u00e9fica o brinde servicios, nuestro complemento garantiza un procesamiento de transacciones seguro y optimizado.<\/p>\n<p><strong>Caracter\u00edsticas clave:<\/strong><\/p>\n<ol>\n<li><strong>Integraci\u00f3n sin esfuerzo:<\/strong> inserte Instamojo sin esfuerzo en sus formularios Contact Form 7 sin necesidad de codificaci\u00f3n compleja. Comience a aceptar pagos en minutos, sin necesidad de conocimientos t\u00e9cnicos.<\/li>\n<li><strong>La mejor seguridad de su clase:<\/strong> Descanse tranquilo sabiendo que todas las transacciones financieras est\u00e1n protegidas por las funciones de seguridad avanzadas de Instamojo, lo que mantiene seguros los datos confidenciales de sus clientes.<\/li>\n<li><strong>Formularios personalizables:<\/strong> cree formularios de pago personalizados para satisfacer sus necesidades \u00fanicas. Personalice campos y opciones para brindar una experiencia de pago atractiva y f\u00e1cil de usar.<\/li>\n<li><strong>Soporte para m\u00faltiples monedas:<\/strong> ampl\u00ede su alcance global aceptando pagos en m\u00faltiples monedas, brindando una experiencia conveniente para los clientes internacionales.<\/li>\n<li><strong>Informes detallados:<\/strong> realice un seguimiento de sus transacciones financieras con funciones de informes detallados que le ayudar\u00e1n a mantenerse organizado y tomar decisiones informadas.<\/li>\n<\/ol>\n<p><strong>\u00bfPor qu\u00e9 elegir Instamojo Gateway para Contact Form 7?<\/strong><\/p>\n<ul>\n<li><strong>Confiabilidad:<\/strong> Instamojo es un nombre confiable en el procesamiento de pagos en l\u00ednea, conocido por su confiabilidad y seguridad. Puede confiar en \u00e9l para proteger su negocio y la informaci\u00f3n de pago de sus clientes.<\/li>\n<li><strong>F\u00e1cil de usar:<\/strong> Nuestro complemento est\u00e1 dise\u00f1ado teniendo en cuenta la experiencia del usuario. Incluso si eres nuevo en los pagos en l\u00ednea, puedes configurar y administrar transacciones f\u00e1cilmente.<\/li>\n<li><strong>Flexibilidad:<\/strong> Ya sea que vendas productos, aceptes donaciones u ofrezcas servicios, nuestro complemento se adapta a tus necesidades. Personalice los formularios para que coincidan con su marca y los requisitos de transacci\u00f3n espec\u00edficos.<\/li>\n<li><strong>Soporte dedicado:<\/strong> Si encuentra alg\u00fan problema o tiene alguna pregunta, nuestro equipo de soporte est\u00e1 listo para ayudarlo en cada paso del camino.<\/li>\n<\/ul>\n<p><strong>Empiece hoy:<\/strong> No se pierda ventas, donaciones ni oportunidades de realizar pedidos. Lleve su sitio web a nuevas alturas con la pasarela de pago Instamojo para el formulario de contacto 7. Optimice su proceso de pago, genere confianza en el cliente e impulse su negocio en l\u00ednea. Comience ahora y descubra los beneficios de realizar transacciones en l\u00ednea sin complicaciones.<\/p>\n<p><strong>Requisitos:<\/strong><\/p>\n<ul>\n<li>Cuenta activa <a href=\"https:\/\/www.instamojo.com\/\" target=\"_new\" rel=\"noopener\">www.instamojo.com\/<\/a> &#8211; Reg\u00edstrate para una prueba de cuenta < a href=\"https:\/\/support.instamojo.com\/hc\/en-us\/articles\/208485675-Test-or-Sandbox-Account\" target=\"_new\" rel=\"noopener\">aqu\u00ed<\/a> si es necesario .<\/li>\n<li>Complemento de formulario de contacto 7<\/li>\n<li>Es necesario un certificado SSL v\u00e1lido para garantizar la seguridad de los datos de la tarjeta de cr\u00e9dito de sus clientes y hacer que su sitio sea compatible con PCI DSS.<\/li>\n<li>Este complemento no almacena n\u00fameros de tarjetas de cr\u00e9dito ni informaci\u00f3n confidencial del cliente en su sitio web.<\/li>\n<\/ul>\n<p><strong>Descargo de responsabilidad:<\/strong> Tenga en cuenta que este sitio web no procesa transacciones directamente. Sirve como puente para conectar sin problemas sus formularios de Contact Form 7 a la pasarela de pago confiable de Instamojo. Todas las transacciones se procesan de forma segura en la plataforma Instamojo, lo que garantiza los m\u00e1s altos niveles de seguridad y cumplimiento.<\/p>\n<\/div>\n<\/div>\n<\/div>\n","protected":false},"excerpt":{"rendered":"<p>Integrate Instamojo Gateway for Contact form 7<\/p>\n","protected":false},"featured_media":1987,"comment_status":"open","ping_status":"closed","template":"","meta":{"_acf_changed":false},"product_cat":[53],"product_tag":[210],"class_list":{"0":"post-1985","1":"product","2":"type-product","3":"status-publish","4":"has-post-thumbnail","6":"product_cat-contact-form-7","7":"product_tag-instamojo","9":"first","10":"instock","11":"shipping-taxable","12":"purchasable","13":"product-type-simple"},"acf":[],"_links":{"self":[{"href":"https:\/\/wpayo.com\/es\/wp-json\/wp\/v2\/product\/1985","targetHints":{"allow":["GET"]}}],"collection":[{"href":"https:\/\/wpayo.com\/es\/wp-json\/wp\/v2\/product"}],"about":[{"href":"https:\/\/wpayo.com\/es\/wp-json\/wp\/v2\/types\/product"}],"replies":[{"embeddable":true,"href":"https:\/\/wpayo.com\/es\/wp-json\/wp\/v2\/comments?post=1985"}],"wp:featuredmedia":[{"embeddable":true,"href":"https:\/\/wpayo.com\/es\/wp-json\/wp\/v2\/media\/1987"}],"wp:attachment":[{"href":"https:\/\/wpayo.com\/es\/wp-json\/wp\/v2\/media?parent=1985"}],"wp:term":[{"taxonomy":"product_cat","embeddable":true,"href":"https:\/\/wpayo.com\/es\/wp-json\/wp\/v2\/product_cat?post=1985"},{"taxonomy":"product_tag","embeddable":true,"href":"https:\/\/wpayo.com\/es\/wp-json\/wp\/v2\/product_tag?post=1985"}],"curies":[{"name":"wp","href":"https:\/\/api.w.org\/{rel}","templated":true}]}}