{"id":1992,"date":"2023-10-12T23:20:14","date_gmt":"2023-10-12T23:20:14","guid":{"rendered":"https:\/\/wpayo.com\/es\/?post_type=product&#038;p=1992"},"modified":"2023-11-25T09:56:31","modified_gmt":"2023-11-25T09:56:31","slug":"authorize-net-gateway-learndash","status":"publish","type":"product","link":"https:\/\/wpayo.com\/es\/paga-gateway\/authorize-net-gateway-learndash\/","title":{"rendered":"Authorize.net Gateway &#8211; LearnDash"},"content":{"rendered":"<p>Mejore su plataforma de aprendizaje en l\u00ednea con la pasarela de pago Authorize.net para LearnDash. Este potente complemento integra a la perfecci\u00f3n la pasarela de pago confiable de Authorize.net en su configuraci\u00f3n de LearnDash, lo que hace que monetizar sus cursos y suscripciones sea m\u00e1s f\u00e1cil que nunca. Si usted es educador, entrenador o dirige un negocio de aprendizaje electr\u00f3nico, nuestro complemento garantiza un procesamiento de pagos seguro y eficiente para su plataforma de aprendizaje.<\/p>\n<h3><strong>Caracter\u00edsticas clave:<\/strong><\/h3>\n<ol>\n<li><strong>Integraci\u00f3n sin esfuerzo:<\/strong> Integre Authorize.net en su marco LearnDash sin la necesidad de habilidades complejas de codificaci\u00f3n. Comience a aceptar pagos por cursos y suscripciones en minutos, sin necesidad de experiencia t\u00e9cnica.<\/li>\n<li><strong>La mejor seguridad de su clase:<\/strong> Descanse tranquilo sabiendo que todas las transacciones de pago est\u00e1n protegidas por las funciones de seguridad avanzadas de Authorize.net, lo que garantiza la seguridad de los datos confidenciales de sus alumnos.\n<li> \/li>\n<li><strong>Precios personalizables:<\/strong> cree opciones de precios flexibles para cursos y suscripciones, incluidos pagos \u00fanicos, suscripciones recurrentes y suscripciones escalonadas, para satisfacer su diversa base de estudiantes.<\/li>\n<li><strong>Soporte multidivisa:<\/strong> atraiga estudiantes de todo el mundo aceptando pagos en m\u00faltiples monedas, brindando una experiencia conveniente para los usuarios internacionales.<\/li>\n<li><strong>Registro automatizado:<\/strong> Optimice la administraci\u00f3n de sus cursos y suscripciones con el registro autom\u00e1tico despu\u00e9s del pago exitoso, lo que le permitir\u00e1 ahorrar tiempo y garantizar una experiencia de aprendizaje perfecta para sus estudiantes.<\/ li>\n<\/ol>\n<h3><strong>\u00bfPor qu\u00e9 elegir la puerta de enlace Authorize.net para LearnDash?<\/strong><\/h3>\n<ul>\n<li><strong>Confiabilidad:<\/strong> Authorize.net es un nombre confiable en el procesamiento de pagos en l\u00ednea, conocido por su confiabilidad y seguridad. Los pagos de tu curso y suscripci\u00f3n est\u00e1n en buenas manos.<\/li>\n<li><strong>Gesti\u00f3n de aprendizaje mejorada:<\/strong> simplifique la gesti\u00f3n de sus cursos y suscripciones en l\u00ednea combinando las funciones de LearnDash y Authorize.net.<\/li>\n<li><strong>F\u00e1cil de usar:<\/strong> Nuestro complemento est\u00e1 dise\u00f1ado teniendo en cuenta la experiencia del usuario, lo que garantiza que incluso aquellos con experiencia t\u00e9cnica limitada puedan configurar y administrar pagos f\u00e1cilmente.<\/li>\n<li><strong>Soporte dedicado:<\/strong> Si tiene alguna pregunta o encuentra alg\u00fan problema, nuestro equipo de soporte est\u00e1 listo para brindarle asistencia inmediata y mantener su plataforma de aprendizaje en l\u00ednea funcionando sin problemas.<\/ li>\n<\/ul>\n<p><strong>Empiece hoy:<\/strong> no pierda oportunidades de ingresos y satisfacci\u00f3n de los alumnos. Lleve sus cursos y suscripciones en l\u00ednea a nuevas alturas brindando una experiencia de pago perfecta. Descargue Authorize.net Payment Gateway para LearnDash ahora y agilice su proceso de pago.<\/p>\n<h3>Requisitos<\/h3>\n<ul>\n<li>Cuenta activa en <a href=\"https:\/\/www.authorize.net\" target=\"_blank\" rel=\"noopener\">www.authorize.net\/<\/a>: reg\u00edstrese para obtener una cuenta sandbox si necesita realizar una prueba.<\/li >\n<li><strong>Complemento LearnDash<\/strong><\/li>\n<li>Se requiere un certificado SSL v\u00e1lido para garantizar la seguridad de los datos de la tarjeta de cr\u00e9dito de sus clientes y hacer que su sitio sea compatible con PCI DSS.<\/li>\n<li>Este complemento no almacena n\u00fameros de tarjetas de cr\u00e9dito ni informaci\u00f3n confidencial del cliente en su sitio.<\/li>\n<\/ul>\n<div class=\"cl-preview-section\">\n<h4 id=\"disclaimer\">Descargo de responsabilidad<\/h4>\n<\/div>\n<div class=\"cl-preview-section\">\n<p>Tenga en cuenta que este sitio no realiza procesamiento de transacciones directas. Sirve como puente para conectar su LearnDash con la pasarela de pago confiable de Authorize.Net. Todas las transacciones se procesan de forma segura en la plataforma Authorize.Net, lo que garantiza los m\u00e1s altos niveles de seguridad y cumplimiento.\n<\/p><\/div>\n","protected":false},"excerpt":{"rendered":"<p>Integrate Authorize.Net On LearnDash Plugin<\/p>\n","protected":false},"featured_media":1993,"comment_status":"open","ping_status":"closed","template":"","meta":{"_acf_changed":false},"product_cat":[55,226],"product_tag":[140],"class_list":{"0":"post-1992","1":"product","2":"type-product","3":"status-publish","4":"has-post-thumbnail","6":"product_cat-learndash","7":"product_cat-wordpress-payment-plugin","8":"product_tag-authorize-net","10":"first","11":"instock","12":"shipping-taxable","13":"purchasable","14":"product-type-simple"},"acf":[],"_links":{"self":[{"href":"https:\/\/wpayo.com\/es\/wp-json\/wp\/v2\/product\/1992","targetHints":{"allow":["GET"]}}],"collection":[{"href":"https:\/\/wpayo.com\/es\/wp-json\/wp\/v2\/product"}],"about":[{"href":"https:\/\/wpayo.com\/es\/wp-json\/wp\/v2\/types\/product"}],"replies":[{"embeddable":true,"href":"https:\/\/wpayo.com\/es\/wp-json\/wp\/v2\/comments?post=1992"}],"wp:featuredmedia":[{"embeddable":true,"href":"https:\/\/wpayo.com\/es\/wp-json\/wp\/v2\/media\/1993"}],"wp:attachment":[{"href":"https:\/\/wpayo.com\/es\/wp-json\/wp\/v2\/media?parent=1992"}],"wp:term":[{"taxonomy":"product_cat","embeddable":true,"href":"https:\/\/wpayo.com\/es\/wp-json\/wp\/v2\/product_cat?post=1992"},{"taxonomy":"product_tag","embeddable":true,"href":"https:\/\/wpayo.com\/es\/wp-json\/wp\/v2\/product_tag?post=1992"}],"curies":[{"name":"wp","href":"https:\/\/api.w.org\/{rel}","templated":true}]}}