{"id":1994,"date":"2024-01-17T13:17:42","date_gmt":"2024-01-17T13:17:42","guid":{"rendered":"https:\/\/wpayo.com\/es\/?post_type=product&#038;p=1994"},"modified":"2024-01-17T13:17:44","modified_gmt":"2024-01-17T13:17:44","slug":"instamojo-gateway-learndash","status":"publish","type":"product","link":"https:\/\/wpayo.com\/es\/paga-gateway\/instamojo-gateway-learndash\/","title":{"rendered":"Instamojo Gateway &#8211; Learndash"},"content":{"rendered":"<p>Revolucione su negocio de aprendizaje en l\u00ednea con la pasarela de pago Instamojo para LearnDash. Este complemento din\u00e1mico combina efectivamente el poder de la pasarela de pago Instamojo con su configuraci\u00f3n de LearnDash, eliminando la complejidad de monetizar sus cursos y suscripciones. Ya sea usted un educador, mentor o creador de cursos, nuestro complemento garantiza que el procesamiento de pagos no solo sea seguro sino tambi\u00e9n f\u00e1cil de usar para su plataforma de aprendizaje en l\u00ednea.<\/p>\n<h3><strong>Caracter\u00edsticas clave:<\/strong><\/h3>\n<ol>\n<li><strong>Integraci\u00f3n perfecta:<\/strong> integre Instamojo en su ecosistema LearnDash sin la necesidad de habilidades t\u00e9cnicas avanzadas. Comience a aceptar pagos por sus cursos y suscripciones en poco tiempo, sin necesidad de conocimientos t\u00e9cnicos.<\/li>\n<li><strong>Seguridad mejorada:<\/strong> Descanse tranquilo sabiendo que todas sus transacciones de pago est\u00e1n protegidas por las funciones de seguridad l\u00edderes en la industria de Instamojo, lo que garantiza que los datos confidenciales de sus alumnos est\u00e9n seguros.<\/li>\n<li><strong>Flexibilidad de precios:<\/strong> Configure una variedad de opciones de precios para sus cursos: pagos \u00fanicos, suscripciones recurrentes, suscripciones escalonadas, \u00a1lo que sea! Se trata de diversidad para su audiencia diversa.<\/li>\n<li><strong>Magia multidivisa:<\/strong> Atraiga estudiantes de todo el mundo aceptando pagos en m\u00faltiples monedas. Haga que la experiencia sea pr\u00e1ctica para sus estudiantes internacionales.<\/li>\n<li><strong>Admisi\u00f3n autom\u00e1tica:<\/strong> No m\u00e1s dolores de cabeza por el registro manual. Nuestro complemento agiliza la gesti\u00f3n de sus cursos y suscripciones al registrar autom\u00e1ticamente a los estudiantes tras el pago exitoso, lo que le ahorra un tiempo valioso.<\/li>\n<\/ol>\n<h3><strong>\u00bfPor qu\u00e9 elegir Instamojo para LearnDash?<\/strong><\/h3>\n<ul>\n<li><strong>Confiable y robusto:<\/strong> Instamojo es su socio confiable en el procesamiento de pagos en l\u00ednea. Puede confiarle la seguridad de sus pagos de cursos y suscripciones.<\/li>\n<li><strong>Gesti\u00f3n de aprendizaje simplificada:<\/strong> Haz tu vida m\u00e1s f\u00e1cil combinando lo mejor de LearnDash e Instamojo para simplificar la gesti\u00f3n de cursos y suscripciones.<\/li>\n<li><strong>Dise\u00f1o centrado en el usuario:<\/strong> Incluso si no eres un experto en tecnolog\u00eda, nuestro complemento est\u00e1 dise\u00f1ado de manera tan intuitiva que puedes configurar y administrar pagos con confianza.<\/li >\n<li><strong>Soporte dedicado 24 horas al d\u00eda, 7 d\u00edas a la semana:<\/strong> \u00bfPreguntas o problemas? No hay problema. Nuestro equipo de soporte est\u00e1 aqu\u00ed para brindarle asistencia inmediata y mantener su plataforma de aprendizaje en l\u00ednea funcionando sin problemas.<\/li>\n<\/ul>\n<p><strong>Empiece hoy:<\/strong> libere el potencial de su negocio de aprendizaje con una experiencia de pago f\u00e1cil de usar. Descarga Instamojo para LearnDash ahora y di adi\u00f3s a los dolores de cabeza del procesamiento de pagos.<\/p>\n<div class=\"cl-preview-section\">\n<h4 id=\"requisitos\">Requisitos<\/h4>\n<\/div>\n<div class=\"cl-preview-section\">\n<ul>\n<li>Cuenta activa en <a href=\"https:\/\/www.instamojo.com\/\" target=\"_blank\" rel=\"noopener\">www.instamojo.com\/<\/a>: reg\u00edstrese para obtener una cuenta sandbox <a href=\"https:\/\/ soporte .instamojo.com\/hc\/en-us\/articles\/208485675-Test-or-Sandbox-Account\" target=\"_blank\" rel=\"noopener\">aqu\u00ed<\/a> si necesita realizar una prueba.<\/li >\n<li><strong>Complemento LearnDash<br \/>\n<\/strong><\/li>\n<li>Se requiere un certificado SSL v\u00e1lido para garantizar la seguridad de los datos de la tarjeta de cr\u00e9dito de sus clientes y hacer que su sitio sea compatible con PCI DSS.<\/li>\n<li>Este complemento no almacena n\u00fameros de tarjetas de cr\u00e9dito ni informaci\u00f3n confidencial del cliente en su sitio.<\/li>\n<\/ul>\n<\/div>\n<div class=\"cl-preview-section\">\n<h4 id=\"disclaimer\">Descargo de responsabilidad<\/h4>\n<\/div>\n<div class=\"cl-preview-section\">\n<p>Tenga en cuenta que este sitio no realiza procesamiento de transacciones directas. Sirve como puente para conectar su complemento LearnDash con la pasarela de pago confiable de Instamojo. Todas las transacciones se procesan de forma segura en la plataforma Instamojo, lo que garantiza los m\u00e1s altos niveles de seguridad y cumplimiento.\n<\/p><\/div>\n","protected":false},"excerpt":{"rendered":"<p>Integrate Instamojo Gateway for LearnDash<\/p>\n","protected":false},"featured_media":1995,"comment_status":"open","ping_status":"closed","template":"","meta":{"_acf_changed":false},"product_cat":[55],"product_tag":[210],"class_list":{"0":"post-1994","1":"product","2":"type-product","3":"status-publish","4":"has-post-thumbnail","6":"product_cat-learndash","7":"product_tag-instamojo","9":"first","10":"instock","11":"shipping-taxable","12":"purchasable","13":"product-type-simple"},"acf":[],"_links":{"self":[{"href":"https:\/\/wpayo.com\/es\/wp-json\/wp\/v2\/product\/1994","targetHints":{"allow":["GET"]}}],"collection":[{"href":"https:\/\/wpayo.com\/es\/wp-json\/wp\/v2\/product"}],"about":[{"href":"https:\/\/wpayo.com\/es\/wp-json\/wp\/v2\/types\/product"}],"replies":[{"embeddable":true,"href":"https:\/\/wpayo.com\/es\/wp-json\/wp\/v2\/comments?post=1994"}],"wp:featuredmedia":[{"embeddable":true,"href":"https:\/\/wpayo.com\/es\/wp-json\/wp\/v2\/media\/1995"}],"wp:attachment":[{"href":"https:\/\/wpayo.com\/es\/wp-json\/wp\/v2\/media?parent=1994"}],"wp:term":[{"taxonomy":"product_cat","embeddable":true,"href":"https:\/\/wpayo.com\/es\/wp-json\/wp\/v2\/product_cat?post=1994"},{"taxonomy":"product_tag","embeddable":true,"href":"https:\/\/wpayo.com\/es\/wp-json\/wp\/v2\/product_tag?post=1994"}],"curies":[{"name":"wp","href":"https:\/\/api.w.org\/{rel}","templated":true}]}}