{"id":2000,"date":"2024-01-17T13:17:44","date_gmt":"2024-01-17T13:17:44","guid":{"rendered":"https:\/\/wpayo.com\/es\/?post_type=product&#038;p=2000"},"modified":"2024-01-17T13:17:45","modified_gmt":"2024-01-17T13:17:45","slug":"authorize-net-gateway-latepoint","status":"publish","type":"product","link":"https:\/\/wpayo.com\/es\/paga-gateway\/authorize-net-gateway-latepoint\/","title":{"rendered":"Authorize.net Gateway &#8211; LatePoint"},"content":{"rendered":"<div class=\"flex flex-grow flex-col max-w-full gap-3 gizmo:gap-0\">\n<div class=\"min-h-[20px] mensaje de texto flex flex-col elementos-inicio espacio-3 espacios en blanco-pre-wrap palabras de ruptura [.text-message+&amp;]:mt-5 overflow-x- autom\u00e1tico\" data-message-author-role=\"asistente\" data-message-id=\"e2e7a385-cc2c-4b79-8084-bce6d8eaa2dc\">\n<div class=\"prosa rebajada con palabras de ruptura completas oscuras: prosa-invertida oscura\">\n<p>Authorize.net Gateway para LatePoint: Optimice su experiencia de pagos con LatePoint<\/p>\n<p>\u00bfQuiere mejorar su sistema de reservas LatePoint con una pasarela de pago segura y confiable? Conozca Authorize.net Gateway para LatePoint, una integraci\u00f3n perfecta que le permite aceptar pagos sin esfuerzo. Con Authorize.net, ofrezca a sus clientes una experiencia de pago confiable mientras garantiza la seguridad de sus transacciones.<\/p>\n<h3>Por qu\u00e9 elegir Authorize.net Gateway para LatePoint:<\/h3>\n<ul>\n<li>Pagos simplificados: simplifique el proceso de pago en LatePoint para que sus clientes puedan pagar f\u00e1cilmente sus reservas.<\/li>\n<li>Medidas de seguridad s\u00f3lidas: conf\u00ede en las funciones de seguridad avanzadas de Authorize.net para proteger cada transacci\u00f3n y mantener privada la informaci\u00f3n confidencial.<\/li>\n<li>Flexibilidad de pago: acepte varios m\u00e9todos de pago, incluidas tarjetas de cr\u00e9dito\/d\u00e9bito y cheques electr\u00f3nicos, para atender a una base de clientes diversa.<\/li>\n<li>Capacidad de transacciones globales: ampl\u00ede su alcance global aceptando pagos en m\u00faltiples monedas, haciendo que las transacciones internacionales sean convenientes para sus clientes.<\/li>\n<li>Informes completos: mant\u00e9ngase organizado con herramientas de informes detalladas, que le permiten monitorear y optimizar el procesamiento de pagos en LatePoint.<\/li>\n<\/ul>\n<h3>Acerca de Authorize.net:<\/h3>\n<p>Authorize.net es un proveedor de pasarela de pago respetado conocido por su confiabilidad y compromiso con las transacciones en l\u00ednea seguras. Su plataforma est\u00e1 dise\u00f1ada para brindar una experiencia de pago perfecta para empresas y clientes.<\/p>\n<h3>Integraci\u00f3n de Authorize.net con LatePoint:<\/h3>\n<p>Authorize.net Gateway se integra f\u00e1cilmente con LatePoint, mejorando su capacidad para cobrar pagos directamente a trav\u00e9s del sistema de reservas. Esta integraci\u00f3n agiliza el procesamiento de pagos de sus servicios, garantizando una experiencia segura y f\u00e1cil de usar.<\/p>\n<h4>Para empezar:<\/h4>\n<p>Para utilizar Authorize.net Gateway para LatePoint, siga estos dos sencillos pasos:<\/p>\n<ol>\n<li>Cree una cuenta de Authorize.net: configure una cuenta con Authorize.net para acceder a sus potentes servicios de pasarela de pago.<\/li>\n<li>Configuraci\u00f3n: configure el complemento para integrar Authorize.net en su sistema LatePoint, brindando una experiencia de pago segura y conveniente.<\/li>\n<\/ol>\n<p>No pierdas la oportunidad de optimizar tu proceso de cobro de pagos en LatePoint. Mejore su sistema de reservas con Authorize.net Gateway, brindando a sus clientes una experiencia de pago segura y sin complicaciones. Comience ahora y mejore el \u00e9xito de sus reservas de servicios.<\/p>\n<\/div>\n<\/div>\n<\/div>\n","protected":false},"excerpt":{"rendered":"<p>Integrate Authorize.Net On LatePoint Plugin<\/p>\n","protected":false},"featured_media":2001,"comment_status":"open","ping_status":"closed","template":"","meta":{"_acf_changed":false},"product_cat":[128,226],"product_tag":[140],"class_list":{"0":"post-2000","1":"product","2":"type-product","3":"status-publish","4":"has-post-thumbnail","6":"product_cat-latepoint","7":"product_cat-wordpress-payment-plugin","8":"product_tag-authorize-net","10":"first","11":"instock","12":"shipping-taxable","13":"purchasable","14":"product-type-simple"},"acf":[],"_links":{"self":[{"href":"https:\/\/wpayo.com\/es\/wp-json\/wp\/v2\/product\/2000","targetHints":{"allow":["GET"]}}],"collection":[{"href":"https:\/\/wpayo.com\/es\/wp-json\/wp\/v2\/product"}],"about":[{"href":"https:\/\/wpayo.com\/es\/wp-json\/wp\/v2\/types\/product"}],"replies":[{"embeddable":true,"href":"https:\/\/wpayo.com\/es\/wp-json\/wp\/v2\/comments?post=2000"}],"wp:featuredmedia":[{"embeddable":true,"href":"https:\/\/wpayo.com\/es\/wp-json\/wp\/v2\/media\/2001"}],"wp:attachment":[{"href":"https:\/\/wpayo.com\/es\/wp-json\/wp\/v2\/media?parent=2000"}],"wp:term":[{"taxonomy":"product_cat","embeddable":true,"href":"https:\/\/wpayo.com\/es\/wp-json\/wp\/v2\/product_cat?post=2000"},{"taxonomy":"product_tag","embeddable":true,"href":"https:\/\/wpayo.com\/es\/wp-json\/wp\/v2\/product_tag?post=2000"}],"curies":[{"name":"wp","href":"https:\/\/api.w.org\/{rel}","templated":true}]}}