{"id":2005,"date":"2024-01-17T13:17:45","date_gmt":"2024-01-17T13:17:45","guid":{"rendered":"https:\/\/wpayo.com\/es\/?post_type=product&#038;p=2005"},"modified":"2024-01-17T13:17:46","modified_gmt":"2024-01-17T13:17:46","slug":"instamojo-gateway-bookly-pro","status":"publish","type":"product","link":"https:\/\/wpayo.com\/es\/paga-gateway\/instamojo-gateway-bookly-pro\/","title":{"rendered":"Instamojo Gateway &#8211; Bookly Pro"},"content":{"rendered":"<div class=\"flex flex-grow flex-col max-w-full gap-3 gizmo:gap-0\">\n<div class=\"min-h-[20px] mensaje de texto flex flex-col elementos-inicio espacio-3 espacios en blanco-pre-wrap palabras de ruptura [.text-message+&amp;]:mt-5 overflow-x- autom\u00e1tico\" data-message-author-role=\"asistente\" data-message-id=\"31cf1c00-d696-408d-abe2-a7ef44efb62f\">\n<div class=\"prosa rebajada con palabras de ruptura completas oscuras: prosa-invertida oscura\">\n<div class=\"flex flex-grow flex-col max-w-full gap-3 gizmo:gap-0\">\n<div class=\"min-h-[20px] mensaje de texto flex flex-col elementos-inicio espacio-3 espacios en blanco-pre-wrap palabras de ruptura [.text-message+&amp;]:mt-5 overflow-x- autom\u00e1tico\" data-message-author-role=\"asistente\" data-message-id=\"177f29ba-427b-4fed-ae05-efc70d741b80\">\n<div class=\"prosa rebajada con palabras de ruptura completas oscuras: prosa-invertida oscura\">\n<p>Optimice el proceso de reserva de citas y cobro de pagos con <strong>Instamojo Gateway para Bookly Pro<\/strong>. Este complemento vers\u00e1til integra a la perfecci\u00f3n la pasarela de pago confiable de Instamojo en su configuraci\u00f3n de Bookly Pro, lo que facilita el cobro de pagos por citas y servicios. Ya sea que tenga un sal\u00f3n, una consulta m\u00e9dica, una consultor\u00eda u otro negocio basado en citas, nuestro complemento garantiza un procesamiento de pagos seguro y eficiente para su sistema de reservas.<\/p>\n<p><strong>Caracter\u00edsticas clave:<\/strong><\/p>\n<ol>\n<li><strong>Integraci\u00f3n sin esfuerzo:<\/strong> integre Instamojo en su marco Bookly Pro sin necesidad de codificaci\u00f3n compleja. Comience a aceptar pagos de citas en minutos, sin necesidad de experiencia t\u00e9cnica.<\/li>\n<li><strong>Seguridad s\u00f3lida:<\/strong> Descanse tranquilo sabiendo que todas las transacciones est\u00e1n protegidas por las funciones de seguridad avanzadas de Instamojo, lo que mantiene seguros los datos confidenciales de sus clientes.<\/li>\n<li><strong>Formularios de reserva personalizables:<\/strong> cree formularios de reserva de citas personalizados que coincidan con sus ofertas de servicios \u00fanicas. Personalice campos y opciones para atraer eficazmente a sus clientes.<\/li>\n<li><strong>Soporte para m\u00faltiples monedas:<\/strong> ampl\u00ede su alcance global aceptando pagos en m\u00faltiples monedas, brindando comodidad a los clientes internacionales.<\/li>\n<li><strong>Confirmaci\u00f3n autom\u00e1tica de reservas:<\/strong> simplifique la gesti\u00f3n de citas con confirmaciones autom\u00e1ticas y recordatorios de reservas, garantizando que sus clientes se mantengan organizados y actualizados.<\/li>\n<\/ol>\n<p><strong>\u00bfPor qu\u00e9 elegir Instamojo Gateway para Bookly Pro?<\/strong><\/p>\n<ul>\n<li><strong>Confiabilidad:<\/strong> Instamojo es un nombre confiable en el procesamiento de pagos en l\u00ednea, conocido por su confiabilidad y seguridad. Puede confiar en \u00e9l para proteger su negocio y la informaci\u00f3n de pago de sus clientes.<\/li>\n<li><strong>F\u00e1cil de usar:<\/strong> Nuestro complemento est\u00e1 dise\u00f1ado teniendo en cuenta la experiencia del usuario. Incluso si es nuevo en la reserva de citas en l\u00ednea, puede configurar y administrar f\u00e1cilmente las transacciones de pago.<\/li>\n<li><strong>Flexibilidad:<\/strong> Ya sea que ofrezca servicios individuales, citas grupales o varios paquetes de servicios, nuestro complemento se adapta a su sistema de reservas. Personalice los formularios para que coincidan con su marca y sus requisitos de servicio espec\u00edficos.<\/li>\n<li><strong>Soporte dedicado:<\/strong> Si encuentra alg\u00fan problema o tiene alguna pregunta, nuestro equipo de soporte est\u00e1 aqu\u00ed para ayudarlo en cada paso del camino.<\/li>\n<\/ul>\n<p><strong>Empiece hoy:<\/strong> no se pierda reservas ni ingresos potenciales para su negocio de servicios. Lleva la gesti\u00f3n de tus citas al siguiente nivel con <strong>Instamojo Gateway for Bookly Pro<\/strong>. Simplifique el proceso de pago, genere la confianza del cliente e impulse su negocio de servicios. Comience ahora y disfrute de los beneficios de realizar transacciones en l\u00ednea sin complicaciones.<\/p>\n<p><strong>Requisitos:<\/strong><\/p>\n<ul>\n<li>Cuenta activa en <a href=\"https:\/\/www.instamojo.com\/\" target=\"_new\" rel=\"noopener\">www.instamojo.com<\/a> &#8211; Reg\u00edstrese para una cuenta sandbox <a href=\"https:\/\/support.instamojo.com\/hc\/en-us\/articles\/208485675-Test-or-Sandbox-Account\" target=\"_new\" rel=\"noopener\">aqu\u00ed<\/a> si lo necesita para probar.<\/li>\n<li><strong>Complemento Bookly Pro<\/strong><\/li>\n<li>Se requiere un certificado SSL v\u00e1lido para garantizar la seguridad de los datos de la tarjeta de cr\u00e9dito de sus clientes y hacer que su sitio cumpla con PCI DSS. Este complemento no almacena n\u00fameros de tarjetas de cr\u00e9dito ni informaci\u00f3n confidencial del cliente en su sitio.<\/li>\n<\/ul>\n<p><strong>Descargo de responsabilidad:<\/strong> Tenga en cuenta que este sitio no maneja directamente el procesamiento de transacciones.<\/p>\n","protected":false},"excerpt":{"rendered":"<p>Integrate Instamojo Gateway for Bookly Pro<\/p>\n","protected":false},"featured_media":2006,"comment_status":"open","ping_status":"closed","template":"","meta":{"_acf_changed":false},"product_cat":[127,72],"product_tag":[210],"class_list":{"0":"post-2005","1":"product","2":"type-product","3":"status-publish","4":"has-post-thumbnail","6":"product_cat-bookly-pro","7":"product_cat-bookly","8":"product_tag-instamojo","10":"first","11":"instock","12":"shipping-taxable","13":"purchasable","14":"product-type-simple"},"acf":[],"_links":{"self":[{"href":"https:\/\/wpayo.com\/es\/wp-json\/wp\/v2\/product\/2005","targetHints":{"allow":["GET"]}}],"collection":[{"href":"https:\/\/wpayo.com\/es\/wp-json\/wp\/v2\/product"}],"about":[{"href":"https:\/\/wpayo.com\/es\/wp-json\/wp\/v2\/types\/product"}],"replies":[{"embeddable":true,"href":"https:\/\/wpayo.com\/es\/wp-json\/wp\/v2\/comments?post=2005"}],"wp:featuredmedia":[{"embeddable":true,"href":"https:\/\/wpayo.com\/es\/wp-json\/wp\/v2\/media\/2006"}],"wp:attachment":[{"href":"https:\/\/wpayo.com\/es\/wp-json\/wp\/v2\/media?parent=2005"}],"wp:term":[{"taxonomy":"product_cat","embeddable":true,"href":"https:\/\/wpayo.com\/es\/wp-json\/wp\/v2\/product_cat?post=2005"},{"taxonomy":"product_tag","embeddable":true,"href":"https:\/\/wpayo.com\/es\/wp-json\/wp\/v2\/product_tag?post=2005"}],"curies":[{"name":"wp","href":"https:\/\/api.w.org\/{rel}","templated":true}]}}