{"id":2008,"date":"2024-01-17T13:17:54","date_gmt":"2024-01-17T13:17:54","guid":{"rendered":"https:\/\/wpayo.com\/es\/?post_type=product&#038;p=2008"},"modified":"2024-01-17T13:17:54","modified_gmt":"2024-01-17T13:17:54","slug":"authorize-net-gateway-booklypro","status":"publish","type":"product","link":"https:\/\/wpayo.com\/es\/paga-gateway\/authorize-net-gateway-booklypro\/","title":{"rendered":"Authorize.net Gateway &#8211; BooklyPro"},"content":{"rendered":"<p>Optimice la reserva de citas y el cobro de pagos con <strong>Authorize.Net Gateway para Bookly Pro<\/strong>. Este poderoso complemento integra a la perfecci\u00f3n la confiable pasarela de pago Authorize.Net en su configuraci\u00f3n de Bookly Pro, lo que facilita el cobro de pagos por citas y servicios. Ya sea que tenga un sal\u00f3n, una consulta m\u00e9dica, una consultor\u00eda o cualquier negocio basado en citas, nuestro complemento garantiza un procesamiento de pagos seguro y eficiente para su sistema de reservas.<\/p>\n<h3><strong>Caracter\u00edsticas clave:<\/strong><\/h3>\n<ol>\n<li><strong>Integraci\u00f3n sin esfuerzo:<\/strong> Integre Authorize.Net en su marco Bookly Pro sin necesidad de codificaci\u00f3n compleja. Comience a aceptar pagos por citas en minutos, sin necesidad de conocimientos t\u00e9cnicos.<\/li>\n<li><strong>La mejor seguridad de su clase:<\/strong> Tenga la seguridad de que todas las transacciones de pago est\u00e1n protegidas por las funciones de seguridad avanzadas de Authorize.Net, lo que garantiza la seguridad de los datos confidenciales de sus clientes.<\/li >\n<li><strong>Formularios de reserva personalizables:<\/strong> cree formularios de reserva de citas personalizados que coincidan con sus ofertas de servicios \u00fanicas. Personalice campos y opciones para atraer eficazmente a sus clientes.<\/li>\n<li><strong>Soporte para m\u00faltiples monedas:<\/strong> ampl\u00ede su alcance global aceptando pagos en m\u00faltiples monedas, brindando comodidad a los clientes internacionales.<\/li>\n<li><strong>Confirmaci\u00f3n autom\u00e1tica de reservas:<\/strong> simplifique la gesti\u00f3n de citas con confirmaciones autom\u00e1ticas y recordatorios de reservas, garantizando que sus clientes se mantengan organizados y actualizados.<\/li>\n<\/ol>\n<h3><strong>\u00bfPor qu\u00e9 elegir Authorize.Net Gateway para Bookly Pro?<\/strong><\/h3>\n<ul>\n<li><strong>Confiabilidad:<\/strong> Authorize.Net es un nombre confiable en el procesamiento de pagos en l\u00ednea, reconocido por su confiabilidad y seguridad. Puede confiar en \u00e9l para proteger su negocio y la informaci\u00f3n de pago de sus clientes.<\/li>\n<li><strong>F\u00e1cil de usar:<\/strong> Nuestro complemento est\u00e1 dise\u00f1ado teniendo en cuenta la experiencia del usuario. Incluso si es nuevo en la reserva de citas en l\u00ednea, puede configurar y administrar f\u00e1cilmente las transacciones de pago.<\/li>\n<li><strong>Flexibilidad:<\/strong> Ya sea que ofrezcas servicios presenciales, citas grupales o varios paquetes de servicios, nuestro complemento se adapta a tu sistema de reservas. Personalice los formularios para que coincidan con su marca y sus requisitos de servicio espec\u00edficos.<\/li>\n<li><strong>Soporte dedicado:<\/strong> Si tiene alg\u00fan problema o tiene alguna pregunta, nuestro equipo de soporte est\u00e1 aqu\u00ed para ayudarlo en cada paso del camino.<\/li>\n<\/ul>\n<p><strong>Empiece hoy:<\/strong> no pierda posibles reservas e ingresos para su negocio de servicios. Lleve la gesti\u00f3n de sus citas al siguiente nivel con <strong>Authorize.Net Gateway para Bookly Pro<\/strong>. Simplifique el proceso de pago, genere la confianza del cliente e impulse su negocio de servicios. Comience ahora y descubra los beneficios de realizar transacciones en l\u00ednea sin complicaciones.<\/p>\n<p>\u00bfListo para transformar tu sistema de reservas? Descargue <strong>Authorize.Net Gateway para Bookly Pro<\/strong> y comience a aceptar pagos con confianza.<\/p>\n<div class=\"cl-preview-section\">\n<h3>Requisitos<\/h3>\n<\/div>\n<div class=\"cl-preview-section\">\n<ul>\n<li>Cuenta activa en <a href=\"https:\/\/www.authorize.net\" target=\"_blank\" rel=\"noopener\">www.authorize.net\/<\/a>: reg\u00edstrese para obtener una cuenta sandbox si necesita realizar una prueba.<\/a> li >\n<li><strong>Complemento Bookly Pro<\/strong><\/li>\n<li>Se requiere un certificado SSL v\u00e1lido para garantizar la seguridad de los datos de la tarjeta de cr\u00e9dito de sus clientes y hacer que su sitio cumpla con PCI DSS. Este complemento no almacena n\u00fameros de tarjetas de cr\u00e9dito ni informaci\u00f3n confidencial en su sitio.<\/li>\n<\/ul>\n<\/div>\n<div class=\"cl-preview-section\">\n<p><strong>Descargo de responsabilidad:<\/strong><\/p>\n<p>Tenga en cuenta que este sitio no realiza transacciones directas. Act\u00faa como un puente para conectar sin problemas su complemento Bookly Pro con la pasarela de pago confiable de Authorize.Net. Todas las transacciones se procesan de forma segura en la plataforma Authorize.Net, lo que garantiza los m\u00e1s altos niveles de seguridad y cumplimiento.\n<\/p><\/div>\n<p>Aqu\u00ed est\u00e1 el contenido traducido:<\/p>\n<p>Optimice la reserva de citas y el cobro de pagos con Authorize.Net Gateway para Bookly Pro. Este poderoso complemento integra a la perfecci\u00f3n la pasarela de pago confiable Authorize.Net en su configuraci\u00f3n de Bookly Pro, lo que facilita el cobro de pagos por citas.<\/p>\n","protected":false},"excerpt":{"rendered":"<p>Integrate Authorize.Net On Bookly Pro Plugin<\/p>\n","protected":false},"featured_media":2009,"comment_status":"open","ping_status":"closed","template":"","meta":{"_acf_changed":false},"product_cat":[127,72,226],"product_tag":[140],"class_list":{"0":"post-2008","1":"product","2":"type-product","3":"status-publish","4":"has-post-thumbnail","6":"product_cat-bookly-pro","7":"product_cat-bookly","8":"product_cat-wordpress-payment-plugin","9":"product_tag-authorize-net","11":"first","12":"instock","13":"shipping-taxable","14":"purchasable","15":"product-type-simple"},"acf":[],"_links":{"self":[{"href":"https:\/\/wpayo.com\/es\/wp-json\/wp\/v2\/product\/2008","targetHints":{"allow":["GET"]}}],"collection":[{"href":"https:\/\/wpayo.com\/es\/wp-json\/wp\/v2\/product"}],"about":[{"href":"https:\/\/wpayo.com\/es\/wp-json\/wp\/v2\/types\/product"}],"replies":[{"embeddable":true,"href":"https:\/\/wpayo.com\/es\/wp-json\/wp\/v2\/comments?post=2008"}],"wp:featuredmedia":[{"embeddable":true,"href":"https:\/\/wpayo.com\/es\/wp-json\/wp\/v2\/media\/2009"}],"wp:attachment":[{"href":"https:\/\/wpayo.com\/es\/wp-json\/wp\/v2\/media?parent=2008"}],"wp:term":[{"taxonomy":"product_cat","embeddable":true,"href":"https:\/\/wpayo.com\/es\/wp-json\/wp\/v2\/product_cat?post=2008"},{"taxonomy":"product_tag","embeddable":true,"href":"https:\/\/wpayo.com\/es\/wp-json\/wp\/v2\/product_tag?post=2008"}],"curies":[{"name":"wp","href":"https:\/\/api.w.org\/{rel}","templated":true}]}}