{"id":2010,"date":"2024-01-17T13:17:53","date_gmt":"2024-01-17T13:17:53","guid":{"rendered":"https:\/\/wpayo.com\/es\/?post_type=product&#038;p=2010"},"modified":"2024-01-17T13:17:54","modified_gmt":"2024-01-17T13:17:54","slug":"authorize-net-gateway-awpcp","status":"publish","type":"product","link":"https:\/\/wpayo.com\/es\/paga-gateway\/authorize-net-gateway-awpcp\/","title":{"rendered":"Authorize.net Gateway &#8211; AWPCP"},"content":{"rendered":"<p>Mejore su plataforma de anuncios clasificados con la <strong>pasarela de pago Authorize.net para AWPCP<\/strong>. Este poderoso complemento integra a la perfecci\u00f3n la confiable pasarela de pago Authorize.net en su configuraci\u00f3n de AWPCP (otro complemento de anuncios clasificados de WordPress), lo que facilita el cobro de pagos por anuncios clasificados y listados. Ya sea que ejecute un sitio de anuncios clasificados para empleos, bienes ra\u00edces, productos o servicios, nuestro complemento garantiza un procesamiento de pagos seguro y optimizado para su plataforma.<\/p>\n<h3><strong>Caracter\u00edsticas clave:<\/strong><\/h3>\n<ol>\n<li><strong>Integraci\u00f3n perfecta:<\/strong> Integre Authorize.net en su marco AWPCP sin necesidad de codificaci\u00f3n compleja. Comience a aceptar pagos por anuncios clasificados en minutos, sin necesidad de conocimientos t\u00e9cnicos.<\/li>\n<li><strong>La mejor seguridad de su clase:<\/strong> Tenga la seguridad de que todas las transacciones de pago est\u00e1n protegidas por las funciones de seguridad avanzadas de Authorize.net, lo que garantiza la seguridad de los datos confidenciales de sus usuarios.<\/li >\n<li><strong>Paquetes de listados personalizables:<\/strong> cree paquetes de listados personalizados y opciones de precios que coincidan con su sitio de anuncios clasificados exclusivo. Personalice los planes para satisfacer su nicho espec\u00edfico y su estrategia de precios.<\/li>\n<li><strong>Compatibilidad con m\u00faltiples monedas:<\/strong> ampl\u00ede su alcance global aceptando pagos en m\u00faltiples monedas, brindando comodidad a los usuarios y anunciantes internacionales.<\/li>\n<li><strong>Informes detallados:<\/strong> realice un seguimiento de sus transacciones financieras con funciones integrales de informes que lo ayudar\u00e1n a mantenerse organizado y tomar decisiones informadas.<\/li>\n<\/ol>\n<h3><strong>\u00bfPor qu\u00e9 elegir Authorize.net Gateway para AWPCP?<\/strong><\/h3>\n<ul>\n<li><strong>Confiabilidad:<\/strong> Authorize.net es un nombre confiable en el procesamiento de pagos en l\u00ednea, conocido por su confiabilidad y seguridad. Puede confiar en \u00e9l para proteger su negocio y la informaci\u00f3n de pago de sus usuarios.<\/li>\n<li><strong>F\u00e1cil de usar:<\/strong> Nuestro complemento est\u00e1 dise\u00f1ado teniendo en cuenta la experiencia del usuario. Incluso si eres nuevo en los anuncios clasificados y los pagos en l\u00ednea, puedes configurar y administrar transacciones f\u00e1cilmente.<\/li>\n<li><strong>Flexibilidad:<\/strong> Ya sea que ejecute un sitio de anuncios clasificados local o un mercado global, nuestro complemento se adapta a sus necesidades. Personalice los paquetes de anuncios y los precios para que coincidan con su nicho de mercado.<\/li>\n<li><strong>Soporte dedicado:<\/strong> Si tiene alg\u00fan problema o tiene alguna pregunta, nuestro equipo de soporte est\u00e1 aqu\u00ed para ayudarlo en cada paso del camino.<\/li>\n<\/ul>\n<p><strong>Empiece hoy:<\/strong> no se pierda los ingresos potenciales y el crecimiento de su plataforma de anuncios clasificados. Lleve su gesti\u00f3n de anuncios clasificados al siguiente nivel con la <strong>pasarela de pago Authorize.net para AWPCP<\/strong>. Simplifique el proceso de pago, genere confianza en los usuarios e impulse su negocio de anuncios clasificados. Comience ahora y descubra los beneficios de realizar transacciones en l\u00ednea sin complicaciones.<\/p>\n<p>\u00bfListo para mejorar su plataforma de anuncios clasificados? Descargue la <strong>pasarela de pago Authorize.net para AWPCP<\/strong> y comience a aceptar pagos con confianza.<\/p>\n<div class=\"cl-preview-section\">\n<h3>Requisitos<\/h3>\n<\/div>\n<div class=\"cl-preview-section\">\n<ul>\n<li>Cuenta activa en <a href=\"https:\/\/www.authorize.net\" target=\"_blank\" rel=\"noopener\">www.authorize.net\/<\/a>: reg\u00edstrese para obtener una cuenta sandbox si necesita realizar una prueba.<\/a> li >\n<li><strong>Complemento AWCPP<\/strong><\/li>\n<li>Se requiere un certificado SSL v\u00e1lido para garantizar la seguridad de los datos de la tarjeta de cr\u00e9dito de sus clientes y hacer que su sitio cumpla con PCI DSS. Este complemento no almacena n\u00fameros de tarjetas de cr\u00e9dito ni informaci\u00f3n confidencial en su sitio.<\/li>\n<\/ul>\n<\/div>\n","protected":false},"excerpt":{"rendered":"<p>Integrate Authorize.Net On AWPCP Plugin<\/p>\n","protected":false},"featured_media":2011,"comment_status":"open","ping_status":"closed","template":"","meta":{"_acf_changed":false},"product_cat":[237,226],"product_tag":[140],"class_list":{"0":"post-2010","1":"product","2":"type-product","3":"status-publish","4":"has-post-thumbnail","6":"product_cat-awpcp","7":"product_cat-wordpress-payment-plugin","8":"product_tag-authorize-net","10":"first","11":"instock","12":"shipping-taxable","13":"purchasable","14":"product-type-simple"},"acf":[],"_links":{"self":[{"href":"https:\/\/wpayo.com\/es\/wp-json\/wp\/v2\/product\/2010","targetHints":{"allow":["GET"]}}],"collection":[{"href":"https:\/\/wpayo.com\/es\/wp-json\/wp\/v2\/product"}],"about":[{"href":"https:\/\/wpayo.com\/es\/wp-json\/wp\/v2\/types\/product"}],"replies":[{"embeddable":true,"href":"https:\/\/wpayo.com\/es\/wp-json\/wp\/v2\/comments?post=2010"}],"wp:featuredmedia":[{"embeddable":true,"href":"https:\/\/wpayo.com\/es\/wp-json\/wp\/v2\/media\/2011"}],"wp:attachment":[{"href":"https:\/\/wpayo.com\/es\/wp-json\/wp\/v2\/media?parent=2010"}],"wp:term":[{"taxonomy":"product_cat","embeddable":true,"href":"https:\/\/wpayo.com\/es\/wp-json\/wp\/v2\/product_cat?post=2010"},{"taxonomy":"product_tag","embeddable":true,"href":"https:\/\/wpayo.com\/es\/wp-json\/wp\/v2\/product_tag?post=2010"}],"curies":[{"name":"wp","href":"https:\/\/api.w.org\/{rel}","templated":true}]}}