{"id":2016,"date":"2024-01-17T13:17:51","date_gmt":"2024-01-17T13:17:51","guid":{"rendered":"https:\/\/wpayo.com\/es\/?post_type=product&#038;p=2016"},"modified":"2024-01-17T13:17:52","modified_gmt":"2024-01-17T13:17:52","slug":"instamojo-gateway-wpforms","status":"publish","type":"product","link":"https:\/\/wpayo.com\/es\/paga-gateway\/instamojo-gateway-wpforms\/","title":{"rendered":"Instamojo Gateway &#8211; WPForms"},"content":{"rendered":"<p>Mejore sus formularios de WordPress con la <strong>pasarela de pago Instamojo para WPForms<\/strong>. Este poderoso complemento integra a la perfecci\u00f3n la pasarela de pago confiable de Instamojo en su configuraci\u00f3n de WPForms, lo que facilita el cobro de pagos, donaciones y pedidos de manera precisa y eficiente. Ya sea que administre una tienda en l\u00ednea, organice eventos u ofrezca servicios, nuestro complemento garantiza un procesamiento de transacciones seguro y optimizado.<\/p>\n<h3><strong>Caracter\u00edsticas clave:<\/strong><\/h3>\n<ol>\n<li><strong>Integraci\u00f3n sin esfuerzo:<\/strong> Integre Instamojo en sus WPForms sin necesidad de codificaci\u00f3n compleja. Comience a aceptar pagos en minutos, sin necesidad de conocimientos t\u00e9cnicos.<\/li>\n<li><strong>La mejor seguridad de su clase:<\/strong> Tenga la seguridad de que todas las transacciones de pago est\u00e1n protegidas por las funciones de seguridad avanzadas de Instamojo, lo que garantiza la seguridad de los datos confidenciales de sus clientes.<\/li>\n<li><strong>Formularios personalizables:<\/strong> cree formularios de pago personalizados para satisfacer sus necesidades \u00fanicas. Personalice campos y opciones para brindar una experiencia de pago atractiva y f\u00e1cil de usar.<\/li>\n<li><strong>Soporte para m\u00faltiples monedas:<\/strong> ampl\u00ede su alcance global aceptando pagos en m\u00faltiples monedas, brindando comodidad a los clientes internacionales.<\/li>\n<li><strong>Informes detallados:<\/strong> realice un seguimiento de sus transacciones financieras con funciones integrales de informes que lo ayudar\u00e1n a mantenerse organizado y tomar decisiones informadas.<\/li>\n<\/ol>\n<h3><strong>\u00bfPor qu\u00e9 elegir la puerta de enlace Instamojo para WPForms?<\/strong><\/h3>\n<ul>\n<li><strong>Confiabilidad:<\/strong> Instamojo es un nombre confiable en el procesamiento de pagos en l\u00ednea, conocido por su confiabilidad y seguridad. Puede confiar en \u00e9l para proteger su negocio y la informaci\u00f3n de pago de sus clientes.<\/li>\n<li><strong>F\u00e1cil de usar:<\/strong> Nuestro complemento est\u00e1 dise\u00f1ado teniendo en cuenta la experiencia del usuario. Incluso si eres nuevo en los pagos en l\u00ednea, puedes configurar y administrar transacciones f\u00e1cilmente.<\/li>\n<li><strong>Flexibilidad:<\/strong> Ya sea que vendas productos, aceptes donaciones u ofrezcas servicios, nuestro complemento se adapta a tus necesidades. Personalice los formularios para que coincidan con su marca y los requisitos de transacci\u00f3n espec\u00edficos.<\/li>\n<li><strong>Soporte dedicado:<\/strong> Si tiene alg\u00fan problema o tiene alguna pregunta, nuestro equipo de soporte est\u00e1 aqu\u00ed para ayudarlo en cada paso del camino.<\/li>\n<\/ul>\n<p><strong>Empiece hoy:<\/strong> No se pierda posibles ventas, donaciones o pedidos. Haga evolucionar su sitio web con la pasarela de pago Instamojo para WPForms. Simplifique su proceso de pago, genere la confianza del cliente e impulse su negocio en l\u00ednea. Comience ahora y descubra los beneficios de realizar transacciones en l\u00ednea sin complicaciones.<\/p>\n<p>\u00bfListo para transformar su sitio web? Descargue Instamojo Payment Gateway para WPForms y comience a aceptar pagos con confianza.<\/p>\n<div class=\"cl-preview-section\">\n<h3>Requisitos<\/h3>\n<\/div>\n<div class=\"cl-preview-section\">\n<ul>\n<li>Cuenta activa en <a href=\"https:\/\/www.instamojo.com\/\" target=\"_blank\" rel=\"noopener\">www.instamojo.com\/<\/a>: reg\u00edstrese para obtener una cuenta sandbox si necesita realizar una prueba.<\/li>\n<li><strong>Complemento WPForms<\/strong><\/li>\n<li>Se requiere un certificado SSL v\u00e1lido para garantizar la seguridad de los datos de la tarjeta de cr\u00e9dito de sus clientes y hacer que su sitio cumpla con PCI DSS. Este complemento no almacena n\u00fameros de tarjetas de cr\u00e9dito ni informaci\u00f3n confidencial en su sitio.<\/li>\n<\/ul>\n<\/div>\n<div class=\"cl-preview-section\">\n<p><strong>Descargo de responsabilidad:<\/strong><\/p>\n<p>Tenga en cuenta que este sitio web no procesa transacciones directamente. Act\u00faa como un puente para conectar sin problemas su complemento WPForms a la pasarela de pago confiable de Instamojo. Todas las transacciones se procesan de forma segura en la plataforma Instamojo, lo que garantiza los m\u00e1s altos niveles de seguridad y cumplimiento.<\/p>\n<\/div>\n","protected":false},"excerpt":{"rendered":"<p>Integrate Instamojo Gateway for WPForms<\/p>\n","protected":false},"featured_media":2017,"comment_status":"open","ping_status":"closed","template":"","meta":{"_acf_changed":false},"product_cat":[49],"product_tag":[210],"class_list":{"0":"post-2016","1":"product","2":"type-product","3":"status-publish","4":"has-post-thumbnail","6":"product_cat-wpforms","7":"product_tag-instamojo","9":"first","10":"instock","11":"shipping-taxable","12":"purchasable","13":"product-type-simple"},"acf":[],"_links":{"self":[{"href":"https:\/\/wpayo.com\/es\/wp-json\/wp\/v2\/product\/2016","targetHints":{"allow":["GET"]}}],"collection":[{"href":"https:\/\/wpayo.com\/es\/wp-json\/wp\/v2\/product"}],"about":[{"href":"https:\/\/wpayo.com\/es\/wp-json\/wp\/v2\/types\/product"}],"replies":[{"embeddable":true,"href":"https:\/\/wpayo.com\/es\/wp-json\/wp\/v2\/comments?post=2016"}],"wp:featuredmedia":[{"embeddable":true,"href":"https:\/\/wpayo.com\/es\/wp-json\/wp\/v2\/media\/2017"}],"wp:attachment":[{"href":"https:\/\/wpayo.com\/es\/wp-json\/wp\/v2\/media?parent=2016"}],"wp:term":[{"taxonomy":"product_cat","embeddable":true,"href":"https:\/\/wpayo.com\/es\/wp-json\/wp\/v2\/product_cat?post=2016"},{"taxonomy":"product_tag","embeddable":true,"href":"https:\/\/wpayo.com\/es\/wp-json\/wp\/v2\/product_tag?post=2016"}],"curies":[{"name":"wp","href":"https:\/\/api.w.org\/{rel}","templated":true}]}}