{"id":2021,"date":"2024-01-17T13:17:49","date_gmt":"2024-01-17T13:17:49","guid":{"rendered":"https:\/\/wpayo.com\/es\/?post_type=product&#038;p=2021"},"modified":"2024-01-17T13:17:50","modified_gmt":"2024-01-17T13:17:50","slug":"authorize-net-gateway-learnpress","status":"publish","type":"product","link":"https:\/\/wpayo.com\/es\/paga-gateway\/authorize-net-gateway-learnpress\/","title":{"rendered":"Authorize.net Gateway &#8211; LearnPress"},"content":{"rendered":"<p>Mejore las capacidades de su plataforma de aprendizaje en l\u00ednea con la integraci\u00f3n de la pasarela de pago Authorize.Net para LearnPress. Este poderoso complemento combina sin esfuerzo la pasarela de pago seguro de Authorize.Net con su configuraci\u00f3n de LearnPress, lo que facilita la administraci\u00f3n de pagos y suscripciones a cursos. Si usted es un educador, un proveedor de capacitaci\u00f3n o dirige una academia en l\u00ednea, nuestro complemento garantiza un procesamiento de pagos confiable y eficiente para su sitio de aprendizaje en l\u00ednea.<\/p>\n<h3><strong>Caracter\u00edsticas clave:<\/strong><\/h3>\n<ol>\n<li><strong>Integraci\u00f3n sin esfuerzo:<\/strong> Integre Authorize.Net en su sistema LearnPress sin una configuraci\u00f3n complicada. Empieza a aceptar pagos de cursos f\u00e1cilmente, incluso si no eres un experto en tecnolog\u00eda.<\/li>\n<li><strong>Seguridad s\u00f3lida:<\/strong> Tenga la seguridad de contar con una seguridad de primer nivel para todas las transacciones de pago, manteniendo la privacidad de la informaci\u00f3n de pago de sus alumnos.<\/li>\n<li><strong>Opciones de pago personalizables:<\/strong> Adapte los precios de sus cursos a sus necesidades espec\u00edficas. Personalice compras \u00fanicas, suscripciones o paquetes para ofrecer una experiencia de aprendizaje personalizada.<\/li>\n<li><strong>Alcance global:<\/strong> atraiga estudiantes de todo el mundo aceptando pagos en m\u00faltiples monedas, lo que facilita la vida de los estudiantes internacionales.<\/li>\n<li><strong>Registro autom\u00e1tico:<\/strong> simplifique la gesti\u00f3n del curso con el registro autom\u00e1tico despu\u00e9s del pago exitoso, lo que garantiza una experiencia de aprendizaje perfecta para sus estudiantes.<\/li>\n<\/ol>\n<h3><strong>\u00bfPor qu\u00e9 elegir la integraci\u00f3n de Authorize.Net para LearnPress?<\/strong><\/h3>\n<ul>\n<li><strong>Confiabilidad:<\/strong> Authorize.Net es un nombre confiable en el procesamiento de pagos en l\u00ednea, conocido por su confiabilidad y s\u00f3lidas medidas de seguridad.<\/li>\n<li><strong>F\u00e1cil de usar:<\/strong> Nuestro complemento est\u00e1 dise\u00f1ado teniendo en cuenta la experiencia del usuario, lo que facilita la configuraci\u00f3n y administraci\u00f3n de transacciones, incluso para principiantes en pagos en l\u00ednea.<\/li>\n<li><strong>Adaptabilidad:<\/strong> ya sea que ofrezca cursos individuales, aprendizaje basado en suscripci\u00f3n o rutas de aprendizaje personalizadas, nuestro complemento se adapta a sus necesidades. Personalice las opciones de pago para que coincidan con sus ofertas de cursos.<\/li>\n<li><strong>Soporte dedicado:<\/strong> Nuestro equipo de soporte est\u00e1 disponible para ayudarlo con cualquier problema o pregunta, manteniendo su plataforma de aprendizaje en l\u00ednea funcionando sin problemas.<\/li>\n<\/ul>\n<p><strong>Empiece hoy:<\/strong> no pierda el potencial de ingresos ni la oportunidad de brindar una educaci\u00f3n valiosa. Mejore su plataforma de aprendizaje en l\u00ednea con la integraci\u00f3n de la pasarela de pago Authorize.Net para LearnPress. Simplifique el proceso de pago, genere confianza entre sus alumnos e impulse el \u00e9xito de sus cursos en l\u00ednea. Comience ahora y descubra los beneficios de realizar transacciones en l\u00ednea sin complicaciones.<\/p>\n<p>\u00bfListo para actualizar su plataforma de aprendizaje en l\u00ednea? Descargue la integraci\u00f3n Authorize.Net para LearnPress y comience a aceptar pagos con confianza.<\/p>\n<div class=\"cl-preview-section\">\n<h4 id=\"requisitos\">Requisitos<\/h4>\n<\/div>\n<div class=\"cl-preview-section\">\n<ul>\n<li>Cuenta activa en <a href=\"https:\/\/www.authorize.net\" target=\"_blank\" rel=\"noopener\">www.authorize.net\/<\/a>: reg\u00edstrese para obtener una cuenta sandbox si necesita realizar una prueba.<\/a> li >\n<li><strong>Complemento LearnPress<\/strong><\/li>\n<li>Se requiere un certificado SSL v\u00e1lido para garantizar la seguridad de los datos de la tarjeta de cr\u00e9dito de sus clientes y hacer que su sitio cumpla con PCI DSS. Este complemento no almacena n\u00fameros de tarjetas de cr\u00e9dito ni informaci\u00f3n confidencial en su sitio.<\/li>\n<\/ul>\n<\/div>\n<div class=\"cl-preview-section\">\n<p><strong>Descargo de responsabilidad:<\/strong><\/p>\n<p>Tenga en cuenta que este sitio web no procesa transacciones directamente. Act\u00faa como un puente para conectar sin problemas su complemento LearnPress a la pasarela de pago confiable de Authorize.Net. Todas las transacciones se procesan de forma segura en la plataforma Authorize.Net, lo que garantiza los m\u00e1s altos niveles de seguridad y cumplimiento.<\/p>\n<\/div>\n","protected":false},"excerpt":{"rendered":"<p>Integrate Authorize.Net On LearnPress Plugin<\/p>\n","protected":false},"featured_media":2022,"comment_status":"open","ping_status":"closed","template":"","meta":{"_acf_changed":false},"product_cat":[94,226],"product_tag":[140],"class_list":{"0":"post-2021","1":"product","2":"type-product","3":"status-publish","4":"has-post-thumbnail","6":"product_cat-learnpress","7":"product_cat-wordpress-payment-plugin","8":"product_tag-authorize-net","10":"first","11":"instock","12":"shipping-taxable","13":"purchasable","14":"product-type-simple"},"acf":[],"_links":{"self":[{"href":"https:\/\/wpayo.com\/es\/wp-json\/wp\/v2\/product\/2021","targetHints":{"allow":["GET"]}}],"collection":[{"href":"https:\/\/wpayo.com\/es\/wp-json\/wp\/v2\/product"}],"about":[{"href":"https:\/\/wpayo.com\/es\/wp-json\/wp\/v2\/types\/product"}],"replies":[{"embeddable":true,"href":"https:\/\/wpayo.com\/es\/wp-json\/wp\/v2\/comments?post=2021"}],"wp:featuredmedia":[{"embeddable":true,"href":"https:\/\/wpayo.com\/es\/wp-json\/wp\/v2\/media\/2022"}],"wp:attachment":[{"href":"https:\/\/wpayo.com\/es\/wp-json\/wp\/v2\/media?parent=2021"}],"wp:term":[{"taxonomy":"product_cat","embeddable":true,"href":"https:\/\/wpayo.com\/es\/wp-json\/wp\/v2\/product_cat?post=2021"},{"taxonomy":"product_tag","embeddable":true,"href":"https:\/\/wpayo.com\/es\/wp-json\/wp\/v2\/product_tag?post=2021"}],"curies":[{"name":"wp","href":"https:\/\/api.w.org\/{rel}","templated":true}]}}