{"id":2023,"date":"2024-01-17T13:17:49","date_gmt":"2024-01-17T13:17:49","guid":{"rendered":"https:\/\/wpayo.com\/es\/?post_type=product&#038;p=2023"},"modified":"2024-01-17T13:17:49","modified_gmt":"2024-01-17T13:17:49","slug":"instamojo-gateway-learnpress","status":"publish","type":"product","link":"https:\/\/wpayo.com\/es\/paga-gateway\/instamojo-gateway-learnpress\/","title":{"rendered":"Instamojo Gateway &#8211; LearnPress"},"content":{"rendered":"<p>Mejore la experiencia de pago en su plataforma de aprendizaje en l\u00ednea con la integraci\u00f3n de la pasarela de pago Instamojo para LearnPress. Este complemento vers\u00e1til conecta perfectamente su configuraci\u00f3n de LearnPress con la confiable pasarela de pago de Instamojo, lo que facilita la administraci\u00f3n de pagos y suscripciones a cursos. Si usted es un educador, un proveedor de capacitaci\u00f3n o dirige una academia en l\u00ednea, nuestro complemento garantiza un procesamiento de pagos seguro y eficiente para su sitio de aprendizaje en l\u00ednea.<\/p>\n<h3><strong>Caracter\u00edsticas clave:<\/strong><\/h3>\n<ol>\n<li><strong>Integraci\u00f3n sin esfuerzo:<\/strong> Integre Instamojo en su sistema LearnPress sin la necesidad de una configuraci\u00f3n compleja. Comienza a aceptar pagos de cursos en minutos, incluso si no eres un usuario experto en tecnolog\u00eda.<\/li>\n<li><strong>Seguridad s\u00f3lida:<\/strong> Descanse tranquilo sabiendo que todas las transacciones de pago est\u00e1n protegidas por las funciones de seguridad avanzadas de Instamojo, lo que mantiene la privacidad de la informaci\u00f3n de pago de sus alumnos.<\/li>\n<li><strong>Opciones de pago flexibles:<\/strong> Personalice los precios de sus cursos para satisfacer sus necesidades espec\u00edficas. Ya sea que ofrezca compras \u00fanicas, aprendizaje basado en suscripci\u00f3n o paquetes de cursos combinados, todo est\u00e1 bajo su control.<\/li>\n<li><strong>Accesibilidad global:<\/strong> atraiga estudiantes de todo el mundo aceptando pagos en m\u00faltiples monedas, brindando comodidad a los estudiantes internacionales.<\/li>\n<li><strong>Registro automatizado:<\/strong> simplifique la gesti\u00f3n del curso con el registro autom\u00e1tico tan pronto como se realice un pago exitoso, lo que garantiza un viaje de aprendizaje fluido y sin complicaciones para sus estudiantes.<\/li>\n<\/ol>\n<h3><strong>\u00bfPor qu\u00e9 elegir la integraci\u00f3n de Instamojo para LearnPress?<\/strong><\/h3>\n<ul>\n<li><strong>Confiabilidad:<\/strong> Instamojo es un nombre confiable en el procesamiento de pagos en l\u00ednea, conocido por su confiabilidad y s\u00f3lidas medidas de seguridad.<\/li>\n<li><strong>F\u00e1cil de usar:<\/strong> Nuestro complemento est\u00e1 dise\u00f1ado teniendo en cuenta la experiencia del usuario, lo que facilita la configuraci\u00f3n y administraci\u00f3n de transacciones, incluso para principiantes en pagos en l\u00ednea.<\/li>\n<li><strong>Adaptabilidad:<\/strong> ya sea que ofrezca cursos individuales, aprendizaje basado en suscripci\u00f3n o rutas de aprendizaje personalizadas, nuestro complemento se adapta a sus necesidades. Personalice las opciones de pago para que coincidan con sus ofertas de cursos.<\/li>\n<li><strong>Soporte dedicado:<\/strong> Nuestro equipo de soporte est\u00e1 disponible para ayudarlo con cualquier problema o pregunta, manteniendo su plataforma de aprendizaje en l\u00ednea funcionando sin problemas.<\/li>\n<\/ul>\n<p><strong>Empiece hoy:<\/strong> no pierda el potencial de ingresos y la oportunidad de brindar una educaci\u00f3n valiosa. Mejore su plataforma de aprendizaje en l\u00ednea con la integraci\u00f3n de la pasarela de pago Instamojo para LearnPress. Simplifique el proceso de pago, genere confianza entre sus alumnos e impulse el \u00e9xito de sus cursos en l\u00ednea. Comience su viaje ahora y descubra los beneficios de las transacciones en l\u00ednea sin complicaciones.<\/p>\n<p>\u00bfListo para mejorar su plataforma de aprendizaje en l\u00ednea? Descargue la integraci\u00f3n de Instamojo para LearnPress y comience a aceptar pagos con confianza.<\/p>\n<div class=\"cl-preview-section\">\n<h4 id=\"requisitos\">Requisitos<\/h4>\n<\/div>\n<div class=\"cl-preview-section\">\n<ul>\n<li>Cuenta activa en <a href=\"https:\/\/www.instamojo.com\/\" target=\"_blank\" rel=\"noopener\">www.instamojo.com\/<\/a>: reg\u00edstrese para obtener una cuenta sandbox <a href=\"https:\/ \/support .instamojo.com\/hc\/en-us\/articles\/208485675-Test-or-Sandbox-Account\" target=\"_blank\" rel=\"noopener\">aqu\u00ed<\/a> si necesita realizar una prueba.<\/a> li >\n<li><strong>Complemento LearnPress<\/strong><\/li>\n<li>Se requiere un certificado SSL v\u00e1lido para garantizar la seguridad de los datos de la tarjeta de cr\u00e9dito de sus clientes y hacer que su sitio cumpla con PCI DSS. Este complemento no almacena n\u00fameros de tarjetas de cr\u00e9dito ni informaci\u00f3n confidencial en su sitio.<\/li>\n<\/ul>\n<\/div>\n<div class=\"cl-preview-section\">\n<h4 id=\"disclaimer\">Descargo de responsabilidad<\/h4>\n<\/div>\n<div class=\"cl-preview-section\">\n<p>Tenga en cuenta que este sitio web no maneja el procesamiento de transacciones directas. Sirve como puente para conectar su complemento LearnPress a la confiable pasarela de pago de Instamojo. Todas las transacciones se procesan de forma segura en la plataforma Instamojo, lo que garantiza los m\u00e1s altos niveles de seguridad y cumplimiento.<\/p>\n<\/div>\n","protected":false},"excerpt":{"rendered":"<p>Integrate Instamojo Gateway for LearnPress<\/p>\n","protected":false},"featured_media":2024,"comment_status":"open","ping_status":"closed","template":"","meta":{"_acf_changed":false},"product_cat":[94],"product_tag":[210],"class_list":{"0":"post-2023","1":"product","2":"type-product","3":"status-publish","4":"has-post-thumbnail","6":"product_cat-learnpress","7":"product_tag-instamojo","9":"first","10":"instock","11":"shipping-taxable","12":"purchasable","13":"product-type-simple"},"acf":[],"_links":{"self":[{"href":"https:\/\/wpayo.com\/es\/wp-json\/wp\/v2\/product\/2023","targetHints":{"allow":["GET"]}}],"collection":[{"href":"https:\/\/wpayo.com\/es\/wp-json\/wp\/v2\/product"}],"about":[{"href":"https:\/\/wpayo.com\/es\/wp-json\/wp\/v2\/types\/product"}],"replies":[{"embeddable":true,"href":"https:\/\/wpayo.com\/es\/wp-json\/wp\/v2\/comments?post=2023"}],"wp:featuredmedia":[{"embeddable":true,"href":"https:\/\/wpayo.com\/es\/wp-json\/wp\/v2\/media\/2024"}],"wp:attachment":[{"href":"https:\/\/wpayo.com\/es\/wp-json\/wp\/v2\/media?parent=2023"}],"wp:term":[{"taxonomy":"product_cat","embeddable":true,"href":"https:\/\/wpayo.com\/es\/wp-json\/wp\/v2\/product_cat?post=2023"},{"taxonomy":"product_tag","embeddable":true,"href":"https:\/\/wpayo.com\/es\/wp-json\/wp\/v2\/product_tag?post=2023"}],"curies":[{"name":"wp","href":"https:\/\/api.w.org\/{rel}","templated":true}]}}