{"id":2028,"date":"2024-01-17T13:17:47","date_gmt":"2024-01-17T13:17:47","guid":{"rendered":"https:\/\/wpayo.com\/es\/?post_type=product&#038;p=2028"},"modified":"2024-01-17T13:17:48","modified_gmt":"2024-01-17T13:17:48","slug":"ccavenue-payment-gateway-contact-form-7","status":"publish","type":"product","link":"https:\/\/wpayo.com\/es\/paga-gateway\/ccavenue-payment-gateway-contact-form-7\/","title":{"rendered":"CCAvenue Payment Gateway &#8211; Contact Form 7"},"content":{"rendered":"<p>Facilite el cobro de pagos en su sitio web utilizando la integraci\u00f3n de la pasarela de pago CCAvenue para Contact Form 7. Este complemento vers\u00e1til conecta sin esfuerzo sus formularios de Contact Form 7 a la pasarela de pago CCAvenue confiable, lo que garantiza una experiencia sin complicaciones para los clientes que desean realizar pagos y donaciones. o realizar pedidos. Ya sea que administre una tienda de comercio electr\u00f3nico, acepte inscripciones a eventos o brinde servicios, nuestro complemento garantiza un procesamiento de transacciones seguro y eficiente.<\/p>\n<p><strong>Caracter\u00edsticas clave:<\/strong><\/p>\n<ol>\n<li><strong>Integraci\u00f3n sin esfuerzo:<\/strong> Integre perfectamente CCAvenue en su configuraci\u00f3n de Contact Form 7 sin configuraciones complejas. Comience a aceptar pagos en minutos, ya sea que sea un experto en tecnolog\u00eda o sea nuevo en las transacciones en l\u00ednea.<\/li>\n<li><strong>Seguridad s\u00f3lida:<\/strong> Descanse tranquilo sabiendo que todas las transacciones de pago est\u00e1n protegidas por las funciones de seguridad avanzadas de CCAvenue, lo que mantiene la privacidad de los datos confidenciales de sus clientes.<\/li>\n<li><strong>Formularios personalizables:<\/strong> cree formularios de pago personalizados que satisfagan sus necesidades espec\u00edficas. Personalice campos y opciones para proporcionar una experiencia de pago atractiva y f\u00e1cil de usar.<\/li>\n<li><strong>Soporte multidivisa:<\/strong> ampl\u00ede su alcance a nivel mundial aceptando pagos en varias monedas para atender a clientes internacionales.<\/li>\n<li><strong>Informes detallados:<\/strong> realice un seguimiento de sus transacciones financieras con funciones integrales de informes que lo ayudar\u00e1n a mantenerse organizado y tomar decisiones informadas.<\/li>\n<\/ol>\n<p><strong>\u00bfPor qu\u00e9 elegir CCAvenue Gateway para el formulario de contacto 7?<\/strong><\/p>\n<ul>\n<li><strong>Confiabilidad:<\/strong> CCAvenue es un nombre confiable en el procesamiento de pagos en l\u00ednea, conocido por su confiabilidad y s\u00f3lidas medidas de seguridad.<\/li>\n<li><strong>F\u00e1cil de usar:<\/strong> Nuestro complemento est\u00e1 dise\u00f1ado teniendo en cuenta la experiencia del usuario, lo que facilita la configuraci\u00f3n y administraci\u00f3n de transacciones, incluso para quienes son nuevos en los pagos en l\u00ednea.<\/li>\n<li><strong>Adaptabilidad:<\/strong> Ya sea que venda productos, acepte donaciones o proporcione servicios, nuestro complemento se adapta a sus necesidades. Personalice los formularios para que coincidan con su marca y los requisitos de transacci\u00f3n espec\u00edficos.<\/li>\n<li><strong>Soporte dedicado:<\/strong> Si encuentra alg\u00fan problema o tiene alguna pregunta, nuestro equipo de soporte est\u00e1 disponible para ayudarlo en cada paso del camino.<\/li>\n<\/ul>\n<p><strong>Empiece hoy:<\/strong> No se pierda posibles ventas, donaciones o pedidos. Simplifique su proceso de pago, genere confianza en sus clientes e impulse su negocio en l\u00ednea con la pasarela de pago CCAvenue para el Formulario de contacto 7. Comience ahora y disfrute de los beneficios de las transacciones en l\u00ednea sin complicaciones.<\/p>\n<div class=\"cl-preview-section\">\n<h4 id=\"requisitos\">Requisitos<\/h4>\n<\/div>\n<div class=\"cl-preview-section\">\n<ul>\n<li>Cuenta activa en <a href=\"https:\/\/www.ccvenue.com\/\" target=\"_blank\" rel=\"noopener noreferrer\">CCAvenue<\/a>: debe ser un comerciante indio para registrarse.< \/li>\n<li>Complemento de formulario de contacto 7<\/li>\n<li>Los formularios deben funcionar en modo no AJAX.<\/li>\n<li>No se requiere un certificado SSL v\u00e1lido ya que los datos de la tarjeta de cr\u00e9dito de su cliente se ingresan de forma segura en las p\u00e1ginas alojadas en CCAvenue. Sin embargo, se recomienda tener uno. Este complemento no almacena n\u00fameros de tarjetas de cr\u00e9dito ni informaci\u00f3n confidencial del cliente en su sitio.<\/li>\n<\/ul>\n<\/div>\n<div class=\"cl-preview-section\">\n<h4 id=\"disclaimer\">Descargo de responsabilidad<\/h4>\n<\/div>\n<div class=\"cl-preview-section\">\n<p>Todas las transacciones se procesan de forma segura en la plataforma CCAvenue, lo que garantiza los m\u00e1s altos niveles de seguridad y cumplimiento.<\/p>\n<\/div>\n","protected":false},"excerpt":{"rendered":"<p>Integrate CCAvenue Gateway for Contact Form 7<\/p>\n","protected":false},"featured_media":2029,"comment_status":"open","ping_status":"closed","template":"","meta":{"_acf_changed":false},"product_cat":[53],"product_tag":[175],"class_list":{"0":"post-2028","1":"product","2":"type-product","3":"status-publish","4":"has-post-thumbnail","6":"product_cat-contact-form-7","7":"product_tag-ccavenue","9":"first","10":"instock","11":"shipping-taxable","12":"purchasable","13":"product-type-simple"},"acf":[],"_links":{"self":[{"href":"https:\/\/wpayo.com\/es\/wp-json\/wp\/v2\/product\/2028","targetHints":{"allow":["GET"]}}],"collection":[{"href":"https:\/\/wpayo.com\/es\/wp-json\/wp\/v2\/product"}],"about":[{"href":"https:\/\/wpayo.com\/es\/wp-json\/wp\/v2\/types\/product"}],"replies":[{"embeddable":true,"href":"https:\/\/wpayo.com\/es\/wp-json\/wp\/v2\/comments?post=2028"}],"wp:featuredmedia":[{"embeddable":true,"href":"https:\/\/wpayo.com\/es\/wp-json\/wp\/v2\/media\/2029"}],"wp:attachment":[{"href":"https:\/\/wpayo.com\/es\/wp-json\/wp\/v2\/media?parent=2028"}],"wp:term":[{"taxonomy":"product_cat","embeddable":true,"href":"https:\/\/wpayo.com\/es\/wp-json\/wp\/v2\/product_cat?post=2028"},{"taxonomy":"product_tag","embeddable":true,"href":"https:\/\/wpayo.com\/es\/wp-json\/wp\/v2\/product_tag?post=2028"}],"curies":[{"name":"wp","href":"https:\/\/api.w.org\/{rel}","templated":true}]}}