{"id":2031,"date":"2024-01-17T13:17:46","date_gmt":"2024-01-17T13:17:46","guid":{"rendered":"https:\/\/wpayo.com\/es\/?post_type=product&#038;p=2031"},"modified":"2024-01-17T13:17:47","modified_gmt":"2024-01-17T13:17:47","slug":"ccavenue-payment-gateway-learndash","status":"publish","type":"product","link":"https:\/\/wpayo.com\/es\/paga-gateway\/ccavenue-payment-gateway-learndash\/","title":{"rendered":"CCAvenue Payment Gateway &#8211; LearnDash"},"content":{"rendered":"<div class=\"flex flex-grow flex-col max-w-full gap-3 gizmo:gap-0\">\n<div class=\"min-h-[20px] mensaje de texto flex flex-col elementos-inicio espacio-3 espacios en blanco-pre-wrap palabras de ruptura [.text-message+&amp;]:mt-5 overflow-x- autom\u00e1tico\" data-message-author-role=\"asistente\" data-message-id=\"fdecd845-b36a-487e-b48a-004103ac4343\">\n<div class=\"prosa rebajada con palabras de ruptura completas oscuras: prosa-invertida oscura\">\n<p><strong>Descubra el cobro de pagos sin problemas para su plataforma de aprendizaje en l\u00ednea con la integraci\u00f3n de CCAvenue y LearnDash<\/strong><\/p>\n<p><strong>\u00bfQu\u00e9 es CCAvenue?<\/strong><\/p>\n<p>CCAvenue es una pasarela de pagos en l\u00ednea y un servicio de procesamiento muy conocido en la India, que proporciona una plataforma segura y eficiente para que las empresas y los propietarios de sitios web acepten pagos en l\u00ednea. Con una amplia gama de opciones de pago, que incluyen tarjetas de cr\u00e9dito, tarjetas de d\u00e9bito, pagos en l\u00ednea y billeteras digitales, CCAvenue es una soluci\u00f3n vers\u00e1til para diversas plataformas en l\u00ednea, incluidos sitios web comerciales de aprendizaje en l\u00ednea.<\/p>\n<p><strong>Caracter\u00edsticas clave de la pasarela de pago CCAvenue para LearnDash:<\/strong><\/p>\n<ol>\n<li><strong>Integraci\u00f3n sin esfuerzo:<\/strong> Integre f\u00e1cilmente CCAvenue en su plataforma LearnDash sin configuraciones complejas. Comience a aceptar pagos de cursos, suscripciones y m\u00e1s en minutos, independientemente de su nivel de experiencia t\u00e9cnica.<\/li>\n<li><strong>Seguridad s\u00f3lida:<\/strong> Benef\u00edciese de una seguridad de primer nivel para todas las transacciones, garantizando la confidencialidad de la informaci\u00f3n de pago de sus alumnos.<\/li>\n<li><strong>Opciones de pago personalizables:<\/strong> Adapte los precios de sus cursos y los modelos de suscripci\u00f3n a sus necesidades espec\u00edficas. Ya sea que ofrezca cursos individuales, suscripciones o rutas de aprendizaje personalizadas, todo est\u00e1 bajo su control.<\/li>\n<li><strong>Alcance global:<\/strong> atraiga estudiantes de todo el mundo aceptando pagos en m\u00faltiples monedas, brindando comodidad a los estudiantes internacionales.<\/li>\n<li><strong>Registro autom\u00e1tico:<\/strong> simplifique la gesti\u00f3n del curso con el registro autom\u00e1tico despu\u00e9s del pago exitoso, lo que garantiza un viaje de aprendizaje fluido y sin complicaciones para sus estudiantes.<\/li>\n<\/ol>\n<p><strong>\u00bfPor qu\u00e9 elegir CCAvenue para LearnDash?<\/strong><\/p>\n<ul>\n<li><strong>Confiabilidad:<\/strong> CCAvenue es un nombre confiable en el procesamiento de pagos en l\u00ednea, conocido por su confiabilidad y s\u00f3lidas medidas de seguridad.<\/li>\n<li><strong>Facilidad de uso:<\/strong> el complemento est\u00e1 dise\u00f1ado teniendo en cuenta la experiencia del usuario, lo que facilita la configuraci\u00f3n y administraci\u00f3n de transacciones, incluso para quienes son nuevos en los pagos en l\u00ednea.<\/li>\n<li><strong>Adaptabilidad:<\/strong> ya sea que ofrezca cursos individuales, aprendizaje basado en suscripci\u00f3n o rutas de aprendizaje personalizadas, el complemento se adapta a sus necesidades. Personalice las opciones de pago para que coincidan con sus ofertas de cursos.<\/li>\n<li><strong>Soporte dedicado:<\/strong> Un equipo de soporte est\u00e1 disponible para ayudarlo con cualquier problema o pregunta, garantizando que su plataforma de aprendizaje en l\u00ednea funcione sin problemas.<\/li>\n<\/ul>\n<p><strong>Empiece hoy:<\/strong><\/p>\n<p>No pierda el potencial de ingresos ni la oportunidad de brindar una educaci\u00f3n valiosa. Mejore su plataforma de aprendizaje en l\u00ednea con la pasarela de pago CCAvenue para LearnDash. Simplifique el proceso de pago, infunda confianza en sus alumnos e impulse el \u00e9xito de sus cursos en l\u00ednea. Comience su viaje ahora y descubra los beneficios de las transacciones en l\u00ednea sin inconvenientes.<\/p>\n<p><strong>Requisitos:<\/strong><\/p>\n<ul>\n<li>Cuenta activa <a href=\"https:\/\/www.ccvenue.com\/\" target=\"_new\" rel=\"noopener\">CCAvenue<\/a>: debe ser un comerciante indio para registrarse.&lt;\/ li &gt;<\/li>\n<li>Complemento LearnDash.<\/li>\n<li>Los formularios deben funcionar en modo no AJAX.<\/li>\n<li>Se recomienda un certificado SSL v\u00e1lido para la seguridad de los datos de la tarjeta de cr\u00e9dito de los clientes.<\/li>\n<\/ul>\n<p><strong>Descargo de responsabilidad:<\/strong><\/p>\n<p>Todas las transacciones se procesan de forma segura en la plataforma CCAvenue, lo que garantiza los m\u00e1s altos niveles de seguridad y cumplimiento.<\/p>\n<\/div>\n<\/div>\n<\/div>\n","protected":false},"excerpt":{"rendered":"<p>Integrate CCAvenue Gateway for LearnDash<\/p>\n","protected":false},"featured_media":2032,"comment_status":"open","ping_status":"closed","template":"","meta":{"_acf_changed":false},"product_cat":[55],"product_tag":[175],"class_list":{"0":"post-2031","1":"product","2":"type-product","3":"status-publish","4":"has-post-thumbnail","6":"product_cat-learndash","7":"product_tag-ccavenue","9":"first","10":"instock","11":"shipping-taxable","12":"purchasable","13":"product-type-simple"},"acf":[],"_links":{"self":[{"href":"https:\/\/wpayo.com\/es\/wp-json\/wp\/v2\/product\/2031","targetHints":{"allow":["GET"]}}],"collection":[{"href":"https:\/\/wpayo.com\/es\/wp-json\/wp\/v2\/product"}],"about":[{"href":"https:\/\/wpayo.com\/es\/wp-json\/wp\/v2\/types\/product"}],"replies":[{"embeddable":true,"href":"https:\/\/wpayo.com\/es\/wp-json\/wp\/v2\/comments?post=2031"}],"wp:featuredmedia":[{"embeddable":true,"href":"https:\/\/wpayo.com\/es\/wp-json\/wp\/v2\/media\/2032"}],"wp:attachment":[{"href":"https:\/\/wpayo.com\/es\/wp-json\/wp\/v2\/media?parent=2031"}],"wp:term":[{"taxonomy":"product_cat","embeddable":true,"href":"https:\/\/wpayo.com\/es\/wp-json\/wp\/v2\/product_cat?post=2031"},{"taxonomy":"product_tag","embeddable":true,"href":"https:\/\/wpayo.com\/es\/wp-json\/wp\/v2\/product_tag?post=2031"}],"curies":[{"name":"wp","href":"https:\/\/api.w.org\/{rel}","templated":true}]}}