{"id":2034,"date":"2024-01-17T13:18:02","date_gmt":"2024-01-17T13:18:02","guid":{"rendered":"https:\/\/wpayo.com\/es\/?post_type=product&#038;p=2034"},"modified":"2024-01-17T13:18:03","modified_gmt":"2024-01-17T13:18:03","slug":"ccavenue-payment-gateway-learnpress","status":"publish","type":"product","link":"https:\/\/wpayo.com\/es\/paga-gateway\/ccavenue-payment-gateway-learnpress\/","title":{"rendered":"CCAvenue Payment Gateway &#8211; LearnPress"},"content":{"rendered":"<div class=\"flex flex-grow flex-col max-w-full gap-3 gizmo:gap-0\">\n<div class=\"min-h-[20px] mensaje de texto flex flex-col elementos-inicio espacio-3 espacios en blanco-pre-wrap palabras de ruptura [.text-message+&amp;]:mt-5 overflow-x- autom\u00e1tico\" data-message-author-role=\"asistente\" data-message-id=\"18500f85-3cb1-4787-be0d-b7a0a1701f1e\">\n<div class=\"prosa rebajada con palabras de ruptura completas oscuras: prosa-invertida oscura\">\n<p><strong>Presentamos la integraci\u00f3n de la pasarela de pago CCAvenue para LearnPress: una soluci\u00f3n completa para simplificar el cobro de pagos en su plataforma de aprendizaje en l\u00ednea<\/strong><\/p>\n<p><strong>\u00bfPor qu\u00e9 elegir CCAvenue?<\/strong><\/p>\n<p>CCAvenue es un nombre confiable en el mundo de los pagos en l\u00ednea, con reputaci\u00f3n de brindar soluciones de pago seguras y eficientes. A medida que explora la integraci\u00f3n de CCAvenue para LearnPress, puede esperar:<\/p>\n<ol>\n<li><strong>Integraci\u00f3n sin esfuerzo:<\/strong> integre f\u00e1cilmente CCAvenue en su plataforma LearnPress. No importa tu experiencia t\u00e9cnica, puedes comenzar a aceptar pagos por tus cursos y suscripciones en minutos.<\/li>\n<li><strong>Seguridad de alto nivel:<\/strong> Tenga la seguridad de que las medidas de seguridad avanzadas de CCAvenue protegen todas las transacciones. La informaci\u00f3n de pago confidencial de sus alumnos permanece confidencial y segura.<\/li>\n<li><strong>Opciones de pago personalizables:<\/strong> Adapte los precios de sus cursos y los modelos de suscripci\u00f3n a sus necesidades espec\u00edficas. Ya sea que ofrezca cursos individuales, aprendizaje basado en suscripci\u00f3n o viajes de aprendizaje personalizados, CCAvenue ofrece flexibilidad.<\/li>\n<li><strong>Alcance global:<\/strong> Atraiga estudiantes de todo el mundo aceptando pagos en m\u00faltiples monedas. Esta comodidad facilita el acceso a sus cursos para los estudiantes internacionales.<\/li>\n<li><strong>Registro autom\u00e1tico:<\/strong> Simplifique la gesti\u00f3n del curso con el registro autom\u00e1tico despu\u00e9s del pago exitoso. Sus alumnos disfrutar\u00e1n de un viaje de aprendizaje fluido y sin complicaciones.<\/li>\n<\/ol>\n<p><strong>Empiece hoy:<\/strong><\/p>\n<p>No pierda el potencial de ingresos ni la oportunidad de brindar una educaci\u00f3n valiosa. Mejore su plataforma de aprendizaje en l\u00ednea con CCAvenue Payment Gateway para LearnPress. Simplifique el proceso de pago, inspire confianza en sus alumnos e impulse el \u00e9xito de sus cursos en l\u00ednea.<\/p>\n<p><strong>Requisitos:<\/strong><\/p>\n<ul>\n<li>Cuenta activa <a href=\"https:\/\/www.ccvenue.com\/\" target=\"_new\" rel=\"noopener\">CCAvenue<\/a>: debe ser un comerciante indio para registrarse.<\/ li >\n<li>Complemento LearnPress.<\/li>\n<li>Los formularios deben funcionar en modo no AJAX.<\/li>\n<li>No se requiere un certificado SSL v\u00e1lido ya que los datos de la tarjeta de cr\u00e9dito de sus clientes se ingresan de forma segura en las p\u00e1ginas alojadas en CCAvenue; sin embargo, se recomienda tener uno. Este complemento no almacena n\u00fameros de tarjetas de cr\u00e9dito ni informaci\u00f3n confidencial del cliente en su sitio web.<\/li>\n<\/ul>\n<p><strong>Descargo de responsabilidad:<\/strong><\/p>\n<p>Todas las transacciones se procesan de forma segura en la plataforma CCAvenue, lo que garantiza los m\u00e1s altos niveles de seguridad y cumplimiento.<\/p>\n<\/div>\n<\/div>\n<\/div>\n","protected":false},"excerpt":{"rendered":"<p>Integrate CCAvenue Gateway for LearnPress<\/p>\n","protected":false},"featured_media":2035,"comment_status":"open","ping_status":"closed","template":"","meta":{"_acf_changed":false},"product_cat":[94],"product_tag":[175],"class_list":{"0":"post-2034","1":"product","2":"type-product","3":"status-publish","4":"has-post-thumbnail","6":"product_cat-learnpress","7":"product_tag-ccavenue","9":"first","10":"instock","11":"shipping-taxable","12":"purchasable","13":"product-type-simple"},"acf":[],"_links":{"self":[{"href":"https:\/\/wpayo.com\/es\/wp-json\/wp\/v2\/product\/2034","targetHints":{"allow":["GET"]}}],"collection":[{"href":"https:\/\/wpayo.com\/es\/wp-json\/wp\/v2\/product"}],"about":[{"href":"https:\/\/wpayo.com\/es\/wp-json\/wp\/v2\/types\/product"}],"replies":[{"embeddable":true,"href":"https:\/\/wpayo.com\/es\/wp-json\/wp\/v2\/comments?post=2034"}],"wp:featuredmedia":[{"embeddable":true,"href":"https:\/\/wpayo.com\/es\/wp-json\/wp\/v2\/media\/2035"}],"wp:attachment":[{"href":"https:\/\/wpayo.com\/es\/wp-json\/wp\/v2\/media?parent=2034"}],"wp:term":[{"taxonomy":"product_cat","embeddable":true,"href":"https:\/\/wpayo.com\/es\/wp-json\/wp\/v2\/product_cat?post=2034"},{"taxonomy":"product_tag","embeddable":true,"href":"https:\/\/wpayo.com\/es\/wp-json\/wp\/v2\/product_tag?post=2034"}],"curies":[{"name":"wp","href":"https:\/\/api.w.org\/{rel}","templated":true}]}}