{"id":2036,"date":"2024-01-17T13:18:02","date_gmt":"2024-01-17T13:18:02","guid":{"rendered":"https:\/\/wpayo.com\/es\/?post_type=product&#038;p=2036"},"modified":"2024-01-17T13:18:02","modified_gmt":"2024-01-17T13:18:02","slug":"ccavenue-payment-gateway-wpforms","status":"publish","type":"product","link":"https:\/\/wpayo.com\/es\/paga-gateway\/ccavenue-payment-gateway-wpforms\/","title":{"rendered":"CCAvenue Payment Gateway &#8211; WPForms"},"content":{"rendered":"<div class=\"flex flex-grow flex-col max-w-full gap-3 gizmo:gap-0\">\n<div class=\"min-h-[20px] mensaje de texto flex flex-col elementos-inicio espacio-3 espacios en blanco-pre-wrap palabras de ruptura [.text-message+&amp;]:mt-5 overflow-x- autom\u00e1tico\" data-message-author-role=\"asistente\" data-message-id=\"17eb3a10-c181-4e13-a19e-048f4a0de563\">\n<div class=\"prosa rebajada con palabras de ruptura completas oscuras: prosa-invertida oscura\">\n<p><strong>Presentamos la integraci\u00f3n de la pasarela de pago CCAvenue para WPForms: una potente soluci\u00f3n para simplificar el cobro de pagos en su sitio web<\/strong><\/p>\n<p><strong>\u00bfPor qu\u00e9 elegir CCAvenue?<\/strong><\/p>\n<p>CCAvenue es una pasarela de pago en l\u00ednea segura y confiable conocida por su confiabilidad. Al integrar CCAvenue en sus WPForms, puede brindarles a sus clientes una experiencia de pago segura y sin complicaciones.<\/p>\n<p><strong>\u00bfPor qu\u00e9 elegir CCAvenue?<\/strong><\/p>\n<p>CCAvenue es un nombre bien establecido en el mundo de los pagos en l\u00ednea, conocido por sus s\u00f3lidas medidas de seguridad y confiabilidad. He aqu\u00ed por qu\u00e9 deber\u00eda considerar la integraci\u00f3n de CCAvenue para WPForms:<\/p>\n<ul>\n<li><strong>Integraci\u00f3n sin esfuerzo:<\/strong> Integre f\u00e1cilmente CCAvenue en su configuraci\u00f3n de WPForms sin necesidad de codificaci\u00f3n compleja. Empieza a aceptar pagos, donaciones y pedidos en minutos, incluso si no eres un experto t\u00e9cnico.<\/li>\n<li><strong>Seguridad s\u00f3lida:<\/strong> Tenga la seguridad de que todas las transacciones de pago est\u00e1n protegidas por las funciones de seguridad avanzadas de CCAvenue, lo que garantiza la seguridad de los datos confidenciales de sus clientes.<\/li>\n<li><strong>Formularios personalizables:<\/strong> cree formularios de pago personalizados que se ajusten a sus necesidades espec\u00edficas. Personalice campos y opciones para brindar una experiencia de pago amigable y atractiva.<\/li>\n<li><strong>Soporte para m\u00faltiples monedas:<\/strong> ampl\u00ede su alcance global aceptando pagos en m\u00faltiples monedas, brindando comodidad a los clientes internacionales.<\/li>\n<li><strong>Informes detallados:<\/strong> realice un seguimiento de sus transacciones financieras con funciones integrales de informes que lo ayudar\u00e1n a mantenerse organizado y tomar decisiones informadas.<\/li>\n<\/ul>\n<p><strong>Empiece hoy:<\/strong><\/p>\n<p>No se pierda posibles ventas, donaciones o pedidos. Simplifique su proceso de pago, inspire la confianza de sus clientes e impulse su negocio en l\u00ednea con CCAvenue Payment Gateway para WPForms.<\/p>\n<p><strong>Requisitos:<\/strong><\/p>\n<ul>\n<li>Cuenta activa <a href=\"https:\/\/www.ccvenue.com\/\" target=\"_new\" rel=\"noopener\">CCAvenue<\/a>: debe ser un comerciante indio para registrarse.<\/ li >\n<li>Complemento WPForms.<\/li>\n<li>Los formularios deben funcionar en modo no AJAX.<\/li>\n<li>No se requiere un certificado SSL v\u00e1lido ya que los datos de la tarjeta de cr\u00e9dito de sus clientes se ingresan de forma segura en las p\u00e1ginas alojadas en CCAvenue; sin embargo, se recomienda tener uno. Este complemento no almacena n\u00fameros de tarjetas de cr\u00e9dito ni informaci\u00f3n confidencial del cliente en su sitio web.<\/li>\n<\/ul>\n<p><strong>Descargo de responsabilidad:<\/strong><\/p>\n<p>Todas las transacciones se procesan de forma segura en la plataforma CCAvenue, lo que garantiza los m\u00e1s altos niveles de seguridad y cumplimiento.<\/p>\n<\/div>\n<\/div>\n<\/div>\n","protected":false},"excerpt":{"rendered":"<p>Integrate CCAvenue Gateway for WPForms<\/p>\n","protected":false},"featured_media":2037,"comment_status":"open","ping_status":"closed","template":"","meta":{"_acf_changed":false},"product_cat":[49],"product_tag":[175],"class_list":{"0":"post-2036","1":"product","2":"type-product","3":"status-publish","4":"has-post-thumbnail","6":"product_cat-wpforms","7":"product_tag-ccavenue","9":"first","10":"instock","11":"shipping-taxable","12":"purchasable","13":"product-type-simple"},"acf":[],"_links":{"self":[{"href":"https:\/\/wpayo.com\/es\/wp-json\/wp\/v2\/product\/2036","targetHints":{"allow":["GET"]}}],"collection":[{"href":"https:\/\/wpayo.com\/es\/wp-json\/wp\/v2\/product"}],"about":[{"href":"https:\/\/wpayo.com\/es\/wp-json\/wp\/v2\/types\/product"}],"replies":[{"embeddable":true,"href":"https:\/\/wpayo.com\/es\/wp-json\/wp\/v2\/comments?post=2036"}],"wp:featuredmedia":[{"embeddable":true,"href":"https:\/\/wpayo.com\/es\/wp-json\/wp\/v2\/media\/2037"}],"wp:attachment":[{"href":"https:\/\/wpayo.com\/es\/wp-json\/wp\/v2\/media?parent=2036"}],"wp:term":[{"taxonomy":"product_cat","embeddable":true,"href":"https:\/\/wpayo.com\/es\/wp-json\/wp\/v2\/product_cat?post=2036"},{"taxonomy":"product_tag","embeddable":true,"href":"https:\/\/wpayo.com\/es\/wp-json\/wp\/v2\/product_tag?post=2036"}],"curies":[{"name":"wp","href":"https:\/\/api.w.org\/{rel}","templated":true}]}}