{"id":2038,"date":"2024-01-17T13:18:01","date_gmt":"2024-01-17T13:18:01","guid":{"rendered":"https:\/\/wpayo.com\/es\/?post_type=product&#038;p=2038"},"modified":"2024-01-17T13:18:01","modified_gmt":"2024-01-17T13:18:01","slug":"ccavenue-payment-gateway-bookly-pro","status":"publish","type":"product","link":"https:\/\/wpayo.com\/es\/paga-gateway\/ccavenue-payment-gateway-bookly-pro\/","title":{"rendered":"CCAvenue Payment Gateway &#8211; Bookly Pro"},"content":{"rendered":"<p>Mejore su proceso de reserva de citas y cobro de pagos con la pasarela de pago CCAvenue para Bookly Pro. CCAvenue es una pasarela de pago en l\u00ednea confiable y segura conocida por su confiabilidad y s\u00f3lidas funciones de seguridad. Al integrar CCAvenue en su configuraci\u00f3n de Bookly Pro, puede hacer que cobrar pagos por citas y servicios sea m\u00e1s f\u00e1cil que nunca.<\/p>\n<p><strong>\u00bfPor qu\u00e9 elegir CCAvenue para Bookly Pro?<\/strong><\/p>\n<ol>\n<li><strong>Integraci\u00f3n sin esfuerzo:<\/strong> Integre perfectamente CCAvenue en su marco Bookly Pro sin necesidad de codificaci\u00f3n compleja. Comience a aceptar pagos por citas en minutos, sin necesidad de experiencia t\u00e9cnica.<\/li>\n<li><strong>La mejor seguridad de su clase:<\/strong> Descanse tranquilo sabiendo que todas las transacciones de pago est\u00e1n protegidas por las funciones de seguridad avanzadas de CCAvenue, lo que mantiene seguros los datos confidenciales de sus clientes.<\/li>\n<li><strong>Formularios de reserva personalizables:<\/strong> cree formularios de reserva de citas personalizados que coincidan con sus ofertas de servicios \u00fanicas. Personalice campos y opciones para atraer eficazmente a sus clientes.<\/li>\n<li><strong>Soporte multidivisa:<\/strong> ampl\u00ede su alcance global aceptando pagos en m\u00faltiples monedas, brindando comodidad a los clientes internacionales.<\/li>\n<li><strong>Confirmaci\u00f3n autom\u00e1tica de reservas:<\/strong> simplifique la gesti\u00f3n de citas con confirmaciones autom\u00e1ticas de reservas y recordatorios, garantizando que sus clientes se mantengan organizados y actualizados.<\/li>\n<\/ol>\n<p><strong>Empiece hoy:<\/strong> no pierda reservas e ingresos potenciales para su negocio basado en servicios. Lleve la gesti\u00f3n de sus citas al siguiente nivel con la pasarela de pago CCAvenue para Bookly Pro. Agilice el proceso de pago, genere la confianza del cliente e impulse su negocio de servicios. Comience ahora y descubra los beneficios de realizar transacciones en l\u00ednea sin complicaciones.<\/p>\n<p>\u00bfListo para transformar tu sistema de reservas? Descargue la pasarela de pago CCAvenue para Bookly Pro y comience a aceptar pagos con confianza.<\/p>\n<div class=\"cl-preview-section\">\n<h4 id=\"requisitos\">Requisitos<\/h4>\n<\/div>\n<div class=\"cl-preview-section\">\n<ul>\n<li>Cuenta <a href=\"https:\/\/www.ccvenue.com\/\" target=\"_blank\" rel=\"noopener noreferrer\">CCAvenue<\/a> activa: debe ser un comerciante indio para registrarse. <\/ li>\n<li>Complemento Bookly Pro<\/li>\n<li>Los formularios deben funcionar en modo no AJAX.<\/li>\n<li>No es necesario un certificado SSL v\u00e1lido ya que los datos de la tarjeta de cr\u00e9dito de su cliente se ingresan de forma segura en las p\u00e1ginas alojadas por CCAvenue; sin embargo, se recomienda tener uno. Este complemento no almacena n\u00fameros de tarjetas de cr\u00e9dito de clientes ni informaci\u00f3n confidencial en su sitio web.<\/li>\n<\/ul>\n<\/div>\n<div class=\"cl-preview-section\">\n<h4 id=\"disclaimer\">Descargo de responsabilidad<\/h4>\n<\/div>\n<div class=\"cl-preview-section\">\n<p>Todas las transacciones se procesan de forma segura en la plataforma CCAvenue, lo que garantiza los m\u00e1s altos niveles de seguridad y cumplimiento.<\/p>\n<\/div>\n","protected":false},"excerpt":{"rendered":"<p>Integrate CCAvenue Gateway for Bookly Pro<\/p>\n","protected":false},"featured_media":2039,"comment_status":"open","ping_status":"closed","template":"","meta":{"_acf_changed":false},"product_cat":[127,72],"product_tag":[175],"class_list":{"0":"post-2038","1":"product","2":"type-product","3":"status-publish","4":"has-post-thumbnail","6":"product_cat-bookly-pro","7":"product_cat-bookly","8":"product_tag-ccavenue","10":"first","11":"instock","12":"shipping-taxable","13":"purchasable","14":"product-type-simple"},"acf":[],"_links":{"self":[{"href":"https:\/\/wpayo.com\/es\/wp-json\/wp\/v2\/product\/2038","targetHints":{"allow":["GET"]}}],"collection":[{"href":"https:\/\/wpayo.com\/es\/wp-json\/wp\/v2\/product"}],"about":[{"href":"https:\/\/wpayo.com\/es\/wp-json\/wp\/v2\/types\/product"}],"replies":[{"embeddable":true,"href":"https:\/\/wpayo.com\/es\/wp-json\/wp\/v2\/comments?post=2038"}],"wp:featuredmedia":[{"embeddable":true,"href":"https:\/\/wpayo.com\/es\/wp-json\/wp\/v2\/media\/2039"}],"wp:attachment":[{"href":"https:\/\/wpayo.com\/es\/wp-json\/wp\/v2\/media?parent=2038"}],"wp:term":[{"taxonomy":"product_cat","embeddable":true,"href":"https:\/\/wpayo.com\/es\/wp-json\/wp\/v2\/product_cat?post=2038"},{"taxonomy":"product_tag","embeddable":true,"href":"https:\/\/wpayo.com\/es\/wp-json\/wp\/v2\/product_tag?post=2038"}],"curies":[{"name":"wp","href":"https:\/\/api.w.org\/{rel}","templated":true}]}}