{"id":2040,"date":"2024-01-17T13:18:00","date_gmt":"2024-01-17T13:18:00","guid":{"rendered":"https:\/\/wpayo.com\/es\/?post_type=product&#038;p=2040"},"modified":"2024-01-17T13:18:01","modified_gmt":"2024-01-17T13:18:01","slug":"ccavenue-payment-gateway-awpcp","status":"publish","type":"product","link":"https:\/\/wpayo.com\/es\/paga-gateway\/ccavenue-payment-gateway-awpcp\/","title":{"rendered":"CCAvenue Payment Gateway &#8211; AWPCP"},"content":{"rendered":"<p>En el mundo en constante cambio de las transacciones en l\u00ednea, contar con una pasarela de pago confiable y segura es crucial. CCAvenue, un nombre confiable en la industria, est\u00e1 causando sensaci\u00f3n con su s\u00f3lida seguridad y su fluido procesamiento de pagos. Ahora puede aprovechar el poder de CCAvenue con el complemento AWPCP (otro complemento de anuncios clasificados de WordPress) para agilizar los pagos y mejorar la experiencia del usuario en su plataforma de anuncios clasificados.<\/p>\n<p><strong>\u00bfQu\u00e9 es CCAvenue?<\/strong><\/p>\n<p>CCAvenue es una pasarela de pagos en l\u00ednea l\u00edder conocida por su confiabilidad y compromiso con el procesamiento de pagos seguro y eficiente. Proporciona una plataforma fluida y segura para que las empresas y los sitios web acepten pagos, lo que la convierte en la opci\u00f3n preferida para muchas empresas en l\u00ednea.<\/p>\n<p><strong>\u00bfPor qu\u00e9 elegir CCAvenue para AWPCP?<\/strong><\/p>\n<ol>\n<li><strong>Integraci\u00f3n sin esfuerzo:<\/strong> Integre perfectamente CCAvenue en su marco AWPCP sin necesidad de codificaci\u00f3n compleja. Empieza a aceptar pagos por anuncios clasificados en cuesti\u00f3n de minutos, incluso si no eres un experto t\u00e9cnico.<\/li>\n<li><strong>Seguridad s\u00f3lida:<\/strong> Con CCAvenue, la seguridad es una m\u00e1xima prioridad. Todas las transacciones de pago est\u00e1n protegidas por funciones de seguridad avanzadas, lo que garantiza la seguridad de la informaci\u00f3n de pago confidencial.<\/li>\n<li><strong>Paquetes de publicidad personalizables:<\/strong> Adapte sus paquetes de publicidad y opciones de precios a su sitio web de anuncios clasificados exclusivo. Personalice los planes para que coincidan con su nicho espec\u00edfico y su estrategia de precios.<\/li>\n<li><strong>Soporte multidivisa:<\/strong> ampl\u00ede su alcance global aceptando pagos en varias monedas, lo que brinda comodidad a los usuarios y anunciantes internacionales.<\/li>\n<li><strong>Informes detallados:<\/strong> realice un seguimiento de sus transacciones financieras con funciones integrales de informes que lo ayudar\u00e1n a mantenerse organizado y tomar decisiones informadas.<\/li>\n<\/ol>\n<p><strong>Empiece hoy:<\/strong> no pierda los posibles ingresos y crecimiento de su plataforma de anuncios clasificados. Lleve su gesti\u00f3n de anuncios clasificados al siguiente nivel con la pasarela de pago CCAvenue para AWPCP. Agilice el proceso de pago, genere confianza en los usuarios e impulse su negocio de anuncios clasificados. Comience ahora y descubra los beneficios de realizar transacciones en l\u00ednea sin complicaciones.<\/p>\n<div class=\"cl-preview-section\">\n<h4 id=\"requisitos\">Requisitos<\/h4>\n<\/div>\n<div class=\"cl-preview-section\">\n<ul>\n<li>Cuenta <a href=\"https:\/\/www.ccvenue.com\/\" target=\"_blank\" rel=\"noopener noreferrer\">CCAvenue<\/a> activa: debe ser un comerciante indio para registrarse. <\/ li>\n<li>Complemento AWCPP<\/li>\n<li>Los formularios deben funcionar en modo no AJAX.<\/li>\n<li>No es necesario un certificado SSL v\u00e1lido ya que los datos de la tarjeta de cr\u00e9dito de su cliente se ingresan de forma segura en las p\u00e1ginas alojadas por CCAvenue; sin embargo, se recomienda tener uno. Este complemento no almacena n\u00fameros de tarjetas de cr\u00e9dito de clientes ni informaci\u00f3n confidencial en su sitio web.<\/li>\n<\/ul>\n<\/div>\n<div class=\"cl-preview-section\">\n<h4 id=\"disclaimer\">Descargo de responsabilidad<\/h4>\n<\/div>\n<div class=\"cl-preview-section\">\n<p>Todas las transacciones se procesan de forma segura en la plataforma CCAvenue, lo que garantiza los m\u00e1s altos niveles de seguridad y cumplimiento.<\/p>\n<\/div>\n","protected":false},"excerpt":{"rendered":"<p>Integrate CCAvenue Gateway for AWPCP<\/p>\n","protected":false},"featured_media":2041,"comment_status":"open","ping_status":"closed","template":"","meta":{"_acf_changed":false},"product_cat":[237],"product_tag":[175],"class_list":{"0":"post-2040","1":"product","2":"type-product","3":"status-publish","4":"has-post-thumbnail","6":"product_cat-awpcp","7":"product_tag-ccavenue","9":"first","10":"instock","11":"shipping-taxable","12":"purchasable","13":"product-type-simple"},"acf":[],"_links":{"self":[{"href":"https:\/\/wpayo.com\/es\/wp-json\/wp\/v2\/product\/2040","targetHints":{"allow":["GET"]}}],"collection":[{"href":"https:\/\/wpayo.com\/es\/wp-json\/wp\/v2\/product"}],"about":[{"href":"https:\/\/wpayo.com\/es\/wp-json\/wp\/v2\/types\/product"}],"replies":[{"embeddable":true,"href":"https:\/\/wpayo.com\/es\/wp-json\/wp\/v2\/comments?post=2040"}],"wp:featuredmedia":[{"embeddable":true,"href":"https:\/\/wpayo.com\/es\/wp-json\/wp\/v2\/media\/2041"}],"wp:attachment":[{"href":"https:\/\/wpayo.com\/es\/wp-json\/wp\/v2\/media?parent=2040"}],"wp:term":[{"taxonomy":"product_cat","embeddable":true,"href":"https:\/\/wpayo.com\/es\/wp-json\/wp\/v2\/product_cat?post=2040"},{"taxonomy":"product_tag","embeddable":true,"href":"https:\/\/wpayo.com\/es\/wp-json\/wp\/v2\/product_tag?post=2040"}],"curies":[{"name":"wp","href":"https:\/\/api.w.org\/{rel}","templated":true}]}}