{"id":2042,"date":"2024-01-17T13:17:59","date_gmt":"2024-01-17T13:17:59","guid":{"rendered":"https:\/\/wpayo.com\/es\/?post_type=product&#038;p=2042"},"modified":"2024-01-17T13:18:00","modified_gmt":"2024-01-17T13:18:00","slug":"ccavenue-payment-gateway-givewp","status":"publish","type":"product","link":"https:\/\/wpayo.com\/es\/paga-gateway\/ccavenue-payment-gateway-givewp\/","title":{"rendered":"CCAvenue Payment Gateway &#8211; GiveWP"},"content":{"rendered":"<p>Cuando se trata de recaudaci\u00f3n de fondos en l\u00ednea, una pasarela de pago segura y fluida puede marcar la diferencia. CCAvenue, un nombre confiable en la industria, es reconocido por su s\u00f3lida seguridad y procesamiento de pagos confiable. Ahora puedes aprovechar el poder de CCAvenue con GiveWP para optimizar las donaciones y mejorar tus esfuerzos de recaudaci\u00f3n de fondos.<\/p>\n<h3><strong>\u00bfQu\u00e9 es CCAvenue?<\/strong><\/h3>\n<p>CCAvenue es una reconocida pasarela de pagos en l\u00ednea celebrada por su compromiso inquebrantable con el procesamiento de pagos seguro y eficiente. Proporciona una plataforma segura y f\u00e1cil de usar para que los sitios web y las organizaciones reciban pagos en l\u00ednea, lo que la convierte en la opci\u00f3n preferida de muchas empresas en l\u00ednea.<\/p>\n<h3><strong>\u00bfPor qu\u00e9 elegir CCAvenue para GiveWP?<\/strong><\/h3>\n<ol>\n<li><strong>Integraci\u00f3n fluida:<\/strong> integre f\u00e1cilmente CCAvenue en su plataforma GiveWP, sin necesidad de codificaci\u00f3n compleja. Comience a aceptar donaciones en minutos, ya sea un usuario experto en tecnolog\u00eda o nuevo en la recaudaci\u00f3n de fondos en l\u00ednea.<\/li>\n<li><strong>Seguridad s\u00f3lida:<\/strong> Con CCAvenue, la seguridad es primordial. Todas las donaciones est\u00e1n protegidas por funciones de seguridad avanzadas que garantizan la confidencialidad de la informaci\u00f3n confidencial de los donantes.<\/li>\n<li><strong>Formularios de donaci\u00f3n personalizables:<\/strong> adapte sus formularios de donaci\u00f3n para alinearlos con sus necesidades espec\u00edficas de recaudaci\u00f3n de fondos. Personalice los campos, las opciones y el dise\u00f1o para crear una experiencia de donaci\u00f3n atractiva y f\u00e1cil de usar.<\/li>\n<li><strong>Soporte multidivisa:<\/strong> ampl\u00ede su base de donantes aceptando donaciones en varias monedas, lo que brinda comodidad a los patrocinadores internacionales.<\/li>\n<li><strong>Informes completos:<\/strong> realice un seguimiento de sus esfuerzos de recaudaci\u00f3n de fondos con funciones de informes detallados que lo ayudar\u00e1n a mantenerse organizado y tomar decisiones informadas.<\/li>\n<\/ol>\n<p><strong>Empiece hoy:<\/strong> no se pierda posibles donaciones ni la oportunidad de avanzar en su causa. Lleve su recaudaci\u00f3n de fondos al siguiente nivel con la pasarela de pago CCAvenue para GiveWP. Agilice el proceso de donaci\u00f3n, inspire confianza a los donantes y amplifique el impacto de su recaudaci\u00f3n de fondos. Comience ahora y descubra los beneficios de donar en l\u00ednea sin esfuerzo.<\/p>\n<div class=\"cl-preview-section\">\n<h4 id=\"requisitos\">Requisitos<\/h4>\n<\/div>\n<div class=\"cl-preview-section\">\n<ul>\n<li>Cuenta <a href=\"https:\/\/www.ccvenue.com\/\" target=\"_blank\" rel=\"noopener noreferrer\">CCAvenue<\/a> activa: debe ser un comerciante indio para registrarse. <\/ li>\n<li>Complemento GiveWP<\/li>\n<li>Los formularios deben funcionar en modo no AJAX.<\/li>\n<li>No se requiere un certificado SSL v\u00e1lido ya que los datos de la tarjeta de cr\u00e9dito de su cliente se ingresan de forma segura en las p\u00e1ginas alojadas por CCAvenue. Sin embargo, se recomienda tener uno. Este complemento no almacena n\u00fameros de tarjetas de cr\u00e9dito de clientes ni informaci\u00f3n confidencial en su sitio web.<\/li>\n<\/ul>\n<\/div>\n<div class=\"cl-preview-section\">\n<h4 id=\"disclaimer\">Descargo de responsabilidad<\/h4>\n<\/div>\n<div class=\"cl-preview-section\">\n<p>Todas las transacciones se procesan de forma segura en la plataforma CCAvenue, lo que garantiza los m\u00e1s altos niveles de seguridad y cumplimiento.\n<\/p><\/div>\n","protected":false},"excerpt":{"rendered":"<p>Integrate CCAvenue Gateway for GiveWP<\/p>\n","protected":false},"featured_media":2043,"comment_status":"open","ping_status":"closed","template":"","meta":{"_acf_changed":false},"product_cat":[87],"product_tag":[175],"class_list":{"0":"post-2042","1":"product","2":"type-product","3":"status-publish","4":"has-post-thumbnail","6":"product_cat-wpgive","7":"product_tag-ccavenue","9":"first","10":"instock","11":"shipping-taxable","12":"purchasable","13":"product-type-simple"},"acf":[],"_links":{"self":[{"href":"https:\/\/wpayo.com\/es\/wp-json\/wp\/v2\/product\/2042","targetHints":{"allow":["GET"]}}],"collection":[{"href":"https:\/\/wpayo.com\/es\/wp-json\/wp\/v2\/product"}],"about":[{"href":"https:\/\/wpayo.com\/es\/wp-json\/wp\/v2\/types\/product"}],"replies":[{"embeddable":true,"href":"https:\/\/wpayo.com\/es\/wp-json\/wp\/v2\/comments?post=2042"}],"wp:featuredmedia":[{"embeddable":true,"href":"https:\/\/wpayo.com\/es\/wp-json\/wp\/v2\/media\/2043"}],"wp:attachment":[{"href":"https:\/\/wpayo.com\/es\/wp-json\/wp\/v2\/media?parent=2042"}],"wp:term":[{"taxonomy":"product_cat","embeddable":true,"href":"https:\/\/wpayo.com\/es\/wp-json\/wp\/v2\/product_cat?post=2042"},{"taxonomy":"product_tag","embeddable":true,"href":"https:\/\/wpayo.com\/es\/wp-json\/wp\/v2\/product_tag?post=2042"}],"curies":[{"name":"wp","href":"https:\/\/api.w.org\/{rel}","templated":true}]}}