{"id":2044,"date":"2024-01-17T13:17:58","date_gmt":"2024-01-17T13:17:58","guid":{"rendered":"https:\/\/wpayo.com\/es\/?post_type=product&#038;p=2044"},"modified":"2024-01-17T13:17:59","modified_gmt":"2024-01-17T13:17:59","slug":"ccavenue-payment-gateway-events-manager-pro","status":"publish","type":"product","link":"https:\/\/wpayo.com\/es\/paga-gateway\/ccavenue-payment-gateway-events-manager-pro\/","title":{"rendered":"CCAvenue Payment Gateway &#8211; Events Manager Pro"},"content":{"rendered":"<p>En el din\u00e1mico mundo de la gesti\u00f3n de eventos, garantizar un procesamiento de pagos seguro y sin problemas es esencial. Ingrese a CCAvenue, un nombre confiable y reconocido por su s\u00f3lida seguridad y soluciones de pago en l\u00ednea fluidas. Con la integraci\u00f3n de CCAvenue en Events Manager Pro, puede mejorar la experiencia de pago de su evento, haci\u00e9ndola conveniente y segura tanto para los organizadores como para los asistentes.<\/p>\n<h3><strong>\u00bfQu\u00e9 es CCAvenue?<\/strong><\/h3>\n<p>CCAvenue es una reconocida pasarela de pagos en l\u00ednea celebrada por su compromiso inquebrantable con el procesamiento de pagos seguro y eficiente. Proporciona una plataforma f\u00e1cil de usar para que las empresas y los sitios web acepten pagos en l\u00ednea, lo que la convierte en la mejor opci\u00f3n para muchas empresas en l\u00ednea.<\/p>\n<h3><strong>\u00bfPor qu\u00e9 elegir CCAvenue para Events Manager Pro?<\/strong><\/h3>\n<ol>\n<li><strong>Integraci\u00f3n fluida:<\/strong> integre f\u00e1cilmente CCAvenue en su marco de Events Manager Pro. Independientemente de su nivel de habilidad t\u00e9cnica, puede comenzar a aceptar pagos para eventos en minutos.<\/li>\n<li><strong>Seguridad s\u00f3lida:<\/strong> Con CCAvenue, la seguridad es primordial. Todas las transacciones est\u00e1n protegidas por funciones de seguridad avanzadas, lo que garantiza la confidencialidad de la informaci\u00f3n de pago confidencial.<\/li>\n<li><strong>Formularios de reserva de eventos personalizables:<\/strong> Adapte sus formularios de reserva de eventos a sus necesidades espec\u00edficas. Personalice campos y opciones para crear una experiencia de reserva atractiva y f\u00e1cil de usar para los asistentes.<\/li>\n<li><strong>Soporte multidivisa:<\/strong> atraiga asistentes de todo el mundo aceptando pagos en m\u00faltiples monedas, lo que brinda comodidad a los asistentes internacionales.<\/li>\n<li><strong>Informes detallados de eventos:<\/strong> mant\u00e9ngase organizado y tome decisiones informadas con funciones de informes detallados que le ayudar\u00e1n a realizar un seguimiento de las transacciones financieras de su evento.<\/li>\n<\/ol>\n<p><strong>Empiece hoy:<\/strong> no se pierda reservas ni ingresos potenciales de sus eventos. Lleve la gesti\u00f3n de su evento al siguiente nivel con la pasarela de pago CCAvenue para Events Manager Pro. Agilice el proceso de pago, infunda confianza en los asistentes a su evento y aumente el \u00e9xito de sus eventos. Comience ahora y descubra los beneficios de los pagos en l\u00ednea sin complicaciones.<\/p>\n<p>\u00bfListo para mejorar la gesti\u00f3n de tu evento? Descargue CCAvenue Payment Gateway para Events Manager Pro y comience a aceptar pagos de eventos con confianza.<\/p>\n<div class=\"cl-preview-section\">\n<h4 id=\"requisitos\">Requisitos<\/h4>\n<\/div>\n<div class=\"cl-preview-section\">\n<ul>\n<li>Cuenta <a href=\"https:\/\/www.ccvenue.com\/\" target=\"_blank\" rel=\"noopener noreferrer\">CCAvenue<\/a> activa: debe ser un comerciante indio para registrarse. <\/ li>\n<li>Complemento Pro del Administrador de eventos<\/li>\n<li>Los formularios deben funcionar en modo no AJAX.<\/li>\n<li>No se requiere un certificado SSL v\u00e1lido ya que los datos de la tarjeta de cr\u00e9dito de su cliente se ingresan de forma segura en las p\u00e1ginas alojadas por CCAvenue. Sin embargo, se recomienda tener uno. Este complemento no almacena n\u00fameros de tarjetas de cr\u00e9dito de clientes ni informaci\u00f3n confidencial en su sitio web.<\/li>\n<\/ul>\n<\/div>\n<div class=\"cl-preview-section\">\n<h4 id=\"disclaimer\">Descargo de responsabilidad<\/h4>\n<\/div>\n<div class=\"cl-preview-section\">\n<p>Todas las transacciones se procesan de forma segura en la plataforma CCAvenue, lo que garantiza los m\u00e1s altos niveles de seguridad y cumplimiento.\n<\/p><\/div>\n","protected":false},"excerpt":{"rendered":"<p>Integrate CCAvenue Gateway for Events Manager Pro<\/p>\n","protected":false},"featured_media":2045,"comment_status":"open","ping_status":"closed","template":"","meta":{"_acf_changed":false},"product_cat":[116],"product_tag":[175],"class_list":{"0":"post-2044","1":"product","2":"type-product","3":"status-publish","4":"has-post-thumbnail","6":"product_cat-events-manager-pro","7":"product_tag-ccavenue","9":"first","10":"instock","11":"shipping-taxable","12":"purchasable","13":"product-type-simple"},"acf":[],"_links":{"self":[{"href":"https:\/\/wpayo.com\/es\/wp-json\/wp\/v2\/product\/2044","targetHints":{"allow":["GET"]}}],"collection":[{"href":"https:\/\/wpayo.com\/es\/wp-json\/wp\/v2\/product"}],"about":[{"href":"https:\/\/wpayo.com\/es\/wp-json\/wp\/v2\/types\/product"}],"replies":[{"embeddable":true,"href":"https:\/\/wpayo.com\/es\/wp-json\/wp\/v2\/comments?post=2044"}],"wp:featuredmedia":[{"embeddable":true,"href":"https:\/\/wpayo.com\/es\/wp-json\/wp\/v2\/media\/2045"}],"wp:attachment":[{"href":"https:\/\/wpayo.com\/es\/wp-json\/wp\/v2\/media?parent=2044"}],"wp:term":[{"taxonomy":"product_cat","embeddable":true,"href":"https:\/\/wpayo.com\/es\/wp-json\/wp\/v2\/product_cat?post=2044"},{"taxonomy":"product_tag","embeddable":true,"href":"https:\/\/wpayo.com\/es\/wp-json\/wp\/v2\/product_tag?post=2044"}],"curies":[{"name":"wp","href":"https:\/\/api.w.org\/{rel}","templated":true}]}}