{"id":2046,"date":"2024-01-17T13:17:58","date_gmt":"2024-01-17T13:17:58","guid":{"rendered":"https:\/\/wpayo.com\/es\/?post_type=product&#038;p=2046"},"modified":"2024-01-17T13:17:58","modified_gmt":"2024-01-17T13:17:58","slug":"ccavenue-payment-gateway-membership-pro","status":"publish","type":"product","link":"https:\/\/wpayo.com\/es\/paga-gateway\/ccavenue-payment-gateway-membership-pro\/","title":{"rendered":"CCAvenue Payment Gateway &#8211; Membership Pro"},"content":{"rendered":"<p>En el \u00e1mbito de los sitios de membres\u00eda y la gesti\u00f3n de suscripciones, una pasarela de pago confiable y segura es esencial. CCAvenue, un nombre reconocido en la industria, es famoso por su s\u00f3lida seguridad y procesamiento de pagos transparente. Con la integraci\u00f3n de CCAvenue en Ultimate Membership Pro, puede optimizar los pagos de membres\u00eda y brindar una experiencia segura y eficiente para sus suscriptores.<\/p>\n<p>\u00bfQu\u00e9 es CCAvenue?<\/p>\n<p>CCAvenue es una pasarela de pagos en l\u00ednea confiable conocida por su confiabilidad y compromiso con el procesamiento de pagos seguro. Proporciona una plataforma segura y f\u00e1cil de usar para que las empresas y los sitios web reciban pagos en l\u00ednea, lo que la convierte en la opci\u00f3n preferida de muchas empresas en l\u00ednea.<\/p>\n<p>\u00bfPor qu\u00e9 elegir CCAvenue para Ultimate Membership Pro?<\/p>\n<p>Integraci\u00f3n sin esfuerzo: integre f\u00e1cilmente CCAvenue en su configuraci\u00f3n Ultimate Membership Pro, sin necesidad de codificaci\u00f3n compleja. Comience a aceptar pagos de membres\u00eda y suscripciones en minutos, ya sea que sea un experto en tecnolog\u00eda o sea nuevo en la administraci\u00f3n de membres\u00edas en l\u00ednea.<\/p>\n<p>Seguridad s\u00f3lida: con CCAvenue, la seguridad es una m\u00e1xima prioridad. Todas las transacciones est\u00e1n protegidas por funciones de seguridad avanzadas, lo que garantiza la confidencialidad de los datos confidenciales de sus miembros.<\/p>\n<p>Planes de membres\u00eda personalizables: adapte sus planes de membres\u00eda y opciones de precios para que coincidan con sus ofertas de membres\u00eda espec\u00edficas. Personalice los planes para satisfacer las necesidades \u00fanicas de sus miembros.<\/p>\n<p>Soporte multidivisa: ampl\u00ede su alcance a nivel mundial aceptando pagos en m\u00faltiples monedas, brindando comodidad a los suscriptores internacionales.<\/p>\n<p>Informes completos: realice un seguimiento de los ingresos de su suscripci\u00f3n con funciones de informes detallados que le ayudar\u00e1n a mantenerse organizado y tomar decisiones informadas.<\/p>\n<p>Comience hoy: no se pierda suscriptores ni ingresos potenciales. Lleve su sitio de membres\u00eda al siguiente nivel con la pasarela de pago CCAvenue para Ultimate Membership Pro. Optimice el proceso de pago, infunda confianza en los miembros y aumente el \u00e9xito de sus ofertas basadas en suscripci\u00f3n. Comience ahora y descubra los beneficios de una gesti\u00f3n de suscripciones en l\u00ednea sin complicaciones.<\/p>\n<p>\u00bfListo para comenzar? Descargue CCAvenue Payment Gateway para Ultimate Membership Pro y comience a aceptar pagos de membres\u00eda con confianza.<\/p>\n<div class=\"cl-preview-section\">\n<h4 id=\"requisitos\">Requisitos<\/h4>\n<\/div>\n<div class=\"cl-preview-section\">\n<ul>\n<li>Cuenta <a href=\"https:\/\/www.ccvenue.com\/\" target=\"_blank\" rel=\"noopener noreferrer\">CCAvenue<\/a> activa: debe ser un comerciante indio para registrarse. &lt;\/ li&gt;<\/li>\n<li>Complemento Ultimate Membership Pro<\/li>\n<li>Los formularios deben funcionar en modo no AJAX.<\/li>\n<li>No se requiere un certificado SSL v\u00e1lido ya que los datos de la tarjeta de cr\u00e9dito de su cliente se ingresan de forma segura en las p\u00e1ginas alojadas por CCAvenue. Sin embargo, se recomienda tener uno. Este complemento no almacena n\u00fameros de tarjetas de cr\u00e9dito de clientes ni informaci\u00f3n confidencial en su sitio web.<\/li>\n<\/ul>\n<\/div>\n<div class=\"cl-preview-section\">\n<h4 id=\"disclaimer\">Descargo de responsabilidad<\/h4>\n<\/div>\n<div class=\"cl-preview-section\">\n<p>Todas las transacciones se procesan de forma segura en la plataforma CCAvenue, lo que garantiza los m\u00e1s altos niveles de seguridad y cumplimiento.<\/p>\n<\/div>\n","protected":false},"excerpt":{"rendered":"<p>Integrate CCAvenue Gateway for Membership Pro<\/p>\n","protected":false},"featured_media":2047,"comment_status":"open","ping_status":"closed","template":"","meta":{"_acf_changed":false},"product_cat":[78],"product_tag":[175],"class_list":{"0":"post-2046","1":"product","2":"type-product","3":"status-publish","4":"has-post-thumbnail","6":"product_cat-ultimate-membership-pro","7":"product_tag-ccavenue","9":"first","10":"instock","11":"shipping-taxable","12":"purchasable","13":"product-type-simple"},"acf":[],"_links":{"self":[{"href":"https:\/\/wpayo.com\/es\/wp-json\/wp\/v2\/product\/2046","targetHints":{"allow":["GET"]}}],"collection":[{"href":"https:\/\/wpayo.com\/es\/wp-json\/wp\/v2\/product"}],"about":[{"href":"https:\/\/wpayo.com\/es\/wp-json\/wp\/v2\/types\/product"}],"replies":[{"embeddable":true,"href":"https:\/\/wpayo.com\/es\/wp-json\/wp\/v2\/comments?post=2046"}],"wp:featuredmedia":[{"embeddable":true,"href":"https:\/\/wpayo.com\/es\/wp-json\/wp\/v2\/media\/2047"}],"wp:attachment":[{"href":"https:\/\/wpayo.com\/es\/wp-json\/wp\/v2\/media?parent=2046"}],"wp:term":[{"taxonomy":"product_cat","embeddable":true,"href":"https:\/\/wpayo.com\/es\/wp-json\/wp\/v2\/product_cat?post=2046"},{"taxonomy":"product_tag","embeddable":true,"href":"https:\/\/wpayo.com\/es\/wp-json\/wp\/v2\/product_tag?post=2046"}],"curies":[{"name":"wp","href":"https:\/\/api.w.org\/{rel}","templated":true}]}}