{"id":2048,"date":"2024-01-17T13:17:55","date_gmt":"2024-01-17T13:17:55","guid":{"rendered":"https:\/\/wpayo.com\/es\/?post_type=product&#038;p=2048"},"modified":"2024-01-17T13:17:55","modified_gmt":"2024-01-17T13:17:55","slug":"ccavenue-payment-gateway-ninjaforms","status":"publish","type":"product","link":"https:\/\/wpayo.com\/es\/paga-gateway\/ccavenue-payment-gateway-ninjaforms\/","title":{"rendered":"CCAvenue Payment Gateway &#8211; NinjaForms"},"content":{"rendered":"<div class=\"flex flex-grow flex-col max-w-full gap-3 gizmo:gap-0\">\n<div class=\"min-h-[20px] mensaje de texto flex flex-col elementos-inicio espacio-3 espacios en blanco-pre-wrap palabras de ruptura [.text-message+&amp;]:mt-5 overflow-x- autom\u00e1tico\" data-message-author-role=\"asistente\" data-message-id=\"39d4e2fc-150e-4e9a-b110-c901930c8c9d\">\n<div class=\"prosa rebajada con palabras de ruptura completas oscuras: prosa-invertida oscura\">\n<p><strong>En el mundo de los formularios en l\u00ednea y el procesamiento de pagos, una pasarela de pago confiable y segura es esencial. CCAvenue, un nombre confiable en la industria, es famoso por su s\u00f3lida seguridad y procesamiento de pagos transparente. Con la integraci\u00f3n de CCAvenue en NinjaForms, puede optimizar el cobro de pagos, haci\u00e9ndolo f\u00e1cil y seguro para usted y sus usuarios.<\/strong><\/p>\n<p><strong>\u00bfQu\u00e9 es CCAvenue?<\/strong><\/p>\n<p>CCAvenue es una pasarela de pagos en l\u00ednea bien establecida y conocida por su confiabilidad y compromiso inquebrantable con el procesamiento de pagos seguro. Proporciona una plataforma segura y f\u00e1cil de usar para que las empresas y los sitios web reciban pagos en l\u00ednea, lo que la convierte en la opci\u00f3n preferida de muchas empresas en l\u00ednea.<\/p>\n<p><strong>\u00bfPor qu\u00e9 elegir CCAvenue para NinjaForms?<\/strong><\/p>\n<ul>\n<li><strong>Integraci\u00f3n sin esfuerzo:<\/strong> integre CCAvenue sin esfuerzo en su configuraci\u00f3n de NinjaForms sin codificaci\u00f3n compleja. Comience a aceptar pagos, donaciones y pedidos en minutos, ya sea un experto en tecnolog\u00eda o nuevo en el cobro de pagos en l\u00ednea.<\/li>\n<li><strong>Seguridad s\u00f3lida:<\/strong> Con CCAvenue, la seguridad es una m\u00e1xima prioridad. Todas las transacciones est\u00e1n protegidas por funciones de seguridad avanzadas, lo que garantiza la confidencialidad de los datos confidenciales de sus usuarios.<\/li>\n<li><strong>Formularios personalizables:<\/strong> cree formularios de pago personalizados que satisfagan sus necesidades espec\u00edficas. Personalice los campos, las opciones y la marca para brindar una experiencia de pago atractiva y f\u00e1cil de usar.<\/li>\n<li><strong>Soporte multidivisa:<\/strong> ampl\u00ede su alcance globalmente aceptando pagos en m\u00faltiples monedas, brindando comodidad a los usuarios internacionales.<\/li>\n<li><strong>Informes detallados:<\/strong> realice un seguimiento de sus transacciones financieras con funciones de informes detallados que le ayudar\u00e1n a mantenerse organizado y tomar decisiones informadas.<\/li>\n<\/ul>\n<p><strong>Empiece hoy:<\/strong> No se pierda posibles ventas, donaciones o pedidos. Simplifique el cobro de pagos, infunda confianza en los usuarios e impulse su negocio en l\u00ednea con la pasarela de pagos CCAvenue para NinjaForms.<\/p>\n<p><strong>\u00bfListo para comenzar?<\/strong> Aseg\u00farese de tener una <a href=\"https:\/\/www.ccvenue.com\/\" target=\"_new\" rel=\"noopener\">cuenta CCAvenue<\/ a >, luego descargue el complemento NinjaForms. Aseg\u00farese de que sus formularios funcionen en modo que no sea AJAX. Aunque un certificado SSL v\u00e1lido no es obligatorio, se recomienda tener uno para garantizar la seguridad de los datos de la tarjeta de cr\u00e9dito. Este complemento no almacena n\u00fameros de tarjetas de cr\u00e9dito ni informaci\u00f3n confidencial en su sitio web.<\/p>\n<p><strong>Descargo de responsabilidad:<\/strong> Todas las transacciones se procesan de forma segura en la plataforma CCAvenue, lo que garantiza los m\u00e1s altos niveles de seguridad y cumplimiento.<\/p>\n<\/div>\n<\/div>\n<\/div>\n","protected":false},"excerpt":{"rendered":"<p>Integrate CCAvenue Gateway for NinjaForms<\/p>\n","protected":false},"featured_media":2049,"comment_status":"open","ping_status":"closed","template":"","meta":{"_acf_changed":false},"product_cat":[52],"product_tag":[175],"class_list":{"0":"post-2048","1":"product","2":"type-product","3":"status-publish","4":"has-post-thumbnail","6":"product_cat-ninja-forms","7":"product_tag-ccavenue","9":"first","10":"instock","11":"shipping-taxable","12":"purchasable","13":"product-type-simple"},"acf":[],"_links":{"self":[{"href":"https:\/\/wpayo.com\/es\/wp-json\/wp\/v2\/product\/2048","targetHints":{"allow":["GET"]}}],"collection":[{"href":"https:\/\/wpayo.com\/es\/wp-json\/wp\/v2\/product"}],"about":[{"href":"https:\/\/wpayo.com\/es\/wp-json\/wp\/v2\/types\/product"}],"replies":[{"embeddable":true,"href":"https:\/\/wpayo.com\/es\/wp-json\/wp\/v2\/comments?post=2048"}],"wp:featuredmedia":[{"embeddable":true,"href":"https:\/\/wpayo.com\/es\/wp-json\/wp\/v2\/media\/2049"}],"wp:attachment":[{"href":"https:\/\/wpayo.com\/es\/wp-json\/wp\/v2\/media?parent=2048"}],"wp:term":[{"taxonomy":"product_cat","embeddable":true,"href":"https:\/\/wpayo.com\/es\/wp-json\/wp\/v2\/product_cat?post=2048"},{"taxonomy":"product_tag","embeddable":true,"href":"https:\/\/wpayo.com\/es\/wp-json\/wp\/v2\/product_tag?post=2048"}],"curies":[{"name":"wp","href":"https:\/\/api.w.org\/{rel}","templated":true}]}}