{"id":2050,"date":"2024-01-17T13:17:55","date_gmt":"2024-01-17T13:17:55","guid":{"rendered":"https:\/\/wpayo.com\/es\/?post_type=product&#038;p=2050"},"modified":"2024-01-17T13:17:56","modified_gmt":"2024-01-17T13:17:56","slug":"ccavenue-payment-gateway-woocommerce","status":"publish","type":"product","link":"https:\/\/wpayo.com\/es\/paga-gateway\/ccavenue-payment-gateway-woocommerce\/","title":{"rendered":"CCAvenue Payment Gateway &#8211; WooCommerce"},"content":{"rendered":"<div class=\"flex flex-grow flex-col max-w-full gap-3 gizmo:gap-0\">\n<div class=\"min-h-[20px] mensaje de texto flex flex-col elementos-inicio espacio-3 espacios en blanco-pre-wrap palabras de ruptura [.text-message+&amp;]:mt-5 overflow-x- autom\u00e1tico\" data-message-author-role=\"asistente\" data-message-id=\"3b491308-57d3-4926-9102-d2d9735f880a\">\n<div class=\"prosa rebajada con palabras de ruptura completas oscuras: prosa-invertida oscura\">\n<p><strong>En el acelerado mundo del comercio en l\u00ednea, una pasarela de pago confiable y segura es esencial. CCAvenue, un nombre confiable en la industria, es famoso por su s\u00f3lida seguridad y procesamiento de pagos transparente. Con la integraci\u00f3n de CCAvenue en WooCommerce, puedes mejorar la experiencia de pago de tu tienda online, haci\u00e9ndola c\u00f3moda y segura tanto para ti como para tus clientes.<\/strong><\/p>\n<p><strong>\u00bfQu\u00e9 es CCAvenue?<\/strong><\/p>\n<p>CCAvenue es una pasarela de pagos en l\u00ednea bien establecida y conocida por su confiabilidad y compromiso inquebrantable con el procesamiento de pagos seguro. Proporciona una plataforma segura y f\u00e1cil de usar para que las empresas y los sitios web reciban pagos en l\u00ednea, lo que la convierte en la opci\u00f3n preferida de muchas empresas en l\u00ednea.<\/p>\n<p><strong>\u00bfPor qu\u00e9 elegir CCAvenue para WooCommerce?<\/strong><\/p>\n<ul>\n<li><strong>Integraci\u00f3n sin esfuerzo:<\/strong> integre CCAvenue sin esfuerzo en su configuraci\u00f3n de WooCommerce sin necesidad de codificaci\u00f3n compleja. Comience a aceptar pagos por productos y servicios en minutos, ya sea un experto en comercio electr\u00f3nico o nuevo en la venta en l\u00ednea.<\/li>\n<li><strong>Seguridad s\u00f3lida:<\/strong> Con CCAvenue, la seguridad es una m\u00e1xima prioridad. Todas las transacciones de pago est\u00e1n protegidas por funciones de seguridad avanzadas, lo que garantiza la confidencialidad de los datos confidenciales de sus clientes.<\/li>\n<li><strong>Tienda en l\u00ednea personalizable:<\/strong> cree una plataforma de comercio electr\u00f3nico personalizada que se ajuste a sus necesidades comerciales espec\u00edficas. Personalice listados de productos, precios y opciones de pago para brindar una experiencia de compra atractiva y amigable.<\/li>\n<li><strong>Soporte multidivisa:<\/strong> ampl\u00ede su alcance globalmente aceptando pagos en m\u00faltiples monedas, brindando comodidad a los clientes internacionales.<\/li>\n<li><strong>Informes detallados:<\/strong> realice un seguimiento de sus transacciones de comercio electr\u00f3nico con funciones de informes detallados que le ayudar\u00e1n a mantenerse organizado y tomar decisiones informadas.<\/li>\n<\/ul>\n<p><strong>Empiece hoy:<\/strong> no se pierda las ventas potenciales y el crecimiento de su tienda online. Lleva tu comercio electr\u00f3nico al siguiente nivel con la pasarela de pago CCAvenue para WooCommerce. Simplifique el proceso de pago, inspire la confianza del cliente e impulse el \u00e9xito de su negocio en l\u00ednea. Comience ahora y disfrute de los beneficios de realizar transacciones en l\u00ednea sin complicaciones.<\/p>\n<p><strong>\u00bfListo para comenzar?<\/strong> Aseg\u00farese de tener una <a href=\"https:\/\/www.ccvenue.com\/\" target=\"_new\" rel=\"noopener\">cuenta CCAvenue<\/ a >, luego descargue el complemento WooCommerce. Aseg\u00farese de que sus formularios funcionen en modo que no sea AJAX. Aunque un certificado SSL v\u00e1lido no es obligatorio, se recomienda tener uno para garantizar la seguridad de los datos de la tarjeta de cr\u00e9dito. Este complemento no almacena n\u00fameros de tarjetas de cr\u00e9dito ni informaci\u00f3n confidencial en su sitio web.<\/p>\n<p><strong>Descargo de responsabilidad:<\/strong> Todas las transacciones se procesan de forma segura en la plataforma CCAvenue, lo que garantiza los m\u00e1s altos niveles de seguridad y cumplimiento.<\/p>\n<\/div>\n<\/div>\n<\/div>\n","protected":false},"excerpt":{"rendered":"<p>Integrate CCAvenue Gateway for WooCommerce<\/p>\n","protected":false},"featured_media":2051,"comment_status":"open","ping_status":"closed","template":"","meta":{"_acf_changed":false},"product_cat":[47],"product_tag":[175],"class_list":{"0":"post-2050","1":"product","2":"type-product","3":"status-publish","4":"has-post-thumbnail","6":"product_cat-woocommerce","7":"product_tag-ccavenue","9":"first","10":"instock","11":"shipping-taxable","12":"purchasable","13":"product-type-simple"},"acf":[],"_links":{"self":[{"href":"https:\/\/wpayo.com\/es\/wp-json\/wp\/v2\/product\/2050","targetHints":{"allow":["GET"]}}],"collection":[{"href":"https:\/\/wpayo.com\/es\/wp-json\/wp\/v2\/product"}],"about":[{"href":"https:\/\/wpayo.com\/es\/wp-json\/wp\/v2\/types\/product"}],"replies":[{"embeddable":true,"href":"https:\/\/wpayo.com\/es\/wp-json\/wp\/v2\/comments?post=2050"}],"wp:featuredmedia":[{"embeddable":true,"href":"https:\/\/wpayo.com\/es\/wp-json\/wp\/v2\/media\/2051"}],"wp:attachment":[{"href":"https:\/\/wpayo.com\/es\/wp-json\/wp\/v2\/media?parent=2050"}],"wp:term":[{"taxonomy":"product_cat","embeddable":true,"href":"https:\/\/wpayo.com\/es\/wp-json\/wp\/v2\/product_cat?post=2050"},{"taxonomy":"product_tag","embeddable":true,"href":"https:\/\/wpayo.com\/es\/wp-json\/wp\/v2\/product_tag?post=2050"}],"curies":[{"name":"wp","href":"https:\/\/api.w.org\/{rel}","templated":true}]}}