{"id":2053,"date":"2024-01-17T13:17:56","date_gmt":"2024-01-17T13:17:56","guid":{"rendered":"https:\/\/wpayo.com\/es\/?post_type=product&#038;p=2053"},"modified":"2024-01-17T13:17:57","modified_gmt":"2024-01-17T13:17:57","slug":"ccavenue-payment-gateway-edd","status":"publish","type":"product","link":"https:\/\/wpayo.com\/es\/paga-gateway\/ccavenue-payment-gateway-edd\/","title":{"rendered":"CCAvenue Payment Gateway &#8211; EDD"},"content":{"rendered":"<p>En el mundo de los productos digitales y el comercio electr\u00f3nico, una pasarela de pago fiable y segura es fundamental. CCAvenue, un nombre confiable en la industria, es famoso por su s\u00f3lida seguridad y procesamiento de pagos fluido. Con la integraci\u00f3n de CCAvenue en Easy Digital Downloads, puede optimizar sus ventas digitales, haci\u00e9ndolas f\u00e1ciles y seguras tanto para usted como para sus clientes.<\/p>\n<h3><strong>\u00bfQu\u00e9 es CCAvenue?<\/strong><\/h3>\n<p>CCAvenue es una pasarela de pagos en l\u00ednea bien establecida y conocida por su confiabilidad y compromiso inquebrantable con el procesamiento de pagos seguro. Proporciona una plataforma segura y f\u00e1cil de usar para que las empresas y los sitios web reciban pagos en l\u00ednea, lo que la convierte en una opci\u00f3n l\u00edder para muchas empresas en l\u00ednea.<\/p>\n<h3><strong>\u00bfPor qu\u00e9 elegir CCAvenue para descargas digitales sencillas?<\/strong><\/h3>\n<ol>\n<li><strong>Integraci\u00f3n sin esfuerzo:<\/strong> Integre CCAvenue perfectamente en su configuraci\u00f3n de Easy Digital Downloads sin codificaci\u00f3n compleja. Comience a aceptar pagos por productos digitales en minutos, ya sea un experto en comercio electr\u00f3nico o nuevo en el comercio minorista en l\u00ednea.<\/li>\n<li><strong>Seguridad s\u00f3lida:<\/strong> Con CCAvenue, la seguridad es una m\u00e1xima prioridad. Todas las transacciones de pago est\u00e1n protegidas por funciones de seguridad avanzadas, lo que garantiza la confidencialidad de los datos confidenciales de sus clientes.<\/li>\n<li><strong>Listados de productos personalizables:<\/strong> cree listados de productos personalizados que coincidan con sus ofertas digitales espec\u00edficas. Personalice precios, descripciones de productos y opciones de pago para brindar una experiencia de compra atractiva y amigable.<\/li>\n<li><strong>Soporte multidivisa:<\/strong> ampl\u00ede su alcance global aceptando pagos en m\u00faltiples monedas, brindando comodidad a los clientes internacionales.<\/li>\n<li><strong>Informes detallados:<\/strong> realice un seguimiento de las ventas de sus productos digitales con funciones integrales de informes que le ayudar\u00e1n a mantenerse organizado y tomar decisiones informadas.<\/li>\n<\/ol>\n<p><strong>Empiece hoy:<\/strong> no se pierda las posibles ventas digitales y el crecimiento de su negocio online. Lleve las ventas de sus productos digitales al siguiente nivel con la pasarela de pago CCAvenue para descargas digitales sencillas. Optimice el proceso de pago, inspire la confianza del cliente e impulse el \u00e9xito de su negocio minorista en l\u00ednea. Comience ahora y descubra los beneficios de realizar transacciones en l\u00ednea sin complicaciones.<\/p>\n<div class=\"cl-preview-section\">\n<h4 id=\"requisitos\">Requisitos<\/h4>\n<\/div>\n<div class=\"cl-preview-section\">\n<ul>\n<li>Cuenta CCAvenue activa: debe ser un comerciante indio para registrarse.<\/li>\n<li>Complemento de descargas digitales sencillas<\/li>\n<li>Los formularios deben funcionar en modo no AJAX.<\/li>\n<li>No es necesario un certificado SSL v\u00e1lido ya que los datos de la tarjeta de cr\u00e9dito de su cliente se ingresan de forma segura en las p\u00e1ginas alojadas por CCAvenue. Sin embargo, se recomienda tener uno. Este complemento no almacena n\u00fameros de tarjetas de cr\u00e9dito de clientes ni informaci\u00f3n confidencial en su sitio web.<\/li>\n<\/ul>\n<\/div>\n<div class=\"cl-preview-section\">\n<h4 id=\"disclaimer\">Descargo de responsabilidad<\/h4>\n<\/div>\n<div class=\"cl-preview-section\">\n<p>Todas las transacciones se procesan de forma segura en la plataforma CCAvenue, lo que garantiza los m\u00e1s altos niveles de seguridad y cumplimiento.\n<\/p><\/div>\n","protected":false},"excerpt":{"rendered":"<p>Integrate CCAvenue Gateway for Easy Digital Downloads<\/p>\n","protected":false},"featured_media":2054,"comment_status":"open","ping_status":"closed","template":"","meta":{"_acf_changed":false},"product_cat":[48],"product_tag":[175],"class_list":{"0":"post-2053","1":"product","2":"type-product","3":"status-publish","4":"has-post-thumbnail","6":"product_cat-easy-digital-downloads","7":"product_tag-ccavenue","9":"first","10":"instock","11":"shipping-taxable","12":"purchasable","13":"product-type-simple"},"acf":[],"_links":{"self":[{"href":"https:\/\/wpayo.com\/es\/wp-json\/wp\/v2\/product\/2053","targetHints":{"allow":["GET"]}}],"collection":[{"href":"https:\/\/wpayo.com\/es\/wp-json\/wp\/v2\/product"}],"about":[{"href":"https:\/\/wpayo.com\/es\/wp-json\/wp\/v2\/types\/product"}],"replies":[{"embeddable":true,"href":"https:\/\/wpayo.com\/es\/wp-json\/wp\/v2\/comments?post=2053"}],"wp:featuredmedia":[{"embeddable":true,"href":"https:\/\/wpayo.com\/es\/wp-json\/wp\/v2\/media\/2054"}],"wp:attachment":[{"href":"https:\/\/wpayo.com\/es\/wp-json\/wp\/v2\/media?parent=2053"}],"wp:term":[{"taxonomy":"product_cat","embeddable":true,"href":"https:\/\/wpayo.com\/es\/wp-json\/wp\/v2\/product_cat?post=2053"},{"taxonomy":"product_tag","embeddable":true,"href":"https:\/\/wpayo.com\/es\/wp-json\/wp\/v2\/product_tag?post=2053"}],"curies":[{"name":"wp","href":"https:\/\/api.w.org\/{rel}","templated":true}]}}