{"id":2056,"date":"2024-01-17T13:17:57","date_gmt":"2024-01-17T13:17:57","guid":{"rendered":"https:\/\/wpayo.com\/es\/?post_type=product&#038;p=2056"},"modified":"2024-01-17T13:17:58","modified_gmt":"2024-01-17T13:17:58","slug":"ccavenue-payment-gateway-latepoint","status":"publish","type":"product","link":"https:\/\/wpayo.com\/es\/paga-gateway\/ccavenue-payment-gateway-latepoint\/","title":{"rendered":"CCAvenue Payment Gateway &#8211; LatePoint"},"content":{"rendered":"<p>Cuando se trata de mejorar su sistema de gesti\u00f3n y programaci\u00f3n de citas, CCAvenue Payment Gateway para LatePoint es el complemento imprescindible que est\u00e1 buscando. En el mundo de la programaci\u00f3n de citas online, una pasarela de pago segura y fiable es esencial. CCAvenue, conocido por su s\u00f3lida seguridad y procesamiento de pagos fluido, se integra perfectamente con LatePoint para transformar su sistema de reservas en una fuente de eficiencia y conveniencia.<\/p>\n<h3><strong>\u00bfQu\u00e9 es CCAvenue?<\/strong><\/h3>\n<p>CCAvenue es una pasarela de pagos en l\u00ednea bien establecida y conocida por su confiabilidad y compromiso inquebrantable con el procesamiento de pagos seguro. Ofrece una plataforma segura y f\u00e1cil de usar para que las empresas y los sitios web reciban pagos en l\u00ednea, lo que la convierte en la opci\u00f3n preferida de muchas empresas en l\u00ednea.<\/p>\n<h3><strong>\u00bfPor qu\u00e9 elegir CCAvenue para LatePoint?<\/strong><\/h3>\n<ol>\n<li><strong>Integraci\u00f3n sin esfuerzo:<\/strong> Integre CCAvenue perfectamente en su configuraci\u00f3n de LatePoint, sin necesidad de codificaci\u00f3n compleja. Comience a aceptar pagos por citas y servicios en minutos, ya sea que sea un experto en reservas o sea nuevo en la programaci\u00f3n en l\u00ednea.<\/li>\n<li><strong>Seguridad s\u00f3lida:<\/strong> Con CCAvenue, la seguridad es una m\u00e1xima prioridad. Todas las transacciones de pago est\u00e1n protegidas por funciones de seguridad avanzadas, lo que garantiza la confidencialidad de los datos confidenciales de sus clientes.<\/li>\n<li><strong>Formularios de reserva personalizables:<\/strong> cree formularios de reserva personalizados que coincidan con sus ofertas de servicios espec\u00edficas. Personalice los campos, las opciones y la marca para brindar una experiencia de reserva atractiva y f\u00e1cil de usar para el cliente.<\/li>\n<li><strong>Soporte multidivisa:<\/strong> ampl\u00ede su alcance global aceptando pagos en m\u00faltiples monedas, brindando comodidad a los clientes internacionales.<\/li>\n<li><strong>Informes detallados:<\/strong> realiza un seguimiento de tus ingresos por reservas con funciones integrales de informes que te ayudan a mantenerte organizado y tomar decisiones informadas.<\/li>\n<\/ol>\n<p><strong>Empiece hoy:<\/strong> no pierda reservas ni ingresos potenciales. Lleva tu sistema de reservas al siguiente nivel con la pasarela de pago CCAvenue para LatePoint. Agilice el proceso de pago, inspire la confianza del cliente e impulse el \u00e9xito de su negocio de servicios. Comience ahora y descubra los beneficios de las reservas en l\u00ednea sin complicaciones.<\/p>\n<div class=\"cl-preview-section\">\n<h4 id=\"requisitos\">Requisitos<\/h4>\n<\/div>\n<div class=\"cl-preview-section\">\n<ul>\n<li>Cuenta CCAvenue activa: debe ser un comerciante indio para registrarse.<\/li>\n<li>Complemento LatePoint<\/li>\n<li>Los formularios deben funcionar en modo no AJAX.<\/li>\n<li>No es necesario un certificado SSL v\u00e1lido ya que los datos de la tarjeta de cr\u00e9dito de su cliente se ingresan de forma segura en las p\u00e1ginas alojadas por CCAvenue. Sin embargo, se recomienda tener uno. Este complemento no almacena n\u00fameros de tarjetas de cr\u00e9dito de clientes ni informaci\u00f3n confidencial en su sitio web.<\/li>\n<\/ul>\n<\/div>\n<div class=\"cl-preview-section\">\n<h4 id=\"disclaimer\">Descargo de responsabilidad<\/h4>\n<\/div>\n<div class=\"cl-preview-section\">\n<p>Todas las transacciones se procesan de forma segura en la plataforma CCAvenue, lo que garantiza los m\u00e1s altos niveles de seguridad y cumplimiento.\n<\/p><\/div>\n","protected":false},"excerpt":{"rendered":"<p>Integrate CCAvenue Gateway for LatePoint<\/p>\n","protected":false},"featured_media":2057,"comment_status":"open","ping_status":"closed","template":"","meta":{"_acf_changed":false},"product_cat":[128],"product_tag":[175],"class_list":{"0":"post-2056","1":"product","2":"type-product","3":"status-publish","4":"has-post-thumbnail","6":"product_cat-latepoint","7":"product_tag-ccavenue","9":"first","10":"instock","11":"shipping-taxable","12":"purchasable","13":"product-type-simple"},"acf":[],"_links":{"self":[{"href":"https:\/\/wpayo.com\/es\/wp-json\/wp\/v2\/product\/2056","targetHints":{"allow":["GET"]}}],"collection":[{"href":"https:\/\/wpayo.com\/es\/wp-json\/wp\/v2\/product"}],"about":[{"href":"https:\/\/wpayo.com\/es\/wp-json\/wp\/v2\/types\/product"}],"replies":[{"embeddable":true,"href":"https:\/\/wpayo.com\/es\/wp-json\/wp\/v2\/comments?post=2056"}],"wp:featuredmedia":[{"embeddable":true,"href":"https:\/\/wpayo.com\/es\/wp-json\/wp\/v2\/media\/2057"}],"wp:attachment":[{"href":"https:\/\/wpayo.com\/es\/wp-json\/wp\/v2\/media?parent=2056"}],"wp:term":[{"taxonomy":"product_cat","embeddable":true,"href":"https:\/\/wpayo.com\/es\/wp-json\/wp\/v2\/product_cat?post=2056"},{"taxonomy":"product_tag","embeddable":true,"href":"https:\/\/wpayo.com\/es\/wp-json\/wp\/v2\/product_tag?post=2056"}],"curies":[{"name":"wp","href":"https:\/\/api.w.org\/{rel}","templated":true}]}}