{"id":2069,"date":"2024-01-17T13:18:08","date_gmt":"2024-01-17T13:18:08","guid":{"rendered":"https:\/\/wpayo.com\/es\/?post_type=product&#038;p=2069"},"modified":"2024-01-17T13:18:08","modified_gmt":"2024-01-17T13:18:08","slug":"razorpay-payment-gateway-easy-digital-downloads","status":"publish","type":"product","link":"https:\/\/wpayo.com\/es\/paga-gateway\/razorpay-payment-gateway-easy-digital-downloads\/","title":{"rendered":"Razorpay payment gateway &#8211; Easy Digital Downloads"},"content":{"rendered":"<p>Mejore las ventas de sus productos digitales con la pasarela de pago Razorpay para descargas digitales sencillas. Este complemento esencial integra a la perfecci\u00f3n Razorpay, una pasarela de pago confiable e innovadora, en su tienda en l\u00ednea, lo que hace que las transacciones de productos digitales sean simples y seguras.<\/p>\n<h3><strong>Por qu\u00e9 necesitar\u00e1s la pasarela de pago Razorpay para descargas digitales sencillas:<\/strong><\/h3>\n<ul>\n<li><strong>Transacciones sin esfuerzo:<\/strong> simplifique el proceso de compra de sus productos digitales y proporcione una experiencia de pago perfecta para sus clientes.<\/li>\n<li><strong>Seguridad s\u00f3lida:<\/strong> Conf\u00ede en las funciones de seguridad l\u00edderes en la industria de Razorpay para proteger todas las transacciones de pago, garantizando la confidencialidad de los datos confidenciales de los clientes.<\/li>\n<li><strong>Amplia gama de opciones de pago:<\/strong> acepte una variedad de m\u00e9todos de pago, incluidas tarjetas de cr\u00e9dito\/d\u00e9bito, pagos en l\u00ednea y billeteras m\u00f3viles, para llegar a una base de clientes m\u00e1s amplia.<\/li>\n<li><strong>Soporte multidivisa:<\/strong> ampl\u00ede su alcance global ofreciendo pagos en varias monedas, lo que facilita las ventas internacionales.<\/li>\n<li><strong>Informes detallados:<\/strong> mant\u00e9ngase organizado y tome decisiones informadas con funciones de informes integrales que lo ayudar\u00e1n a realizar un seguimiento de las ventas de sus productos digitales.<\/li>\n<\/ul>\n<p><strong>Qu\u00e9 es Razorpay:<\/strong> Razorpay es una pasarela de pagos en l\u00ednea l\u00edder en la India, reconocida por su enfoque innovador para los pagos en l\u00ednea. Su plataforma f\u00e1cil de usar est\u00e1 dise\u00f1ada para brindar una experiencia de pago segura y sin complicaciones tanto para empresas como para clientes.<\/p>\n<h3><strong>Requisitos:<\/strong><\/h3>\n<p>Para comenzar con la pasarela de pago Razorpay para Easy Digital Downloads, siga estos pasos:<\/p>\n<ol>\n<li><strong><a href=\"https:\/\/razorpay.com\/\" target=\"_new\" rel=\"noopener\">Reg\u00edstrese para obtener una cuenta de prueba\/sandbox de Razorpay<\/a><\/strong >: Iniciar creando una cuenta de prueba de Razorpay para experimentar los pagos en un entorno controlado.<\/li>\n<li><strong>Liquidaci\u00f3n de transacciones de prueba:<\/strong> aprenda a liquidar transacciones de prueba y comprenda el proceso de pagos reales.<\/li>\n<li><strong>Complemento de descargas digitales sencillas<\/strong><\/li>\n<\/ol>\n<p>No pierdas la oportunidad de mejorar las ventas de tus productos digitales. Lleve su negocio en l\u00ednea al siguiente nivel con la pasarela de pago Razorpay para descargas digitales sencillas. Agilice el proceso de pago, inspire la confianza del cliente e impulse el \u00e9xito de sus ofertas de productos digitales. Comience ahora y descubra los beneficios de realizar transacciones en l\u00ednea sin esfuerzo.<\/p>\n<p>\u00bfListo para elevar tus ventas digitales? Descargue Razorpay Payment Gateway para realizar descargas digitales sencillas y comience a aceptar pagos con confianza.<\/p>\n<div class=\"cl-preview-section\">\n<h4 id=\"disclaimer\">Descargo de responsabilidad<\/h4>\n<\/div>\n<div class=\"cl-preview-section\">\n<p>Todas las transacciones se procesan de forma segura en la plataforma RazorPay, lo que garantiza los m\u00e1s altos niveles de seguridad y cumplimiento.\n<\/p><\/div>\n","protected":false},"excerpt":{"rendered":"<p>Integrate Razorpay Gateway for Easy Digital Downloads<\/p>\n","protected":false},"featured_media":2070,"comment_status":"open","ping_status":"closed","template":"","meta":{"_acf_changed":false},"product_cat":[48],"product_tag":[179],"class_list":{"0":"post-2069","1":"product","2":"type-product","3":"status-publish","4":"has-post-thumbnail","6":"product_cat-easy-digital-downloads","7":"product_tag-razorpay","9":"first","10":"instock","11":"shipping-taxable","12":"purchasable","13":"product-type-simple"},"acf":[],"_links":{"self":[{"href":"https:\/\/wpayo.com\/es\/wp-json\/wp\/v2\/product\/2069","targetHints":{"allow":["GET"]}}],"collection":[{"href":"https:\/\/wpayo.com\/es\/wp-json\/wp\/v2\/product"}],"about":[{"href":"https:\/\/wpayo.com\/es\/wp-json\/wp\/v2\/types\/product"}],"replies":[{"embeddable":true,"href":"https:\/\/wpayo.com\/es\/wp-json\/wp\/v2\/comments?post=2069"}],"wp:featuredmedia":[{"embeddable":true,"href":"https:\/\/wpayo.com\/es\/wp-json\/wp\/v2\/media\/2070"}],"wp:attachment":[{"href":"https:\/\/wpayo.com\/es\/wp-json\/wp\/v2\/media?parent=2069"}],"wp:term":[{"taxonomy":"product_cat","embeddable":true,"href":"https:\/\/wpayo.com\/es\/wp-json\/wp\/v2\/product_cat?post=2069"},{"taxonomy":"product_tag","embeddable":true,"href":"https:\/\/wpayo.com\/es\/wp-json\/wp\/v2\/product_tag?post=2069"}],"curies":[{"name":"wp","href":"https:\/\/api.w.org\/{rel}","templated":true}]}}