{"id":2071,"date":"2024-01-17T13:18:07","date_gmt":"2024-01-17T13:18:07","guid":{"rendered":"https:\/\/wpayo.com\/es\/?post_type=product&#038;p=2071"},"modified":"2024-01-17T13:18:08","modified_gmt":"2024-01-17T13:18:08","slug":"razorpay-payment-gateway-ninjaforms","status":"publish","type":"product","link":"https:\/\/wpayo.com\/es\/paga-gateway\/razorpay-payment-gateway-ninjaforms\/","title":{"rendered":"Razorpay payment gateway &#8211; NinjaForms"},"content":{"rendered":"<p>Mejore sus env\u00edos de formularios en l\u00ednea con la pasarela de pago Razorpay para NinjaForms. Este complemento esencial integra a la perfecci\u00f3n Razorpay, una pasarela de pago confiable e innovadora, en sus formularios, lo que permite a sus usuarios realizar pagos de forma segura.<\/p>\n<h3><strong>Por qu\u00e9 necesitar\u00e1s la pasarela de pago Razorpay para NinjaForms:<\/strong><\/h3>\n<ul>\n<li><strong>Transacciones sin esfuerzo:<\/strong> simplifique el proceso de pago en sus formularios, brindando una experiencia de pago perfecta para sus usuarios.<\/li>\n<li><strong>Seguridad s\u00f3lida:<\/strong> Conf\u00ede en las funciones de seguridad l\u00edderes en la industria de Razorpay para proteger todas las transacciones de pago, garantizando la privacidad de los datos confidenciales del usuario.<\/li>\n<li><strong>Amplia gama de opciones de pago:<\/strong> acepte una variedad de m\u00e9todos de pago, incluidas tarjetas de cr\u00e9dito\/d\u00e9bito, pagos en l\u00ednea y billeteras m\u00f3viles, para llegar a una base de clientes m\u00e1s amplia.<\/li>\n<li><strong>Soporte multidivisa:<\/strong> ampl\u00ede su alcance global ofreciendo pagos en m\u00faltiples monedas, brindando comodidad a los usuarios internacionales.<\/li>\n<li><strong>Informes detallados:<\/strong> mant\u00e9ngase organizado y tome decisiones informadas con funciones de informes integrales que le ayudar\u00e1n a realizar un seguimiento de sus pagos en l\u00ednea.<\/li>\n<\/ul>\n<p><strong>Qu\u00e9 es Razorpay:<\/strong> Razorpay es una pasarela de pagos en l\u00ednea l\u00edder en la India, reconocida por su enfoque innovador para los pagos en l\u00ednea. Su plataforma f\u00e1cil de usar est\u00e1 dise\u00f1ada para brindar una experiencia de pago segura y sin complicaciones tanto para empresas como para usuarios.<\/p>\n<h3><strong>Requisitos:<\/strong><\/h3>\n<p>Para comenzar con la pasarela de pago Razorpay para NinjaForms, siga estos pasos:<\/p>\n<ol>\n<li><strong><a href=\"https:\/\/razorpay.com\/\" target=\"_new\" rel=\"noopener\">Reg\u00edstrese para obtener una cuenta de prueba\/sandbox de Razorpay<\/a><\/strong >: Iniciar creando una cuenta de prueba de Razorpay para experimentar los pagos en un entorno controlado.<\/li>\n<li><strong>Liquidaci\u00f3n de transacciones de prueba:<\/strong> aprenda a liquidar transacciones de prueba y comprenda el proceso de pagos reales.<\/li>\n<\/ol>\n<p>No pierda la oportunidad de mejorar sus formularios en l\u00ednea con opciones de pago seguro. Lleve sus formularios al siguiente nivel con la pasarela de pago Razorpay para NinjaForms. Agilice el proceso de pago, inspire confianza al usuario y aumente el \u00e9xito de sus env\u00edos en l\u00ednea. Comience ahora y descubra los beneficios de realizar transacciones en l\u00ednea sin esfuerzo.<\/p>\n<p>\u00bfListo para mejorar los env\u00edos de formularios? Descargue Razorpay Payment Gateway para NinjaForms y comience a aceptar pagos con confianza.<\/p>\n<div class=\"cl-preview-section\">\n<h4 id=\"disclaimer\">Descargo de responsabilidad<\/h4>\n<\/div>\n<div class=\"cl-preview-section\">\n<p>Todas las transacciones se procesan de forma segura en la plataforma RazorPay, lo que garantiza los m\u00e1s altos niveles de seguridad y cumplimiento.\n<\/p><\/div>\n","protected":false},"excerpt":{"rendered":"<p>Integrate Razorpay Gateway for NinjaForms<\/p>\n","protected":false},"featured_media":2072,"comment_status":"open","ping_status":"closed","template":"","meta":{"_acf_changed":false},"product_cat":[52],"product_tag":[179],"class_list":{"0":"post-2071","1":"product","2":"type-product","3":"status-publish","4":"has-post-thumbnail","6":"product_cat-ninja-forms","7":"product_tag-razorpay","9":"first","10":"instock","11":"shipping-taxable","12":"purchasable","13":"product-type-simple"},"acf":[],"_links":{"self":[{"href":"https:\/\/wpayo.com\/es\/wp-json\/wp\/v2\/product\/2071","targetHints":{"allow":["GET"]}}],"collection":[{"href":"https:\/\/wpayo.com\/es\/wp-json\/wp\/v2\/product"}],"about":[{"href":"https:\/\/wpayo.com\/es\/wp-json\/wp\/v2\/types\/product"}],"replies":[{"embeddable":true,"href":"https:\/\/wpayo.com\/es\/wp-json\/wp\/v2\/comments?post=2071"}],"wp:featuredmedia":[{"embeddable":true,"href":"https:\/\/wpayo.com\/es\/wp-json\/wp\/v2\/media\/2072"}],"wp:attachment":[{"href":"https:\/\/wpayo.com\/es\/wp-json\/wp\/v2\/media?parent=2071"}],"wp:term":[{"taxonomy":"product_cat","embeddable":true,"href":"https:\/\/wpayo.com\/es\/wp-json\/wp\/v2\/product_cat?post=2071"},{"taxonomy":"product_tag","embeddable":true,"href":"https:\/\/wpayo.com\/es\/wp-json\/wp\/v2\/product_tag?post=2071"}],"curies":[{"name":"wp","href":"https:\/\/api.w.org\/{rel}","templated":true}]}}