{"id":2077,"date":"2024-01-17T13:18:05","date_gmt":"2024-01-17T13:18:05","guid":{"rendered":"https:\/\/wpayo.com\/es\/?post_type=product&#038;p=2077"},"modified":"2024-01-17T13:18:05","modified_gmt":"2024-01-17T13:18:05","slug":"razorpay-payment-gateway-learnpress","status":"publish","type":"product","link":"https:\/\/wpayo.com\/es\/paga-gateway\/razorpay-payment-gateway-learnpress\/","title":{"rendered":"Razorpay payment gateway &#8211; LearnPress"},"content":{"rendered":"<p>Mejore su plataforma de aprendizaje en l\u00ednea con la <strong>pasarela de pago Razorpay para LearnPress<\/strong>. Este complemento esencial integra a la perfecci\u00f3n Razorpay, una pasarela de pago confiable e innovadora, lo que facilita a sus estudiantes la inscripci\u00f3n en cursos y el acceso seguro a contenido educativo premium.<\/p>\n<h3><strong>Por qu\u00e9 necesitar\u00e1s la pasarela de pago Razorpay para LearnPress:<\/strong><\/h3>\n<ul>\n<li><strong>Registros sin esfuerzo:<\/strong> simplifique el proceso de registro y pago del curso, brindando una experiencia perfecta para sus estudiantes.<\/li>\n<li><strong>Seguridad s\u00f3lida:<\/strong> Conf\u00ede en las funciones de seguridad l\u00edderes en la industria de Razorpay para proteger todas las transacciones de pago y mantener la privacidad de los datos confidenciales de los estudiantes.<\/li>\n<li><strong>Amplia gama de opciones de pago:<\/strong> acepte varios m\u00e9todos de pago, incluidas tarjetas de cr\u00e9dito\/d\u00e9bito, banca neta y billeteras m\u00f3viles, para llegar a un p\u00fablico m\u00e1s amplio de estudiantes.<\/li>\n<li><strong>Soporte multidivisa:<\/strong> ampl\u00ede el alcance de su plataforma de aprendizaje ofreciendo pagos en m\u00faltiples monedas, brindando comodidad a los estudiantes internacionales.<\/li>\n<li><strong>Informes detallados:<\/strong> mant\u00e9ngase organizado y tome decisiones informadas con funciones de informes integrales que le ayudar\u00e1n a realizar un seguimiento de sus ingresos por aprendizaje en l\u00ednea.<\/li>\n<\/ul>\n<p><strong>Qu\u00e9 es Razorpay:<\/strong><br \/>\nRazorpay es una pasarela de pagos en l\u00ednea l\u00edder en la India, famosa por su enfoque innovador para los pagos en l\u00ednea. Su plataforma f\u00e1cil de usar est\u00e1 dise\u00f1ada para brindar una experiencia de pago segura y sin complicaciones para empresas y plataformas de aprendizaje en l\u00ednea.<\/p>\n<h3><strong>Requisitos:<\/strong><\/h3>\n<p>Para comenzar con la pasarela de pago Razorpay para LearnPress, siga estos pasos:<\/p>\n<ol>\n<li><strong><a href=\"https:\/\/razorpay.com\/\" target=\"_new\" rel=\"noopener\">Reg\u00edstrese para obtener una cuenta de prueba\/sandbox de Razorpay<\/a><\/strong>: Iniciar creando una cuenta de prueba de Razorpay para experimentar con pagos en un entorno controlado.<\/li>\n<li><strong>Liquidaci\u00f3n de transacciones de prueba:<\/strong> aprenda a liquidar transacciones de prueba y comprenda el proceso de los pagos reales.<\/li>\n<li>Complemento LearnPress<\/li>\n<\/ol>\n<p>No pierdas la oportunidad de mejorar tu sistema de reserva de eventos. Lleve la gesti\u00f3n de su evento al siguiente nivel con la pasarela de pago Razorpay para LearnPress. Simplifique el proceso de pago, infunda confianza en los asistentes e impulse el \u00e9xito de sus eventos. Comience ahora y descubra los beneficios de la venta de entradas en l\u00ednea sin complicaciones.<\/p>\n<p>\u00bfListo para mejorar la gesti\u00f3n de su evento? Descargue Razorpay Payment Gateway para LearnPress y comience a aceptar pagos con confianza.<\/p>\n<div class=\"cl-preview-section\">\n<h4 id=\"disclaimer\">Descargo de responsabilidad<\/h4>\n<\/div>\n<div class=\"cl-preview-section\">Todas las transacciones se procesan de forma segura en la plataforma RazorPay, lo que garantiza los m\u00e1s altos niveles de seguridad y cumplimiento.<\/div>\n","protected":false},"excerpt":{"rendered":"<p>Integrate Razorpay Gateway for LearnPress<\/p>\n","protected":false},"featured_media":2078,"comment_status":"open","ping_status":"closed","template":"","meta":{"_acf_changed":false},"product_cat":[94],"product_tag":[179],"class_list":{"0":"post-2077","1":"product","2":"type-product","3":"status-publish","4":"has-post-thumbnail","6":"product_cat-learnpress","7":"product_tag-razorpay","9":"first","10":"instock","11":"shipping-taxable","12":"purchasable","13":"product-type-simple"},"acf":[],"_links":{"self":[{"href":"https:\/\/wpayo.com\/es\/wp-json\/wp\/v2\/product\/2077","targetHints":{"allow":["GET"]}}],"collection":[{"href":"https:\/\/wpayo.com\/es\/wp-json\/wp\/v2\/product"}],"about":[{"href":"https:\/\/wpayo.com\/es\/wp-json\/wp\/v2\/types\/product"}],"replies":[{"embeddable":true,"href":"https:\/\/wpayo.com\/es\/wp-json\/wp\/v2\/comments?post=2077"}],"wp:featuredmedia":[{"embeddable":true,"href":"https:\/\/wpayo.com\/es\/wp-json\/wp\/v2\/media\/2078"}],"wp:attachment":[{"href":"https:\/\/wpayo.com\/es\/wp-json\/wp\/v2\/media?parent=2077"}],"wp:term":[{"taxonomy":"product_cat","embeddable":true,"href":"https:\/\/wpayo.com\/es\/wp-json\/wp\/v2\/product_cat?post=2077"},{"taxonomy":"product_tag","embeddable":true,"href":"https:\/\/wpayo.com\/es\/wp-json\/wp\/v2\/product_tag?post=2077"}],"curies":[{"name":"wp","href":"https:\/\/api.w.org\/{rel}","templated":true}]}}