{"id":2082,"date":"2024-01-17T13:18:03","date_gmt":"2024-01-17T13:18:03","guid":{"rendered":"https:\/\/wpayo.com\/es\/?post_type=product&#038;p=2082"},"modified":"2024-01-17T13:18:04","modified_gmt":"2024-01-17T13:18:04","slug":"razorpay-payment-gateway-bookly-pro","status":"publish","type":"product","link":"https:\/\/wpayo.com\/es\/paga-gateway\/razorpay-payment-gateway-bookly-pro\/","title":{"rendered":"Razorpay payment gateway &#8211; Bookly Pro"},"content":{"rendered":"<p>Mejora el sistema de reservas de tu ciudad con el <strong>pase de pago Razorpay a trav\u00e9s de Bookly Pro<\/strong>. Este es un complemento esencial para la perfecci\u00f3n de Razorpay, una ruta confiable e innovadora que facilita a sus clientes reservar y asegurar la ruta.<\/p>\n<p><strong>Porque necesitas el pase de pago Razorpay para Bookly Pro:<\/strong><\/p>\n<ul>\n<li><strong>Reserva de ciudades sin esfuerzo:<\/strong> simplifica el proceso de reserva y proporciona una experiencia perfecta para nuestros clientes.<\/li>\n<li><strong>Seguridad s\u00f3lida:<\/strong> confiada a las funciones de seguridad de la industria Razorpay para proteger todas las transacciones bancarias y mantener la privacidad de los datos confidenciales de los clientes.<\/li>\n<li><strong>Gama ampliada de opciones de pago:<\/strong> acepta varios m\u00e9todos de pago, incluidas tarjetas de cr\u00e9dito\/d\u00e9bito, banca neta y boletos m\u00f3viles, para permitir una audiencia m\u00e1s amplia de clientes. <\/li>\n<li><strong>Soporte multidivisal:<\/strong> amplifica su balance global de ofertas en m\u00faltiples monedas, asegurando que las transacciones internacionales sean convenientes para nuestros clientes.<\/li>\n<li><strong>Informaci\u00f3n detallada:<\/strong> Mant\u00e9ngase organizado y tome decisiones informadas con funciones de informaci\u00f3n integral de que el cliente ha realizado una secuencia de los ingredientes para las ciudades.<\/li>\n<\/ul>\n<p><strong>Qu\u00e9 es Razorpay:<\/strong><br \/>\nRazorpay es un viajero en l\u00ednea l\u00edder en la India, famoso por ser un innovador en compras en l\u00ednea. Esta plataforma f\u00e1cil de usar est\u00e1 dise\u00f1ada para brindarle una experiencia de servicio segura y sin complicaciones para empresas y clientes.<\/p>\n<h3><strong>Requisitos:<\/strong><\/h3>\n<p>Para comenzar con el pase de pago Razorpay para Bookly Pro, tenga en cuenta estos pasos:<\/p>\n<ol>\n<li><strong><a href=\"https:\/\/razorpay.com\/\" target=\"_new\" rel=\"noopener\">Reg\u00edstrese para obtener un archivo\/sandbox de Razorpay<\/a><\/strong> : Iniciar creando una muestra de Razorpay para experimentar con p\u00e1ginas en un entorno controlado.<\/li>\n<li><strong>Liquidaci\u00f3n de transacciones de deuda:<\/strong> aprenda c\u00f3mo liquidar transacciones de deuda y comprenda el proceso de las transacciones inmobiliarias.<\/li>\n<li>Complemento Bookly Pro<\/li>\n<\/ol>\n<p>No pierdas la oportunidad de mejorar tu sistema de reservas de eventos. Aprenda a gestionar su evento al mismo nivel con el pase de pago Razorpay para Bookly Pro. Simplifique el proceso de pago, infunda confianza en los sistentes e impulse el \u00e9xito de sus eventos. Aprende y descubre los beneficios de la venta online sin complicaciones.<\/p>\n<p>\u00bfLista para mejorar la gesti\u00f3n de tu evento? Descargue Razorpay Payment Gateway para Bookly Pro y acepte pagos con confianza.<\/p>\n<div class=\"cl-preview-section\">\n<h4 id=\"disclaimer\">Exenci\u00f3n de responsabilidad<\/h4>\n<\/div>\n<div class=\"cl-preview-section\">\nTodas las transacciones se realizan de forma segura en la plataforma RazorPay, que garantiza los m\u00e1s altos niveles de seguridad y pago.\n<\/div>\n","protected":false},"excerpt":{"rendered":"<p>Integrate Razorpay Gateway for Bookly Pro<\/p>\n","protected":false},"featured_media":2083,"comment_status":"open","ping_status":"closed","template":"","meta":{"_acf_changed":false},"product_cat":[127,72],"product_tag":[179],"class_list":{"0":"post-2082","1":"product","2":"type-product","3":"status-publish","4":"has-post-thumbnail","6":"product_cat-bookly-pro","7":"product_cat-bookly","8":"product_tag-razorpay","10":"first","11":"instock","12":"shipping-taxable","13":"purchasable","14":"product-type-simple"},"acf":[],"_links":{"self":[{"href":"https:\/\/wpayo.com\/es\/wp-json\/wp\/v2\/product\/2082","targetHints":{"allow":["GET"]}}],"collection":[{"href":"https:\/\/wpayo.com\/es\/wp-json\/wp\/v2\/product"}],"about":[{"href":"https:\/\/wpayo.com\/es\/wp-json\/wp\/v2\/types\/product"}],"replies":[{"embeddable":true,"href":"https:\/\/wpayo.com\/es\/wp-json\/wp\/v2\/comments?post=2082"}],"wp:featuredmedia":[{"embeddable":true,"href":"https:\/\/wpayo.com\/es\/wp-json\/wp\/v2\/media\/2083"}],"wp:attachment":[{"href":"https:\/\/wpayo.com\/es\/wp-json\/wp\/v2\/media?parent=2082"}],"wp:term":[{"taxonomy":"product_cat","embeddable":true,"href":"https:\/\/wpayo.com\/es\/wp-json\/wp\/v2\/product_cat?post=2082"},{"taxonomy":"product_tag","embeddable":true,"href":"https:\/\/wpayo.com\/es\/wp-json\/wp\/v2\/product_tag?post=2082"}],"curies":[{"name":"wp","href":"https:\/\/api.w.org\/{rel}","templated":true}]}}