{"id":2084,"date":"2024-01-17T13:18:17","date_gmt":"2024-01-17T13:18:17","guid":{"rendered":"https:\/\/wpayo.com\/es\/?post_type=product&#038;p=2084"},"modified":"2024-01-17T13:18:18","modified_gmt":"2024-01-17T13:18:18","slug":"razorpay-payment-gateway-awpcp","status":"publish","type":"product","link":"https:\/\/wpayo.com\/es\/paga-gateway\/razorpay-payment-gateway-awpcp\/","title":{"rendered":"Razorpay payment gateway &#8211; AWPCP"},"content":{"rendered":"<p>Mejore sus clasificados y pagos con la <strong>Pasarela de pago Razorpay para AWPCP<\/strong>. Este complemento esencial integra a la perfecci\u00f3n Razorpay, una pasarela de pago confiable e innovadora, lo que facilita a los usuarios publicar sus anuncios clasificados y pagar de forma segura.<\/p>\n<h3><strong>Por qu\u00e9 necesitar\u00e1 la pasarela de pago Razorpay para AWPCP:<\/strong><\/h3>\n<ul>\n<li><strong>Publicaci\u00f3n y pago sin esfuerzo:<\/strong> simplifique el proceso de publicaci\u00f3n de anuncios y pago, proporcionando una experiencia perfecta para sus usuarios.<\/li>\n<li><strong>Seguridad s\u00f3lida:<\/strong> Conf\u00ede en las funciones de seguridad l\u00edderes en la industria de Razorpay para proteger todas las transacciones de pago, manteniendo la privacidad de los datos confidenciales del usuario.<\/li>\n<li><strong>Amplia gama de opciones de pago:<\/strong> acepte una variedad de m\u00e9todos de pago, incluidas tarjetas de cr\u00e9dito\/d\u00e9bito, pagos por Internet y billeteras m\u00f3viles, para satisfacer una base de usuarios b\u00e1sica m\u00e1s amplia.<\/li>\n<li><strong>Soporte multidivisa:<\/strong> ampl\u00ede su alcance global ofreciendo pagos en varias monedas, lo que facilita la vida de los usuarios internacionales.<\/li>\n<li><strong>Informes detallados:<\/strong> mant\u00e9ngase organizado y tome decisiones informadas con funciones de informes integrales que le ayudar\u00e1n a realizar un seguimiento de sus ingresos por anuncios clasificados.<\/li>\n<\/ul>\n<h3><strong>\u00bfQu\u00e9 es Razorpay?<\/strong><\/h3>\n<p>Razorpay es una pasarela de pagos en l\u00ednea l\u00edder en la India, conocida por su enfoque innovador para los pagos en l\u00ednea. Su plataforma f\u00e1cil de usar est\u00e1 dise\u00f1ada para brindar una experiencia de pago segura y sin complicaciones tanto para empresas como para usuarios.<\/p>\n<h3><strong>Requisitos:<\/strong><\/h3>\n<p>Para comenzar con Razorpay Payment Gateway para AWPCP, siga estos pasos:<\/p>\n<ol>\n<li><strong><a href=\"https:\/\/razorpay.com\/\" target=\"_new\" rel=\"noopener\">Reg\u00edstrese para obtener una cuenta de prueba\/sandbox de Razorpay<\/a><\/strong>: Iniciar creando una cuenta de prueba de Razorpay para experimentar con pagos en un entorno controlado.<\/li>\n<li><strong>Liquidar transacciones de prueba<\/strong>: aprenda a liquidar transacciones de prueba y comprenda el proceso de los pagos reales.<\/li>\n<li>Complemento AWCPP<\/li>\n<\/ol>\n<p>No pierdas la oportunidad de mejorar tu plataforma de anuncios clasificados. Lleve sus anuncios al siguiente nivel con Razorpay Payment Gateway para AWPCP. Agilice el proceso de pago, inspire la confianza de los usuarios e impulse el \u00e9xito de sus anuncios clasificados. Comience ahora y descubra los beneficios de publicar en l\u00ednea sin complicaciones.<\/p>\n<p>\u00bfListo para mejorar su plataforma de anuncios clasificados? Descargue Razorpay Payment Gateway para AWPCP y comience a aceptar pagos con confianza.<\/p>\n<div class=\"cl-preview-section\">\n<h4 id=\"disclaimer\">Descargo de responsabilidad<\/h4>\n<\/div>\n<div class=\"cl-preview-section\">\n<p>Todas las transacciones se procesan de forma segura en la plataforma RazorPay, lo que garantiza los m\u00e1s altos niveles de seguridad y cumplimiento.<\/p>\n<\/div>\n","protected":false},"excerpt":{"rendered":"<p>Integrate Razorpay Gateway for AWPCP<\/p>\n","protected":false},"featured_media":2085,"comment_status":"open","ping_status":"closed","template":"","meta":{"_acf_changed":false},"product_cat":[237],"product_tag":[179],"class_list":{"0":"post-2084","1":"product","2":"type-product","3":"status-publish","4":"has-post-thumbnail","6":"product_cat-awpcp","7":"product_tag-razorpay","9":"first","10":"instock","11":"shipping-taxable","12":"purchasable","13":"product-type-simple"},"acf":[],"_links":{"self":[{"href":"https:\/\/wpayo.com\/es\/wp-json\/wp\/v2\/product\/2084","targetHints":{"allow":["GET"]}}],"collection":[{"href":"https:\/\/wpayo.com\/es\/wp-json\/wp\/v2\/product"}],"about":[{"href":"https:\/\/wpayo.com\/es\/wp-json\/wp\/v2\/types\/product"}],"replies":[{"embeddable":true,"href":"https:\/\/wpayo.com\/es\/wp-json\/wp\/v2\/comments?post=2084"}],"wp:featuredmedia":[{"embeddable":true,"href":"https:\/\/wpayo.com\/es\/wp-json\/wp\/v2\/media\/2085"}],"wp:attachment":[{"href":"https:\/\/wpayo.com\/es\/wp-json\/wp\/v2\/media?parent=2084"}],"wp:term":[{"taxonomy":"product_cat","embeddable":true,"href":"https:\/\/wpayo.com\/es\/wp-json\/wp\/v2\/product_cat?post=2084"},{"taxonomy":"product_tag","embeddable":true,"href":"https:\/\/wpayo.com\/es\/wp-json\/wp\/v2\/product_tag?post=2084"}],"curies":[{"name":"wp","href":"https:\/\/api.w.org\/{rel}","templated":true}]}}