{"id":2086,"date":"2024-01-17T13:18:16","date_gmt":"2024-01-17T13:18:16","guid":{"rendered":"https:\/\/wpayo.com\/es\/?post_type=product&#038;p=2086"},"modified":"2024-01-17T13:18:16","modified_gmt":"2024-01-17T13:18:16","slug":"razorpay-payment-gateway-latepoint","status":"publish","type":"product","link":"https:\/\/wpayo.com\/es\/paga-gateway\/razorpay-payment-gateway-latepoint\/","title":{"rendered":"Razorpay payment gateway &#8211; LatePoint"},"content":{"rendered":"<p>Mejore su proceso de programaci\u00f3n de citas y pago con Razorpay Payment Gateway para LatePoint. Este complemento esencial integra a la perfecci\u00f3n Razorpay, una pasarela de pago confiable e innovadora, que facilita la reserva de citas y el pago seguro para sus clientes.<\/p>\n<h3><strong>Por qu\u00e9 necesitar\u00e1s la pasarela de pago Razorpay para LatePoint:<\/strong><\/h3>\n<ul>\n<li><strong>Reserva de citas sin esfuerzo:<\/strong> simplifique el proceso de reserva y pago, brindando una experiencia perfecta para sus clientes.<\/li>\n<li><strong>Seguridad s\u00f3lida:<\/strong> Conf\u00ede en las funciones de seguridad l\u00edderes en la industria de Razorpay para proteger todas las transacciones de pago, manteniendo la privacidad de los datos confidenciales de sus clientes.<\/li>\n<li><strong>Amplia gama de opciones de pago:<\/strong> Acepte una variedad de m\u00e9todos de pago, incluidas tarjetas de cr\u00e9dito\/d\u00e9bito, pagos por Internet y billeteras m\u00f3viles, para llegar a una amplia base de clientes.<\/li>\n<li><strong>Soporte multidivisa:<\/strong> ampl\u00ede su alcance global ofreciendo pagos en m\u00faltiples monedas, lo que facilita la vida de los clientes internacionales.<\/li>\n<li><strong>Informes detallados:<\/strong> Mant\u00e9ngase organizado y tome decisiones informadas con funciones de informes integrales que le ayudar\u00e1n a realizar un seguimiento de los ingresos por citas.<\/li>\n<\/ul>\n<p><strong>Qu\u00e9 es Razorpay:<\/strong> Razorpay es una pasarela de pagos en l\u00ednea l\u00edder en la India, reconocida por su enfoque innovador para los pagos en l\u00ednea. Su plataforma f\u00e1cil de usar est\u00e1 dise\u00f1ada para brindar una experiencia de pago segura y sin complicaciones tanto para empresas como para clientes.<\/p>\n<p><strong>Requisitos:<\/strong> Para comenzar con Razorpay Payment Gateway para LatePoint, siga estos pasos:<\/p>\n<ol>\n<li><strong><a href=\"https:\/\/razorpay.com\/\" target=\"_new\" rel=\"noopener\">Reg\u00edstrese para obtener una cuenta de prueba\/sandbox de Razorpay<\/a><\/strong>: Iniciar creando una cuenta de prueba de Razorpay para experimentar con pagos en un entorno controlado.<\/li>\n<li><strong>Liquidar transacciones de prueba<\/strong>: aprenda a liquidar transacciones de prueba y comprenda el proceso de los pagos reales.<\/li>\n<li>Complemento LatePoint<\/li>\n<\/ol>\n<p>No pierdas la oportunidad de mejorar tu sistema de programaci\u00f3n de citas y pago. Lleve la gesti\u00f3n de sus clientes al siguiente nivel con Razorpay Payment Gateway para LatePoint. Agilice el proceso de pago, inspire la confianza del cliente e impulse el \u00e9xito de su negocio basado en citas. Comience ahora y descubra los beneficios de las reservas en l\u00ednea sin complicaciones.<\/p>\n<p>\u00bfListo para mejorar su sistema de citas? Descargue Razorpay Payment Gateway para LatePoint y comience a aceptar pagos con confianza.<\/p>\n<div class=\"cl-preview-section\">\n<h4 id=\"disclaimer\">Descargo de responsabilidad<\/h4>\n<\/div>\n<div class=\"cl-preview-section\">\n<p>Todas las transacciones se procesan de forma segura en la plataforma RazorPay, lo que garantiza los m\u00e1s altos niveles de seguridad y cumplimiento.<\/p>\n<\/div>\n","protected":false},"excerpt":{"rendered":"<p>Integrate Razorpay Gateway for LatePoint<\/p>\n","protected":false},"featured_media":2087,"comment_status":"open","ping_status":"closed","template":"","meta":{"_acf_changed":false},"product_cat":[128],"product_tag":[179],"class_list":{"0":"post-2086","1":"product","2":"type-product","3":"status-publish","4":"has-post-thumbnail","6":"product_cat-latepoint","7":"product_tag-razorpay","9":"first","10":"instock","11":"shipping-taxable","12":"purchasable","13":"product-type-simple"},"acf":[],"_links":{"self":[{"href":"https:\/\/wpayo.com\/es\/wp-json\/wp\/v2\/product\/2086","targetHints":{"allow":["GET"]}}],"collection":[{"href":"https:\/\/wpayo.com\/es\/wp-json\/wp\/v2\/product"}],"about":[{"href":"https:\/\/wpayo.com\/es\/wp-json\/wp\/v2\/types\/product"}],"replies":[{"embeddable":true,"href":"https:\/\/wpayo.com\/es\/wp-json\/wp\/v2\/comments?post=2086"}],"wp:featuredmedia":[{"embeddable":true,"href":"https:\/\/wpayo.com\/es\/wp-json\/wp\/v2\/media\/2087"}],"wp:attachment":[{"href":"https:\/\/wpayo.com\/es\/wp-json\/wp\/v2\/media?parent=2086"}],"wp:term":[{"taxonomy":"product_cat","embeddable":true,"href":"https:\/\/wpayo.com\/es\/wp-json\/wp\/v2\/product_cat?post=2086"},{"taxonomy":"product_tag","embeddable":true,"href":"https:\/\/wpayo.com\/es\/wp-json\/wp\/v2\/product_tag?post=2086"}],"curies":[{"name":"wp","href":"https:\/\/api.w.org\/{rel}","templated":true}]}}