{"id":2091,"date":"2024-01-17T13:18:14","date_gmt":"2024-01-17T13:18:14","guid":{"rendered":"https:\/\/wpayo.com\/es\/?post_type=product&#038;p=2091"},"modified":"2024-01-17T13:18:15","modified_gmt":"2024-01-17T13:18:15","slug":"razorpay-payment-gateway-contact-form-7","status":"publish","type":"product","link":"https:\/\/wpayo.com\/es\/paga-gateway\/razorpay-payment-gateway-contact-form-7\/","title":{"rendered":"Razorpay payment gateway &#8211; Contact Form 7"},"content":{"rendered":"<p>Optimice sus formularios de contacto con la <strong>pasarela de pago Razorpay para el formulario de contacto 7<\/strong>. Este complemento esencial integra a la perfecci\u00f3n Razorpay, una pasarela de pago confiable e innovadora, que facilita el pago seguro a sus usuarios al enviar formularios de contacto.<\/p>\n<h3><strong>Por qu\u00e9 necesitar\u00e1 la pasarela de pago Razorpay para el formulario de contacto 7:<\/strong><\/h3>\n<ul>\n<li><strong>Pagos sin esfuerzo:<\/strong> simplifique el proceso de pago dentro de sus formularios de contacto, brindando una experiencia de pago perfecta para sus usuarios.<\/li>\n<li><strong>Seguridad s\u00f3lida:<\/strong> Conf\u00ede en las funciones de seguridad l\u00edderes en la industria de Razorpay para proteger todas las transacciones de pago, manteniendo la privacidad de los datos confidenciales del usuario.<\/li>\n<li><strong>Amplia gama de opciones de pago:<\/strong> acepte una variedad de m\u00e9todos de pago, incluidas tarjetas de cr\u00e9dito\/d\u00e9bito, pagos por Internet y billeteras m\u00f3viles, para llegar a una base de usuarios m\u00e1s amplia.<\/li>\n<li><strong>Soporte multidivisa:<\/strong> ampl\u00ede su alcance global ofreciendo pagos en m\u00faltiples monedas, lo que facilita las transacciones internacionales.<\/li>\n<li><strong>Informes detallados:<\/strong> Mant\u00e9ngase organizado y tome decisiones informadas con funciones de informes integrales que le ayudar\u00e1n a realizar un seguimiento de sus pagos en l\u00ednea.<\/li>\n<\/ul>\n<p><strong>Qu\u00e9 es Razorpay:<\/strong> Razorpay es una pasarela de pagos en l\u00ednea l\u00edder en la India, reconocida por su enfoque innovador para los pagos en l\u00ednea. Su plataforma f\u00e1cil de usar est\u00e1 dise\u00f1ada para brindar una experiencia de pago segura y sin complicaciones tanto para empresas como para usuarios.<\/p>\n<p><strong>Requisitos:<\/strong> Para comenzar con la pasarela de pago Razorpay para el formulario de contacto 7, siga estos pasos:<\/p>\n<ol>\n<li><strong><a href=\"https:\/\/razorpay.com\/\" target=\"_new\" rel=\"noopener\">Reg\u00edstrese para obtener una cuenta de prueba\/sandbox de Razorpay<\/a><\/strong>: Iniciar creando una cuenta de prueba de Razorpay para experimentar con pagos en un entorno controlado.<\/li>\n<li><strong>Liquidar transacciones de prueba<\/strong>: aprenda a liquidar transacciones de prueba y comprenda el proceso de los pagos reales.<\/li>\n<li>Complemento de formulario de contacto 7<\/li>\n<\/ol>\n<p>No pierdas la oportunidad de mejorar tus formularios de contacto con opciones de pago seguro. Lleve sus formularios al siguiente nivel con Razorpay Payment Gateway para Contact Form 7. Optimice el proceso de pago, infunda confianza en el usuario e impulse el \u00e9xito de sus formularios en l\u00ednea. Comience ahora y descubra los beneficios de los pagos en l\u00ednea sin complicaciones.<\/p>\n<p>\u00bfListo para optimizar tus formularios de contacto? Descargue la pasarela de pago Razorpay para el formulario de contacto 7 y comience a aceptar pagos con confianza.<\/p>\n<div class=\"cl-preview-section\">\n<h4 id=\"disclaimer\">Descargo de responsabilidad<\/h4>\n<\/div>\n<div class=\"cl-preview-section\">\n<p>Todas las transacciones se procesan de forma segura en la plataforma RazorPay, lo que garantiza los m\u00e1s altos niveles de seguridad y cumplimiento.\n<\/p><\/div>\n","protected":false},"excerpt":{"rendered":"<p>Integrate Razorpay Gateway for Contact Form 7<\/p>\n","protected":false},"featured_media":2092,"comment_status":"open","ping_status":"closed","template":"","meta":{"_acf_changed":false},"product_cat":[53],"product_tag":[179],"class_list":{"0":"post-2091","1":"product","2":"type-product","3":"status-publish","4":"has-post-thumbnail","6":"product_cat-contact-form-7","7":"product_tag-razorpay","9":"first","10":"instock","11":"shipping-taxable","12":"purchasable","13":"product-type-simple"},"acf":[],"_links":{"self":[{"href":"https:\/\/wpayo.com\/es\/wp-json\/wp\/v2\/product\/2091","targetHints":{"allow":["GET"]}}],"collection":[{"href":"https:\/\/wpayo.com\/es\/wp-json\/wp\/v2\/product"}],"about":[{"href":"https:\/\/wpayo.com\/es\/wp-json\/wp\/v2\/types\/product"}],"replies":[{"embeddable":true,"href":"https:\/\/wpayo.com\/es\/wp-json\/wp\/v2\/comments?post=2091"}],"wp:featuredmedia":[{"embeddable":true,"href":"https:\/\/wpayo.com\/es\/wp-json\/wp\/v2\/media\/2092"}],"wp:attachment":[{"href":"https:\/\/wpayo.com\/es\/wp-json\/wp\/v2\/media?parent=2091"}],"wp:term":[{"taxonomy":"product_cat","embeddable":true,"href":"https:\/\/wpayo.com\/es\/wp-json\/wp\/v2\/product_cat?post=2091"},{"taxonomy":"product_tag","embeddable":true,"href":"https:\/\/wpayo.com\/es\/wp-json\/wp\/v2\/product_tag?post=2091"}],"curies":[{"name":"wp","href":"https:\/\/api.w.org\/{rel}","templated":true}]}}