{"id":2094,"date":"2024-01-17T13:18:14","date_gmt":"2024-01-17T13:18:14","guid":{"rendered":"https:\/\/wpayo.com\/es\/?post_type=product&#038;p=2094"},"modified":"2024-01-17T13:18:14","modified_gmt":"2024-01-17T13:18:14","slug":"razorpay-payment-gateway-gravity-forms","status":"publish","type":"product","link":"https:\/\/wpayo.com\/es\/paga-gateway\/razorpay-payment-gateway-gravity-forms\/","title":{"rendered":"Razorpay payment gateway &#8211; Gravity Forms"},"content":{"rendered":"<p>Experimente una mejora en el env\u00edo de formularios en l\u00ednea con la integraci\u00f3n de la <strong>pasarela de pago Razorpay para Gravity Forms<\/strong>. Este complemento esencial integra a la perfecci\u00f3n Razorpay, una pasarela de pago confiable e innovadora, que simplifica los pagos seguros dentro de sus formularios.<\/p>\n<h3><strong>Por qu\u00e9 elegir la pasarela de pago Razorpay para Gravity Forms:<\/strong><\/h3>\n<ul>\n<li><strong>Pagos sin interrupciones:<\/strong> agilice el proceso de pago dentro de sus formularios, brindando una experiencia de pago sin esfuerzo.<\/li>\n<li><strong>Seguridad de alto nivel:<\/strong> Conf\u00ede en las funciones de seguridad avanzadas de Razorpay para proteger las transacciones de pago, garantizando la confidencialidad de los datos del usuario.<\/li>\n<li><strong>Diversidad de pagos:<\/strong> acepte varios m\u00e9todos de pago, como tarjetas de cr\u00e9dito\/d\u00e9bito, pagos por Internet y billeteras m\u00f3viles, para llegar a una amplia base de usuarios.&lt;\/li &gt;<\/li>\n<li><strong>Soporte de pago global:<\/strong> ampl\u00ede su alcance a usuarios internacionales facilitando pagos en m\u00faltiples monedas.<\/li>\n<li><strong>Informes completos:<\/strong> mant\u00e9ngase organizado con informes detallados, tome decisiones informadas y realice un seguimiento de los pagos en l\u00ednea.<\/li>\n<\/ul>\n<p><strong>Acerca de Razorpay:<\/strong> Razorpay es una pasarela de pagos en l\u00ednea l\u00edder en la India, reconocida por su enfoque innovador para los pagos en l\u00ednea. La plataforma f\u00e1cil de usar garantiza una experiencia de pago segura y sin complicaciones tanto para las empresas como para los usuarios.<\/p>\n<p><strong>Requisitos:<\/strong> Para comenzar con la pasarela de pago Razorpay para Gravity Forms, siga estos pasos:<\/p>\n<ol>\n<li><strong><a href=\"https:\/\/razorpay.com\/\" target=\"_new\" rel=\"noopener\">Reg\u00edstrese para obtener una cuenta de prueba\/sandbox de Razorpay<\/a><\/strong>: Iniciar creando una cuenta de prueba de Razorpay para experimentar pagos controlados.<\/li>\n<li><strong>Liquidaci\u00f3n de transacciones de prueba<\/strong>: aprenda el proceso de liquidaci\u00f3n de transacciones de prueba, allanando el camino para pagos reales.<\/li>\n<li>Complemento de formularios de gravedad<\/li>\n<\/ol>\n<p>No pierda la oportunidad de mejorar sus formularios en l\u00ednea con opciones de pago seguro. Lleve sus formularios al siguiente nivel con Razorpay Payment Gateway para Gravity Forms. Agiliza el proceso de pago, inspira confianza al usuario y mejora el \u00e9xito de los env\u00edos de formularios en l\u00ednea. Comience ahora y descubra los beneficios de los pagos en l\u00ednea sin complicaciones.<\/p>\n<p>\u00bfListo para mejorar sus formularios en l\u00ednea? Descargue la pasarela de pago Razorpay para Gravity Forms y comience a aceptar pagos con confianza.<\/p>\n<div class=\"cl-preview-section\">\n<h4 id=\"disclaimer\">Descargo de responsabilidad<\/h4>\n<\/div>\n<div class=\"cl-preview-section\">\n<p>Todas las transacciones se procesan de forma segura en la plataforma RazorPay, lo que garantiza los m\u00e1s altos niveles de seguridad y cumplimiento.<\/p>\n<\/div>\n","protected":false},"excerpt":{"rendered":"<p>Integrate Razorpay Gateway for Gravity Forms<\/p>\n","protected":false},"featured_media":2095,"comment_status":"open","ping_status":"closed","template":"","meta":{"_acf_changed":false},"product_cat":[50],"product_tag":[179],"class_list":{"0":"post-2094","1":"product","2":"type-product","3":"status-publish","4":"has-post-thumbnail","6":"product_cat-gravity-forms","7":"product_tag-razorpay","9":"first","10":"instock","11":"shipping-taxable","12":"purchasable","13":"product-type-simple"},"acf":[],"_links":{"self":[{"href":"https:\/\/wpayo.com\/es\/wp-json\/wp\/v2\/product\/2094","targetHints":{"allow":["GET"]}}],"collection":[{"href":"https:\/\/wpayo.com\/es\/wp-json\/wp\/v2\/product"}],"about":[{"href":"https:\/\/wpayo.com\/es\/wp-json\/wp\/v2\/types\/product"}],"replies":[{"embeddable":true,"href":"https:\/\/wpayo.com\/es\/wp-json\/wp\/v2\/comments?post=2094"}],"wp:featuredmedia":[{"embeddable":true,"href":"https:\/\/wpayo.com\/es\/wp-json\/wp\/v2\/media\/2095"}],"wp:attachment":[{"href":"https:\/\/wpayo.com\/es\/wp-json\/wp\/v2\/media?parent=2094"}],"wp:term":[{"taxonomy":"product_cat","embeddable":true,"href":"https:\/\/wpayo.com\/es\/wp-json\/wp\/v2\/product_cat?post=2094"},{"taxonomy":"product_tag","embeddable":true,"href":"https:\/\/wpayo.com\/es\/wp-json\/wp\/v2\/product_tag?post=2094"}],"curies":[{"name":"wp","href":"https:\/\/api.w.org\/{rel}","templated":true}]}}