{"id":2097,"date":"2024-01-17T13:18:13","date_gmt":"2024-01-17T13:18:13","guid":{"rendered":"https:\/\/wpayo.com\/es\/?post_type=product&#038;p=2097"},"modified":"2024-01-17T13:18:14","modified_gmt":"2024-01-17T13:18:14","slug":"razorpay-payment-gateway-givewp","status":"publish","type":"product","link":"https:\/\/wpayo.com\/es\/paga-gateway\/razorpay-payment-gateway-givewp\/","title":{"rendered":"Razorpay payment gateway &#8211; GiveWP"},"content":{"rendered":"<p>Aumente su recaudaci\u00f3n de fondos en l\u00ednea con la <strong>pasarela de pago Razorpay para GiveWP<\/strong>. Esta extensi\u00f3n esencial combina a la perfecci\u00f3n el poder de Razorpay, una pasarela de pago confiable e innovadora, con su sistema de donaci\u00f3n, lo que facilita que sus seguidores contribuyan de forma segura.<\/p>\n<h3><strong>Por qu\u00e9 la pasarela de pago Razorpay para GiveWP es esencial:<\/strong><\/h3>\n<ul>\n<li><strong>Donaciones simplificadas:<\/strong> agilice el proceso de donaci\u00f3n y brinde una experiencia perfecta a sus seguidores.<\/li>\n<li><strong>Seguridad de alto nivel:<\/strong> Conf\u00ede en las funciones de seguridad avanzadas de Razorpay, que protegen todas las transacciones de donaci\u00f3n y garantizan la confidencialidad de los datos confidenciales de los seguidores.<\/li>\n<li><strong>Diversidad de opciones de pago:<\/strong> acepte una amplia gama de m\u00e9todos de pago, desde tarjetas de cr\u00e9dito\/d\u00e9bito hasta pagos por Internet y billeteras m\u00f3viles, para llegar a una amplia base de seguidores.<\/li >\n<li><strong>Donaciones globales:<\/strong> ampl\u00ede su alcance internacional aceptando pagos en m\u00faltiples monedas, brindando comodidad a sus seguidores en todo el mundo.<\/li>\n<li><strong>Informaci\u00f3n completa:<\/strong> mant\u00e9ngase organizado y tome decisiones informadas con herramientas de informes integrales que lo ayudar\u00e1n a realizar un seguimiento de sus esfuerzos de recaudaci\u00f3n de fondos.<\/li>\n<\/ul>\n<p><strong>Descripci\u00f3n general de Razorpay:<\/strong> Razorpay es una pasarela de pagos en l\u00ednea l\u00edder en la India, famosa por su enfoque innovador para los pagos en l\u00ednea. Su plataforma f\u00e1cil de usar est\u00e1 dise\u00f1ada para brindar una experiencia de pago segura y sin complicaciones tanto para las organizaciones sin fines de lucro como para sus patrocinadores.<\/p>\n<p><strong>C\u00f3mo comenzar:<\/strong> Para comenzar a utilizar la pasarela de pago Razorpay para GiveWP, siga estos pasos:<\/p>\n<ol>\n<li><strong><a href=\"https:\/\/razorpay.com\/\" target=\"_new\" rel=\"noopener\">Crear una cuenta de prueba\/zona de pruebas de Razorpay<\/a><\/strong>: comience con configure una cuenta de prueba de Razorpay, lo que le permitir\u00e1 experimentar con pagos en un entorno controlado.<\/li>\n<li><strong>Liquidar transacciones de prueba<\/strong>: aprenda a liquidar transacciones de prueba y comprenda el proceso para donaciones reales.<\/li>\n<li>Complemento GiveWP<\/li>\n<\/ol>\n<p>No pierda la oportunidad de mejorar sus esfuerzos de recaudaci\u00f3n de fondos. Lleve sus donaciones en l\u00ednea al siguiente nivel con Razorpay Payment Gateway para GiveWP. Agiliza el proceso de donaci\u00f3n, inspira confianza a los seguidores y amplifica el \u00e9xito de sus campa\u00f1as de recaudaci\u00f3n de fondos. Comience ahora y descubra los beneficios de realizar donaciones en l\u00ednea sin complicaciones.<\/p>\n<p>\u00bfListo para elevar sus esfuerzos de recaudaci\u00f3n de fondos? Descargue la pasarela de pago Razorpay para GiveWP y comience a aceptar donaciones con confianza.<\/p>\n<div class=\"cl-preview-section\">\n<h4 id=\"disclaimer\">Descargo de responsabilidad<\/h4>\n<\/div>\n<div class=\"cl-preview-section\">\n<p>Todas las transacciones se procesan de forma segura en la plataforma RazorPay, lo que garantiza los m\u00e1s altos niveles de seguridad y cumplimiento.<\/p>\n<\/div>\n","protected":false},"excerpt":{"rendered":"<p>Integrate Razorpay Gateway for GiveWP<\/p>\n","protected":false},"featured_media":2098,"comment_status":"open","ping_status":"closed","template":"","meta":{"_acf_changed":false},"product_cat":[87],"product_tag":[179],"class_list":{"0":"post-2097","1":"product","2":"type-product","3":"status-publish","4":"has-post-thumbnail","6":"product_cat-wpgive","7":"product_tag-razorpay","9":"first","10":"instock","11":"shipping-taxable","12":"purchasable","13":"product-type-simple"},"acf":[],"_links":{"self":[{"href":"https:\/\/wpayo.com\/es\/wp-json\/wp\/v2\/product\/2097","targetHints":{"allow":["GET"]}}],"collection":[{"href":"https:\/\/wpayo.com\/es\/wp-json\/wp\/v2\/product"}],"about":[{"href":"https:\/\/wpayo.com\/es\/wp-json\/wp\/v2\/types\/product"}],"replies":[{"embeddable":true,"href":"https:\/\/wpayo.com\/es\/wp-json\/wp\/v2\/comments?post=2097"}],"wp:featuredmedia":[{"embeddable":true,"href":"https:\/\/wpayo.com\/es\/wp-json\/wp\/v2\/media\/2098"}],"wp:attachment":[{"href":"https:\/\/wpayo.com\/es\/wp-json\/wp\/v2\/media?parent=2097"}],"wp:term":[{"taxonomy":"product_cat","embeddable":true,"href":"https:\/\/wpayo.com\/es\/wp-json\/wp\/v2\/product_cat?post=2097"},{"taxonomy":"product_tag","embeddable":true,"href":"https:\/\/wpayo.com\/es\/wp-json\/wp\/v2\/product_tag?post=2097"}],"curies":[{"name":"wp","href":"https:\/\/api.w.org\/{rel}","templated":true}]}}