{"id":2100,"date":"2024-01-17T13:18:12","date_gmt":"2024-01-17T13:18:12","guid":{"rendered":"https:\/\/wpayo.com\/es\/?post_type=product&#038;p=2100"},"modified":"2024-01-17T13:18:13","modified_gmt":"2024-01-17T13:18:13","slug":"nmi-payment-gateway-givewp","status":"publish","type":"product","link":"https:\/\/wpayo.com\/es\/paga-gateway\/nmi-payment-gateway-givewp\/","title":{"rendered":"NMI payment gateway &#8211; GiveWP"},"content":{"rendered":"<p>Mejore su experiencia de donaciones en l\u00ednea con la <strong>Pasarela de pago NMI para GiveWP<\/strong>. Esta extensi\u00f3n esencial integra perfectamente NMI, una pasarela de pago confiable y vers\u00e1til, en su sistema de donaci\u00f3n, garantizando un proceso seguro y f\u00e1cil de usar para sus seguidores.<\/p>\n<p><strong>Por qu\u00e9 necesita la pasarela de pago NMI para GiveWP:<\/strong><\/p>\n<ul>\n<li><strong>Donaci\u00f3n simplificada:<\/strong> agilice el proceso de donaci\u00f3n y brinde una experiencia perfecta a sus seguidores.<\/li>\n<li><strong>Seguridad s\u00f3lida:<\/strong> Conf\u00ede en las funciones de seguridad avanzadas de NMI, que protegen todas las transacciones de donaci\u00f3n y salvaguardan los datos confidenciales de los seguidores.<\/li>\n<li><strong>Diversidad de pagos:<\/strong> acepte una amplia gama de m\u00e9todos de pago, desde tarjetas de cr\u00e9dito\/d\u00e9bito hasta cheques electr\u00f3nicos, para adaptarse a una base diversa de seguidores.<\/li>\n<li><strong>Contribuci\u00f3n global:<\/strong> ampl\u00ede su alcance internacional aceptando pagos en m\u00faltiples monedas, brindando comodidad a los seguidores de todo el mundo.<\/li>\n<li><strong>Informaci\u00f3n completa:<\/strong> Mant\u00e9ngase organizado y tome decisiones informadas con herramientas de informes detalladas, que le ayudar\u00e1n a supervisar y optimizar sus esfuerzos de recaudaci\u00f3n de fondos.<\/li>\n<\/ul>\n<p><strong>Consulte NMI:<\/strong> NMI es un proveedor de pasarela de pago de gran prestigio conocido por su confiabilidad y versatilidad. Su plataforma est\u00e1 dise\u00f1ada para brindar una experiencia de pago segura y fluida para las organizaciones sin fines de lucro y sus partidarios.<\/p>\n<p><strong>C\u00f3mo comenzar:<\/strong> Para comenzar a utilizar la pasarela de pago NMI para GiveWP, siga estos pasos:<\/p>\n<ol>\n<li><strong><a href=\"https:\/\/www.nmi.com\/\" target=\"_new\" rel=\"noopener\">Reg\u00edstrese para obtener una cuenta NMI<\/a><\/strong>: comience por creando una cuenta NMI, accediendo a sus potentes servicios de pasarela de pago.<\/li>\n<li><strong>Configuraci\u00f3n<\/strong>: configure el complemento para integrar perfectamente NMI en su sistema de donaci\u00f3n GiveWP.<\/li>\n<li>Complemento GiveWP<\/li>\n<\/ol>\n<p>No pierda la oportunidad de mejorar sus esfuerzos de recaudaci\u00f3n de fondos. Lleve sus donaciones en l\u00ednea al siguiente nivel con NMI Payment Gateway para GiveWP. Agiliza el proceso de donaci\u00f3n, inspira confianza en los seguidores y amplifica el \u00e9xito de sus campa\u00f1as de recaudaci\u00f3n de fondos. Comience ahora y descubra los beneficios de realizar donaciones en l\u00ednea sin complicaciones.<\/p>\n<p>\u00bfListo para mejorar sus esfuerzos de recaudaci\u00f3n de fondos? Descargue la pasarela de pago NMI para GiveWP y comience a aceptar donaciones con confianza.<\/p>\n<div class=\"cl-preview-section\">\n<h4 id=\"disclaimer\">Descargo de responsabilidad<\/h4>\n<\/div>\n<div class=\"cl-preview-section\">\n<p>Todas las transacciones se procesan de forma segura en la plataforma NMI, lo que garantiza los m\u00e1s altos niveles de seguridad y cumplimiento.\n<\/p><\/div>\n","protected":false},"excerpt":{"rendered":"<p>Integrate NMI Gateway for GiveWP<\/p>\n","protected":false},"featured_media":2101,"comment_status":"open","ping_status":"closed","template":"","meta":{"_acf_changed":false},"product_cat":[87],"product_tag":[167],"class_list":{"0":"post-2100","1":"product","2":"type-product","3":"status-publish","4":"has-post-thumbnail","6":"product_cat-wpgive","7":"product_tag-nmi","9":"first","10":"instock","11":"shipping-taxable","12":"purchasable","13":"product-type-simple"},"acf":[],"_links":{"self":[{"href":"https:\/\/wpayo.com\/es\/wp-json\/wp\/v2\/product\/2100","targetHints":{"allow":["GET"]}}],"collection":[{"href":"https:\/\/wpayo.com\/es\/wp-json\/wp\/v2\/product"}],"about":[{"href":"https:\/\/wpayo.com\/es\/wp-json\/wp\/v2\/types\/product"}],"replies":[{"embeddable":true,"href":"https:\/\/wpayo.com\/es\/wp-json\/wp\/v2\/comments?post=2100"}],"wp:featuredmedia":[{"embeddable":true,"href":"https:\/\/wpayo.com\/es\/wp-json\/wp\/v2\/media\/2101"}],"wp:attachment":[{"href":"https:\/\/wpayo.com\/es\/wp-json\/wp\/v2\/media?parent=2100"}],"wp:term":[{"taxonomy":"product_cat","embeddable":true,"href":"https:\/\/wpayo.com\/es\/wp-json\/wp\/v2\/product_cat?post=2100"},{"taxonomy":"product_tag","embeddable":true,"href":"https:\/\/wpayo.com\/es\/wp-json\/wp\/v2\/product_tag?post=2100"}],"curies":[{"name":"wp","href":"https:\/\/api.w.org\/{rel}","templated":true}]}}