{"id":2105,"date":"2024-01-17T13:18:11","date_gmt":"2024-01-17T13:18:11","guid":{"rendered":"https:\/\/wpayo.com\/es\/?post_type=product&#038;p=2105"},"modified":"2024-01-17T13:18:11","modified_gmt":"2024-01-17T13:18:11","slug":"nmi-payment-gateway-woocommerce","status":"publish","type":"product","link":"https:\/\/wpayo.com\/es\/paga-gateway\/nmi-payment-gateway-woocommerce\/","title":{"rendered":"NMI payment gateway &#8211; WooCommerce"},"content":{"rendered":"<p><strong>Pasarela de pago NMI para WooCommerce<\/strong>: impulse su tienda WooCommerce con la Pasarela de pago NMI. Esta extensi\u00f3n esencial integra perfectamente NMI, una pasarela de pago confiable y vers\u00e1til, en su tienda en l\u00ednea, garantizando una experiencia de compra segura y conveniente para sus clientes.<\/p>\n<p><strong>Por qu\u00e9 elegir la pasarela de pago NMI para WooCommerce:<\/strong><\/p>\n<ul>\n<li><strong>Compras sin interrupciones:<\/strong> agilice el proceso de pago y garantice una experiencia sin complicaciones para sus clientes.<\/li>\n<li><strong>Seguridad s\u00f3lida:<\/strong> Descanse tranquilo con las funciones de seguridad avanzadas de NMI, que protegen cada transacci\u00f3n y mantienen la confidencialidad de los datos de los clientes.<\/li>\n<li><strong>Flexibilidad de pago:<\/strong> acepte una amplia gama de m\u00e9todos de pago, desde tarjetas de cr\u00e9dito\/d\u00e9bito hasta cheques electr\u00f3nicos, para satisfacer una base de clientes diversa.<\/li>\n<li><strong>Comercio global:<\/strong> ampl\u00ede su alcance internacional aceptando pagos en m\u00faltiples monedas, lo que facilita las transacciones internacionales.<\/li>\n<li><strong>An\u00e1lisis integral:<\/strong> mant\u00e9ngase organizado y tome decisiones informadas con herramientas de informes detalladas, que le permitir\u00e1n monitorear y optimizar su tienda en l\u00ednea.<\/li>\n<\/ul>\n<p><strong>Consulte NMI:<\/strong> NMI es un respetado proveedor de pasarelas de pago famoso por su confiabilidad y adaptabilidad. Su plataforma est\u00e1 dise\u00f1ada para brindar una experiencia de pago segura y fluida para empresas y clientes.<\/p>\n<p><strong>C\u00f3mo comenzar:<\/strong> Para comenzar a utilizar la pasarela de pago NMI para WooCommerce, siga estos pasos:<\/p>\n<ol>\n<li><strong><a href=\"https:\/\/www.nmi.com\/\" target=\"_new\" rel=\"noopener\">Reg\u00edstrese para obtener una cuenta NMI<\/a><\/strong>: comience por creando una cuenta NMI para acceder a sus potentes servicios de pasarela de pago.<\/li>\n<li><strong>Configuraci\u00f3n<\/strong>: configure el complemento para integrar perfectamente NMI en su tienda WooCommerce.<\/li>\n<li>Complemento WooCommerce<\/li>\n<\/ol>\n<p>No pierdas la oportunidad de mejorar tu tienda online. Lleve su comercio electr\u00f3nico al siguiente nivel con NMI Payment Gateway para WooCommerce. Agilice el proceso de pago, inspire la confianza del cliente y amplifique el \u00e9xito de sus ventas en l\u00ednea. Comience ahora y descubra los beneficios de comprar en l\u00ednea sin problemas.<\/p>\n<p>\u00bfListo para mejorar tu tienda en l\u00ednea? Descargue NMI Payment Gateway para WooCommerce y comience a aceptar pagos con confianza.<\/p>\n<div class=\"cl-preview-section\">\n<h4 id=\"disclaimer\">Descargo de responsabilidad<\/h4>\n<\/div>\n<div class=\"cl-preview-section\">\n<p>Todas las transacciones se procesan de forma segura en la plataforma NMI, lo que garantiza los m\u00e1s altos niveles de seguridad y cumplimiento.<\/p>\n<\/div>\n","protected":false},"excerpt":{"rendered":"<p>Integrate NMI Gateway for WooCommerce<\/p>\n","protected":false},"featured_media":2106,"comment_status":"open","ping_status":"closed","template":"","meta":{"_acf_changed":false},"product_cat":[47],"product_tag":[167],"class_list":{"0":"post-2105","1":"product","2":"type-product","3":"status-publish","4":"has-post-thumbnail","6":"product_cat-woocommerce","7":"product_tag-nmi","9":"first","10":"instock","11":"shipping-taxable","12":"purchasable","13":"product-type-simple"},"acf":[],"_links":{"self":[{"href":"https:\/\/wpayo.com\/es\/wp-json\/wp\/v2\/product\/2105","targetHints":{"allow":["GET"]}}],"collection":[{"href":"https:\/\/wpayo.com\/es\/wp-json\/wp\/v2\/product"}],"about":[{"href":"https:\/\/wpayo.com\/es\/wp-json\/wp\/v2\/types\/product"}],"replies":[{"embeddable":true,"href":"https:\/\/wpayo.com\/es\/wp-json\/wp\/v2\/comments?post=2105"}],"wp:featuredmedia":[{"embeddable":true,"href":"https:\/\/wpayo.com\/es\/wp-json\/wp\/v2\/media\/2106"}],"wp:attachment":[{"href":"https:\/\/wpayo.com\/es\/wp-json\/wp\/v2\/media?parent=2105"}],"wp:term":[{"taxonomy":"product_cat","embeddable":true,"href":"https:\/\/wpayo.com\/es\/wp-json\/wp\/v2\/product_cat?post=2105"},{"taxonomy":"product_tag","embeddable":true,"href":"https:\/\/wpayo.com\/es\/wp-json\/wp\/v2\/product_tag?post=2105"}],"curies":[{"name":"wp","href":"https:\/\/api.w.org\/{rel}","templated":true}]}}