{"id":2107,"date":"2024-01-17T13:18:10","date_gmt":"2024-01-17T13:18:10","guid":{"rendered":"https:\/\/wpayo.com\/es\/?post_type=product&#038;p=2107"},"modified":"2024-01-17T13:18:11","modified_gmt":"2024-01-17T13:18:11","slug":"nmi-payment-gateway-ninjaforms","status":"publish","type":"product","link":"https:\/\/wpayo.com\/es\/paga-gateway\/nmi-payment-gateway-ninjaforms\/","title":{"rendered":"NMI payment gateway &#8211; NinjaForms"},"content":{"rendered":"<p><strong>Modernice sus formularios con NMI Payment Gateway para Ninja Forms.<\/strong> Esta extensi\u00f3n esencial integra perfectamente NMI, una pasarela de pago confiable y vers\u00e1til, en sus env\u00edos de formularios, lo que facilita pagos seguros para sus usuarios al enviar formularios.<\/p>\n<p><strong>Por qu\u00e9 elegir la pasarela de pago NMI para Ninja Forms:<\/strong><\/p>\n<ul>\n<li><strong>Pagos sin interrupciones:<\/strong> simplifique el proceso de pago dentro de sus formularios, brindando una experiencia de pago sin interrupciones para sus usuarios.<\/li>\n<li><strong>Seguridad avanzada:<\/strong>Conf\u00ede en las funciones de seguridad avanzadas de NMI para proteger todas las transacciones de pago, garantizando la confidencialidad de los datos confidenciales del usuario.<\/li>\n<li><strong>Versatilidad de pago:<\/strong> acepte una variedad de m\u00e9todos de pago, desde tarjetas de cr\u00e9dito\/d\u00e9bito hasta cheques electr\u00f3nicos, para satisfacer una base de usuarios diversa.<\/li>\n<li><strong>Soporte de pago global:<\/strong> ampl\u00ede su alcance internacional ofreciendo pagos en m\u00faltiples monedas, lo que facilita las transacciones internacionales.<\/li>\n<li><strong>An\u00e1lisis completos:<\/strong> Mant\u00e9ngase organizado y tome decisiones informadas con funciones de informes detallados que le permiten realizar un seguimiento de sus pagos en l\u00ednea.<\/li>\n<\/ul>\n<p><strong>Consulte NMI:<\/strong> NMI es un proveedor de pasarela de pago respetado conocido por su confiabilidad y adaptabilidad. Su plataforma est\u00e1 dise\u00f1ada para brindar una experiencia de pago segura y fluida para empresas y usuarios.<\/p>\n<p><strong>C\u00f3mo comenzar:<\/strong> Para comenzar a utilizar NMI Payment Gateway para Ninja Forms, siga estos pasos:<\/p>\n<ol>\n<li><strong><a href=\"https:\/\/www.nmi.com\/\" target=\"_new\" rel=\"noopener\">Reg\u00edstrese para obtener una cuenta NMI<\/a><\/strong>: comience por creando una cuenta NMI para acceder a sus potentes servicios de pasarela de pago.<\/li>\n<li><strong>Configuraci\u00f3n<\/strong>: configure el complemento para integrar perfectamente NMI en su sistema Ninja Forms.<\/li>\n<li>Complemento de formularios Ninja<\/li>\n<\/ol>\n<p>No pierda la oportunidad de mejorar los env\u00edos de formularios con opciones de pago seguras. Lleve sus formularios al siguiente nivel con NMI Payment Gateway para Ninja Forms. Agilice el proceso de pago, inspire la confianza de los usuarios y amplifique el \u00e9xito de sus formularios en l\u00ednea. Comience ahora y descubra los beneficios de los pagos en l\u00ednea sin complicaciones.<\/p>\n<p>\u00bfListo para mejorar los env\u00edos de formularios? Descargue NMI Payment Gateway para Ninja Forms y comience a aceptar pagos con confianza.<\/p>\n<div class=\"cl-preview-section\">\n<h4 id=\"disclaimer\">Descargo de responsabilidad<\/h4>\n<\/div>\n<div class=\"cl-preview-section\">\n<p>Todas las transacciones se procesan de forma segura en la plataforma NMI, lo que garantiza los m\u00e1s altos niveles de seguridad y cumplimiento.\n<\/p><\/div>\n","protected":false},"excerpt":{"rendered":"<p>Integrate NMI Gateway for NinjaForms<\/p>\n","protected":false},"featured_media":2108,"comment_status":"open","ping_status":"closed","template":"","meta":{"_acf_changed":false},"product_cat":[52],"product_tag":[167],"class_list":{"0":"post-2107","1":"product","2":"type-product","3":"status-publish","4":"has-post-thumbnail","6":"product_cat-ninja-forms","7":"product_tag-nmi","9":"first","10":"instock","11":"shipping-taxable","12":"purchasable","13":"product-type-simple"},"acf":[],"_links":{"self":[{"href":"https:\/\/wpayo.com\/es\/wp-json\/wp\/v2\/product\/2107","targetHints":{"allow":["GET"]}}],"collection":[{"href":"https:\/\/wpayo.com\/es\/wp-json\/wp\/v2\/product"}],"about":[{"href":"https:\/\/wpayo.com\/es\/wp-json\/wp\/v2\/types\/product"}],"replies":[{"embeddable":true,"href":"https:\/\/wpayo.com\/es\/wp-json\/wp\/v2\/comments?post=2107"}],"wp:featuredmedia":[{"embeddable":true,"href":"https:\/\/wpayo.com\/es\/wp-json\/wp\/v2\/media\/2108"}],"wp:attachment":[{"href":"https:\/\/wpayo.com\/es\/wp-json\/wp\/v2\/media?parent=2107"}],"wp:term":[{"taxonomy":"product_cat","embeddable":true,"href":"https:\/\/wpayo.com\/es\/wp-json\/wp\/v2\/product_cat?post=2107"},{"taxonomy":"product_tag","embeddable":true,"href":"https:\/\/wpayo.com\/es\/wp-json\/wp\/v2\/product_tag?post=2107"}],"curies":[{"name":"wp","href":"https:\/\/api.w.org\/{rel}","templated":true}]}}