{"id":2113,"date":"2024-01-17T13:18:25","date_gmt":"2024-01-17T13:18:25","guid":{"rendered":"https:\/\/wpayo.com\/es\/?post_type=product&#038;p=2113"},"modified":"2024-01-17T13:18:25","modified_gmt":"2024-01-17T13:18:25","slug":"nmi-payment-gateway-events-manager-pro","status":"publish","type":"product","link":"https:\/\/wpayo.com\/es\/paga-gateway\/nmi-payment-gateway-events-manager-pro\/","title":{"rendered":"NMI payment gateway &#8211; Events Manager Pro"},"content":{"rendered":"<p>Mejore su sistema de gesti\u00f3n de eventos con NMI Payment Gateway para Events Manager Pro. Esta extensi\u00f3n esencial integra perfectamente NMI, una pasarela de pago confiable y vers\u00e1til, en el proceso de pago y reserva de eventos, lo que facilita la seguridad de las entradas o registros de sus clientes.<\/p>\n<p><strong>Por qu\u00e9 elegir la pasarela de pago NMI para Events Manager Pro:<\/strong><\/p>\n<ul>\n<li><strong>Reservas de eventos sin problemas:<\/strong> simplifique el proceso de pago y reserva de eventos, brindando una experiencia fluida y sin complicaciones para sus clientes.<\/li>\n<li><strong>Seguridad s\u00f3lida:<\/strong> Cuente con las funciones de seguridad avanzadas de NMI para proteger todas las transacciones de pago, garantizando la confidencialidad de los datos confidenciales de los clientes.<\/li>\n<li><strong>Diversidad de pagos:<\/strong> acepte una variedad de m\u00e9todos de pago, desde tarjetas de cr\u00e9dito\/d\u00e9bito hasta cheques electr\u00f3nicos, para atender a una base de clientes diversa.<\/li>\n<li><strong>Soporte global para eventos:<\/strong> ampl\u00ede su alcance internacional aceptando pagos en m\u00faltiples monedas, lo que facilita la asistencia de invitados de todo el mundo.<\/li>\n<li><strong>An\u00e1lisis detallados:<\/strong> mant\u00e9ngase organizado y tome decisiones informadas con herramientas de informes integrales que lo ayudar\u00e1n a realizar un seguimiento de los ingresos y la asistencia a sus eventos.<\/li>\n<\/ul>\n<p><strong>Introducci\u00f3n a NMI:<\/strong> NMI es un proveedor de pasarela de pago respetado conocido por su confiabilidad y adaptabilidad. Su plataforma est\u00e1 dise\u00f1ada para brindar una experiencia de pago segura y fluida tanto para los organizadores como para los asistentes al evento.<\/p>\n<p><strong>C\u00f3mo comenzar:<\/strong> Para comenzar a utilizar NMI Payment Gateway para Events Manager Pro, siga estos pasos:<\/p>\n<ol>\n<li><strong><a href=\"https:\/\/www.nmi.com\/\" target=\"_new\" rel=\"noopener\">Reg\u00edstrese para obtener una cuenta NMI<\/a><\/strong>: comience creando una cuenta NMI para acceder a sus s\u00f3lidos servicios de pasarela de pago.<\/li>\n<li><strong>Configuraci\u00f3n<\/strong>: configure la extensi\u00f3n para integrar perfectamente NMI en su sistema Events Manager Pro.<\/li>\n<li>Administrador de eventos Pro<\/li>\n<\/ol>\n<p>No pierdas la oportunidad de mejorar la gesti\u00f3n de tu evento. Lleve sus reservas de eventos al siguiente nivel con NMI Payment Gateway para Events Manager Pro. Simplifique el proceso de pago, inspire la confianza de los clientes y aumente el \u00e9xito de sus eventos. Comience ahora y descubra los beneficios de una gesti\u00f3n de eventos en l\u00ednea sin complicaciones.<\/p>\n<p>\u00bfListo para aumentar las reservas de tus eventos? Descargue NMI Payment Gateway para Events Manager Pro y comience a aceptar pagos con confianza.<\/p>\n<div class=\"cl-preview-section\">\n<h4 id=\"disclaimer\">Descargo de responsabilidad<\/h4>\n<\/div>\n<div class=\"cl-preview-section\">Todas las transacciones se procesan de forma segura en la plataforma NMI, lo que garantiza los m\u00e1s altos niveles de seguridad y cumplimiento.<\/div>\n","protected":false},"excerpt":{"rendered":"<p>Integrate\u00a0 NMI Gateway for Events Manager Pro<\/p>\n","protected":false},"featured_media":2114,"comment_status":"open","ping_status":"closed","template":"","meta":{"_acf_changed":false},"product_cat":[116],"product_tag":[167],"class_list":{"0":"post-2113","1":"product","2":"type-product","3":"status-publish","4":"has-post-thumbnail","6":"product_cat-events-manager-pro","7":"product_tag-nmi","9":"first","10":"instock","11":"shipping-taxable","12":"purchasable","13":"product-type-simple"},"acf":[],"_links":{"self":[{"href":"https:\/\/wpayo.com\/es\/wp-json\/wp\/v2\/product\/2113","targetHints":{"allow":["GET"]}}],"collection":[{"href":"https:\/\/wpayo.com\/es\/wp-json\/wp\/v2\/product"}],"about":[{"href":"https:\/\/wpayo.com\/es\/wp-json\/wp\/v2\/types\/product"}],"replies":[{"embeddable":true,"href":"https:\/\/wpayo.com\/es\/wp-json\/wp\/v2\/comments?post=2113"}],"wp:featuredmedia":[{"embeddable":true,"href":"https:\/\/wpayo.com\/es\/wp-json\/wp\/v2\/media\/2114"}],"wp:attachment":[{"href":"https:\/\/wpayo.com\/es\/wp-json\/wp\/v2\/media?parent=2113"}],"wp:term":[{"taxonomy":"product_cat","embeddable":true,"href":"https:\/\/wpayo.com\/es\/wp-json\/wp\/v2\/product_cat?post=2113"},{"taxonomy":"product_tag","embeddable":true,"href":"https:\/\/wpayo.com\/es\/wp-json\/wp\/v2\/product_tag?post=2113"}],"curies":[{"name":"wp","href":"https:\/\/api.w.org\/{rel}","templated":true}]}}