{"id":2115,"date":"2024-01-17T13:18:24","date_gmt":"2024-01-17T13:18:24","guid":{"rendered":"https:\/\/wpayo.com\/es\/?post_type=product&#038;p=2115"},"modified":"2024-01-17T13:18:24","modified_gmt":"2024-01-17T13:18:24","slug":"nmi-payment-gateway-learnpress","status":"publish","type":"product","link":"https:\/\/wpayo.com\/es\/paga-gateway\/nmi-payment-gateway-learnpress\/","title":{"rendered":"NMI payment gateway &#8211; LearnPress"},"content":{"rendered":"<p>NMI Payment Gateway para LearnPress es una soluci\u00f3n de procesamiento de pagos eficiente y segura para WordPress. Le permite aceptar pagos con tarjeta de cr\u00e9dito, tarjeta de d\u00e9bito, Apple Pay y otros m\u00e9todos de pago en l\u00ednea populares. Este complemento se integra perfectamente con la plataforma LearnPress. Con su interfaz f\u00e1cil de usar y funciones intuitivas, hace que el procesamiento de pagos sea m\u00e1s f\u00e1cil que nunca.<\/p>\n<h3>\u00bfQu\u00e9 es NMI?<\/h3>\n<p>NMI es una pasarela de pagos en l\u00ednea que brinda a las empresas una forma segura, sencilla y rentable de procesar pagos. Se integra con varias plataformas de comercio electr\u00f3nico populares, incluida LearnPress. Con NMI, las empresas pueden aceptar pagos de clientes en diferentes monedas y mediante m\u00faltiples m\u00e9todos de pago. La experiencia del cliente es fluida y segura, lo que permite completar transacciones de forma r\u00e1pida y sencilla.<\/p>\n<h3>Pasarela de pago NMI para LearnPress \u2013 Funciones<\/h3>\n<p>La pasarela de pago NMI para LearnPress ofrece una variedad de funciones que la convierten en una soluci\u00f3n ideal para empresas que buscan aceptar pagos de forma segura. \u00c9stas incluyen:<\/p>\n<p>     Acepte pagos con las principales tarjetas de cr\u00e9dito, tarjetas de d\u00e9bito, Apple Pay y otros m\u00e9todos de pago populares.<\/p>\n<p>     Soporte para m\u00faltiples monedas, incluidas USD, GBP, EUR y m\u00e1s<\/p>\n<p>     Autorizaci\u00f3n autom\u00e1tica de todas las transacciones.<\/p>\n<p>     Pagos seguros con herramientas de protecci\u00f3n contra fraudes l\u00edderes en la industria<\/p>\n<p>     Compatibilidad con plataformas de comercio electr\u00f3nico populares como WooCommerce, Magento, Shopify y m\u00e1s<\/p>\n<h3>Requisitos<\/h3>\n<ul>\n<li>Para utilizar la pasarela de pago de NMI para LearnPress, necesitar\u00e1 una cuenta activa de zona de pruebas de NMI.<\/li>\n<li>Puede registrarse para obtener una cuenta de prueba gratuita aqu\u00ed: <a href=\"https:\/\/www.nmi.com\/sandbox-accounts\/\" target=\"_blank\" rel=\"nofollow noopener\">https: \/\/ www.nmi.com\/sandbox-accounts\/<\/a>.<\/li>\n<li>Para utilizar el complemento, simplemente inst\u00e1lelo en su sitio de LearnPress y configure los ajustes seg\u00fan sea necesario.<\/li>\n<li>Luego podr\u00e1s empezar a aceptar pagos de clientes de forma r\u00e1pida y segura.<\/li>\n<\/ul>\n<p>NMI Payment Gateway para LearnPress es una soluci\u00f3n f\u00e1cil de usar que brinda a las empresas una experiencia de procesamiento de pagos segura. Admite m\u00faltiples monedas, ofrece herramientas de protecci\u00f3n contra fraudes y se integra con plataformas de comercio electr\u00f3nico populares como WooCommerce, Magento, Shopify y m\u00e1s. Con su interfaz y funciones intuitivas, simplifica la aceptaci\u00f3n r\u00e1pida y segura de los pagos de los clientes.<\/p>\n<p>NMI Payment Gateway para LearnPress est\u00e1 dise\u00f1ado para brindar a las empresas una soluci\u00f3n de procesamiento de pagos eficiente y segura. Es f\u00e1cil de configurar y usar, lo que permite a las empresas comenzar a aceptar pagos de clientes en minutos. El complemento tambi\u00e9n se integra perfectamente con plataformas de comercio electr\u00f3nico populares, lo que permite a los clientes realizar compras de forma r\u00e1pida y segura. Adem\u00e1s, el complemento admite m\u00faltiples monedas, lo que brinda a los clientes la opci\u00f3n de pagar con su m\u00e9todo preferido. Con NMI Payment Gateway para LearnPress, las empresas pueden aceptar pagos de forma segura y c\u00f3moda.<\/p>\n<p>\u00bfListo para aumentar las reservas de tus eventos? Descargue NMI Payment Gateway para Events Manager Pro y comience a aceptar pagos con confianza.<\/p>\n<div class=\"cl-preview-section\">\n<h4 id=\"disclaimer\">Descargo de responsabilidad<\/h4>\n<\/div>\n<div class=\"cl-preview-section\">\n     Todas las transacciones se procesan de forma segura en la plataforma NMI, lo que garantiza los m\u00e1s altos niveles de seguridad y cumplimiento.\n<\/div>\n","protected":false},"excerpt":{"rendered":"<p>Integrate\u00a0 NMI Gateway for LearnPress<\/p>\n","protected":false},"featured_media":2116,"comment_status":"open","ping_status":"closed","template":"","meta":{"_acf_changed":false},"product_cat":[94],"product_tag":[167],"class_list":{"0":"post-2115","1":"product","2":"type-product","3":"status-publish","4":"has-post-thumbnail","6":"product_cat-learnpress","7":"product_tag-nmi","9":"first","10":"instock","11":"shipping-taxable","12":"purchasable","13":"product-type-simple"},"acf":[],"_links":{"self":[{"href":"https:\/\/wpayo.com\/es\/wp-json\/wp\/v2\/product\/2115","targetHints":{"allow":["GET"]}}],"collection":[{"href":"https:\/\/wpayo.com\/es\/wp-json\/wp\/v2\/product"}],"about":[{"href":"https:\/\/wpayo.com\/es\/wp-json\/wp\/v2\/types\/product"}],"replies":[{"embeddable":true,"href":"https:\/\/wpayo.com\/es\/wp-json\/wp\/v2\/comments?post=2115"}],"wp:featuredmedia":[{"embeddable":true,"href":"https:\/\/wpayo.com\/es\/wp-json\/wp\/v2\/media\/2116"}],"wp:attachment":[{"href":"https:\/\/wpayo.com\/es\/wp-json\/wp\/v2\/media?parent=2115"}],"wp:term":[{"taxonomy":"product_cat","embeddable":true,"href":"https:\/\/wpayo.com\/es\/wp-json\/wp\/v2\/product_cat?post=2115"},{"taxonomy":"product_tag","embeddable":true,"href":"https:\/\/wpayo.com\/es\/wp-json\/wp\/v2\/product_tag?post=2115"}],"curies":[{"name":"wp","href":"https:\/\/api.w.org\/{rel}","templated":true}]}}