{"id":2119,"date":"2024-01-17T13:18:22","date_gmt":"2024-01-17T13:18:22","guid":{"rendered":"https:\/\/wpayo.com\/es\/?post_type=product&#038;p=2119"},"modified":"2024-01-17T13:18:23","modified_gmt":"2024-01-17T13:18:23","slug":"nmi-payment-gateway-bookly-pro","status":"publish","type":"product","link":"https:\/\/wpayo.com\/es\/paga-gateway\/nmi-payment-gateway-bookly-pro\/","title":{"rendered":"NMI payment gateway &#8211; Bookly Pro"},"content":{"rendered":"<p>Bookly Pro es un complemento de WordPress potente y f\u00e1cil de usar que simplifica la gesti\u00f3n de reservas y citas para empresas. Para facilitar a\u00fan m\u00e1s el proceso de aceptaci\u00f3n de pago, Bookly Pro ahora se integra con la pasarela de pago NMI. Esto permite a las empresas aceptar pagos de clientes mediante tarjeta de cr\u00e9dito, tarjeta de d\u00e9bito, Apple Pay y otros m\u00e9todos de pago populares. Adem\u00e1s, la pasarela de pago de NMI admite m\u00faltiples monedas para garantizar que los clientes puedan realizar pagos en la moneda de su elecci\u00f3n.<\/p>\n<h3>\u00bfQu\u00e9 es NMI?<\/h3>\n<p>NMI es una pasarela de pagos en l\u00ednea que brinda a las empresas una forma confiable y conveniente de procesar pagos. Se integra con varias plataformas de comercio electr\u00f3nico populares, incluido Bookly Pro. Con NMI, las empresas pueden aceptar pagos de clientes en diferentes monedas y mediante m\u00faltiples m\u00e9todos de pago. Los clientes se benefician de una experiencia de compra fluida y segura, lo que permite que las transacciones se completen r\u00e1pidamente.<\/p>\n<h3><strong>Por qu\u00e9 elegir la pasarela de pago NMI para Bookly Pro:<\/strong><\/h3>\n<ul>\n<li><strong>Reserva sin esfuerzo:<\/strong> simplifique el proceso de reserva y pago de citas, garantizando una experiencia fluida y c\u00f3moda para sus clientes.<\/li>\n<li><strong>Seguridad s\u00f3lida:<\/strong> Cuente con las funciones de seguridad l\u00edderes en la industria de NMI para proteger todas las transacciones de pago, garantizando la confidencialidad de los datos confidenciales de los clientes.<\/li>\n<li><strong>Versatilidad de pago:<\/strong> acepte una amplia gama de m\u00e9todos de pago, desde tarjetas de cr\u00e9dito\/d\u00e9bito hasta cheques electr\u00f3nicos, para atender a una base de clientes diversa.<\/li>\n<li><strong>Reservas globales:<\/strong> ampl\u00ede su alcance internacional aceptando pagos en varias monedas, lo que facilita las reservas para los clientes de todo el mundo.<\/li>\n<li><strong>Informes completos:<\/strong> mant\u00e9ngase organizado y tome decisiones informadas con herramientas de informes detalladas que le ayudar\u00e1n a realizar un seguimiento de los ingresos por citas.<\/li>\n<\/ul>\n<p><strong>C\u00f3mo empezar:<\/strong> Para empezar a utilizar la pasarela de pago NMI para Bookly Pro, siga estos pasos:<\/p>\n<ol>\n<li><strong><a href=\"https:\/\/www.nmi.com\/\" target=\"_new\" rel=\"noopener\">Reg\u00edstrese para obtener una cuenta NMI<\/a><\/strong>: comience creando una cuenta NMI para acceder a sus potentes servicios de pasarela de pago.<\/li>\n<li><strong>Configuraci\u00f3n<\/strong>: configure la extensi\u00f3n para integrar perfectamente NMI en su sistema de reservas Bookly Pro.<\/li>\n<li>Complemento Bookly Pro<\/li>\n<\/ol>\n<p>No pierdas la oportunidad de mejorar tu sistema de reservas. Lleve sus reservas de citas al siguiente nivel con la pasarela de pago NMI para Bookly Pro. Simplifique el proceso de pago, inspire la confianza del cliente y aumente el \u00e9xito de su plataforma de reservas. Comience ahora y descubra los beneficios de reservar en l\u00ednea sin problemas.<\/p>\n<div class=\"cl-preview-section\">\n<h4 id=\"disclaimer\">Descargo de responsabilidad<\/h4>\n<\/div>\n<div class=\"cl-preview-section\">Todas las transacciones se procesan de forma segura en la plataforma NMI, lo que garantiza los m\u00e1s altos niveles de seguridad y cumplimiento.<\/div>\n","protected":false},"excerpt":{"rendered":"<p>Integrate\u00a0 NMI Gateway for Bookly Pro<\/p>\n","protected":false},"featured_media":2120,"comment_status":"open","ping_status":"closed","template":"","meta":{"_acf_changed":false},"product_cat":[72,127],"product_tag":[167],"class_list":{"0":"post-2119","1":"product","2":"type-product","3":"status-publish","4":"has-post-thumbnail","6":"product_cat-bookly","7":"product_cat-bookly-pro","8":"product_tag-nmi","10":"first","11":"instock","12":"shipping-taxable","13":"purchasable","14":"product-type-simple"},"acf":[],"_links":{"self":[{"href":"https:\/\/wpayo.com\/es\/wp-json\/wp\/v2\/product\/2119","targetHints":{"allow":["GET"]}}],"collection":[{"href":"https:\/\/wpayo.com\/es\/wp-json\/wp\/v2\/product"}],"about":[{"href":"https:\/\/wpayo.com\/es\/wp-json\/wp\/v2\/types\/product"}],"replies":[{"embeddable":true,"href":"https:\/\/wpayo.com\/es\/wp-json\/wp\/v2\/comments?post=2119"}],"wp:featuredmedia":[{"embeddable":true,"href":"https:\/\/wpayo.com\/es\/wp-json\/wp\/v2\/media\/2120"}],"wp:attachment":[{"href":"https:\/\/wpayo.com\/es\/wp-json\/wp\/v2\/media?parent=2119"}],"wp:term":[{"taxonomy":"product_cat","embeddable":true,"href":"https:\/\/wpayo.com\/es\/wp-json\/wp\/v2\/product_cat?post=2119"},{"taxonomy":"product_tag","embeddable":true,"href":"https:\/\/wpayo.com\/es\/wp-json\/wp\/v2\/product_tag?post=2119"}],"curies":[{"name":"wp","href":"https:\/\/api.w.org\/{rel}","templated":true}]}}